{"id":4694,"date":"2020-06-16T02:41:41","date_gmt":"2020-06-16T00:41:41","guid":{"rendered":"https:\/\/mouthwash.eu\/sk\/?post_type=product&#038;p=4694"},"modified":"2025-11-11T08:05:50","modified_gmt":"2025-11-11T07:05:50","slug":"set-automaticky-davkovac-biely-2","status":"publish","type":"product","link":"https:\/\/mouthwash.eu\/sk\/shop\/set-automaticky-davkovac-biely-2\/","title":{"rendered":"SET &#8211; Automatick\u00fd d\u00e1vkova\u010d &#8211; biely"},"content":{"rendered":"[:sk][:]","protected":false},"excerpt":{"rendered":"<p><span>Automatick\u00fd d\u00e1vkova\u010d \u00fastnej vody je navrhnut\u00fd tak, aby pon\u00fakol poh\u00e1r \u00fastnej vody na vysokej hygienickej \u00farovni pre ka\u017ed\u00e9ho u\u017e\u00edvate\u013ea. Stla\u010den\u00edm tla\u010didla sa napln\u00ed v\u00e1\u0161 poh\u00e1r, \u010d\u00edm je jeho u\u017e\u00edvanie hygienick\u00e9 a bezprobl\u00e9mov\u00e9.<\/span><\/p>\n<p>Set pozost\u00e1va z d\u00e1vkova\u010da, 6 x 1500ml \u00fastnej vody a 600 poh\u00e1rmi.<\/p>\n","protected":false},"featured_media":4754,"template":"","meta":[],"class_list":["post-4694","product","type-product","status-publish","has-post-thumbnail","hentry","product_cat-davkovace"],"_links":{"self":[{"href":"https:\/\/mouthwash.eu\/sk\/wp-json\/wp\/v2\/product\/4694","targetHints":{"allow":["GET"]}}],"collection":[{"href":"https:\/\/mouthwash.eu\/sk\/wp-json\/wp\/v2\/product"}],"about":[{"href":"https:\/\/mouthwash.eu\/sk\/wp-json\/wp\/v2\/types\/product"}],"wp:featuredmedia":[{"embeddable":true,"href":"https:\/\/mouthwash.eu\/sk\/wp-json\/wp\/v2\/media\/4754"}],"wp:attachment":[{"href":"https:\/\/mouthwash.eu\/sk\/wp-json\/wp\/v2\/media?parent=4694"}],"curies":[{"name":"wp","href":"https:\/\/api.w.org\/{rel}","templated":true}]}}