{"id":4322,"date":"2020-03-19T20:32:56","date_gmt":"2020-03-19T19:32:56","guid":{"rendered":"https:\/\/mouthwash.bashastudio.sk\/sk\/?post_type=product&#038;p=4322"},"modified":"2025-11-11T08:12:54","modified_gmt":"2025-11-11T07:12:54","slug":"pohare","status":"publish","type":"product","link":"https:\/\/mouthwash.eu\/sk\/shop\/pohare\/","title":{"rendered":"Poh\u00e1re"},"content":{"rendered":"","protected":false},"excerpt":{"rendered":"<p><span>Extra Box 600 poh\u00e1rov (15ml). Doprava zadarmo s \u00fastnou vodou.<\/span><\/p>\n<p><span>Ka\u017ed\u00e9 balenie obsahuje 600 papierov\u00fdch poh\u00e1rov. V\u00fdhodnej\u0161ie je pre v\u00e1s cel\u00e9 balenie \u00fastnej vody s poh\u00e1rmi za 65 Eur bez DPH.<\/span><\/p>\n","protected":false},"featured_media":4604,"template":"","meta":[],"class_list":["post-4322","product","type-product","status-publish","has-post-thumbnail","hentry","product_cat-doplnky"],"_links":{"self":[{"href":"https:\/\/mouthwash.eu\/sk\/wp-json\/wp\/v2\/product\/4322","targetHints":{"allow":["GET"]}}],"collection":[{"href":"https:\/\/mouthwash.eu\/sk\/wp-json\/wp\/v2\/product"}],"about":[{"href":"https:\/\/mouthwash.eu\/sk\/wp-json\/wp\/v2\/types\/product"}],"wp:featuredmedia":[{"embeddable":true,"href":"https:\/\/mouthwash.eu\/sk\/wp-json\/wp\/v2\/media\/4604"}],"wp:attachment":[{"href":"https:\/\/mouthwash.eu\/sk\/wp-json\/wp\/v2\/media?parent=4322"}],"curies":[{"name":"wp","href":"https:\/\/api.w.org\/{rel}","templated":true}]}}