{"id":4319,"date":"2020-03-19T19:37:23","date_gmt":"2020-03-19T18:37:23","guid":{"rendered":"https:\/\/mouthwash.bashastudio.sk\/sk\/?post_type=product&#038;p=4319"},"modified":"2025-11-11T08:05:18","modified_gmt":"2025-11-11T07:05:18","slug":"ustna-voda-pohare","status":"publish","type":"product","link":"https:\/\/mouthwash.eu\/sk\/shop\/ustna-voda-pohare\/","title":{"rendered":"\u00dastna voda a poh\u00e1re"},"content":{"rendered":"<p><span>\u00dastna voda je na\u0161ou vlajkovou lo\u010fou a chu\u0165ou jedna z najlep\u0161\u00edch na trhu. Je ide\u00e1lna pre ka\u017ed\u00e9ho, komu z\u00e1le\u017e\u00ed na svie\u017eom dychu. Pri jej v\u00fdrobe sme kl\u00e1dli ve\u013ek\u00fd d\u00f4raz na vytvorenie chuti a ar\u00f3my, ktor\u00e1 sa ide\u00e1lne hod\u00ed do komer\u010dn\u00e9ho prostredia. Navrhli sme tak\u00fa \u00fastnu vodu, ktor\u00e1 osvie\u017ei v\u00e1\u0161 dych bez toho, aby bola pr\u00edli\u0161 siln\u00e1. Ar\u00f3ma vyu\u017e\u00edva kyselinu citr\u00f3nov\u00fa na ni\u010denie bakt\u00e9ri\u00ed, pri\u010dom je \u00faplne bez alkoholu a neobsahuje \u017eiadne akt\u00edvne zlo\u017eky. Navy\u0161e, \u00fastna voda chut\u00ed \u00fa\u017easne.<\/span><\/p>\n<p><span>Chu\u0165 je jemn\u00e9 m\u00e4tov\u00e1 a nedr\u00e1\u017edi. Zlo\u017eky pou\u017e\u00edvan\u00e9 v \u00fastnej vode s\u00fa voda, glycer\u00edn, poloxam\u00e9r 407, ar\u00f3ma, polysorb\u00e1t 80, sachar\u00edn sodn\u00fd, sod\u00edk, benzo\u00e1t, kyselina citr\u00f3nov\u00e1 a modr\u00e1.<\/span><\/p>\n<p><span>\u00dastna voda je obsahuje v\u0161etky zdravotn\u00e9 v\u00fdhody pou\u017e\u00edvania \u00fastnej vody, pri\u010dom \u00faplne minimalizuje riziko alergick\u00fdch reakci\u00ed.<\/span><\/p>\n<h3><span>\u00daspora pri pou\u017eit\u00ed<\/span><\/h3>\n<p><span>D\u00e1vkova\u010de \u00fastnej vody s\u00fa navrhnut\u00e9 tak, aby \u0161etrili \u017eivotn\u00e9 prostredie.\u00a0<\/span><\/p>\n<ol>\n<li><strong> Kontrolovan\u00e9 d\u00e1vkovanie<\/strong><\/li>\n<\/ol>\n<p><span>V automatickom d\u00e1vkova\u010di je presne nastaven\u00e9 mno\u017estvo \u00fastnej vody na jedno pou\u017eitie. <\/span><\/p>\n<ol start=\"2\">\n<li><strong> \u0160peci\u00e1lne poh\u00e1re<\/strong><\/li>\n<\/ol>\n<p><span>Poh\u00e1re s\u00fa vyroben\u00e9 v \u0161peci\u00e1lnej ve\u013ekosti na jedno pou\u017eitie. V\u0161etky poh\u00e1re s\u00fa ekologick\u00e9 z recyklovate\u013en\u00e9ho papiera.<\/span><\/p>\n<ol start=\"3\">\n<li><strong> Bez odpadu.<\/strong><\/li>\n<\/ol>\n<p><span>Automatick\u00e9 d\u00e1vkova\u010de eliminuj\u00fa ak\u00e9ko\u013evek straty sp\u00f4soben\u00e9 vyliat\u00edm \u00fastnej vody.\u00a0<\/span><\/p>\n","protected":false},"excerpt":{"rendered":"<blockquote><p><span>Zah\u0155\u0148a v\u0161etko, \u010do potrebujete do svojho d\u00e1vkova\u010da. Balenie obsahuje 6 x 1500ml \u00fastnej vody a 600ks poh\u00e1rov.<\/span><\/p><\/blockquote>\n<p>V cene je zahrnut\u00e1 doprava.<\/p>\n","protected":false},"featured_media":4603,"template":"","meta":[],"class_list":["post-4319","product","type-product","status-publish","has-post-thumbnail","hentry","product_cat-doplnky"],"_links":{"self":[{"href":"https:\/\/mouthwash.eu\/sk\/wp-json\/wp\/v2\/product\/4319","targetHints":{"allow":["GET"]}}],"collection":[{"href":"https:\/\/mouthwash.eu\/sk\/wp-json\/wp\/v2\/product"}],"about":[{"href":"https:\/\/mouthwash.eu\/sk\/wp-json\/wp\/v2\/types\/product"}],"wp:featuredmedia":[{"embeddable":true,"href":"https:\/\/mouthwash.eu\/sk\/wp-json\/wp\/v2\/media\/4603"}],"wp:attachment":[{"href":"https:\/\/mouthwash.eu\/sk\/wp-json\/wp\/v2\/media?parent=4319"}],"curies":[{"name":"wp","href":"https:\/\/api.w.org\/{rel}","templated":true}]}}