{"id":4317,"date":"2020-03-19T19:19:33","date_gmt":"2020-03-19T18:19:33","guid":{"rendered":"https:\/\/mouthwash.bashastudio.sk\/sk\/?post_type=product&#038;p=4317"},"modified":"2025-11-11T08:07:02","modified_gmt":"2025-11-11T07:07:02","slug":"set-automaticky-davkovac-biely","status":"publish","type":"product","link":"https:\/\/mouthwash.eu\/sk\/shop\/set-automaticky-davkovac-biely\/","title":{"rendered":"Automatick\u00fd d\u00e1vkova\u010d &#8211; biely"},"content":{"rendered":"[:sk][:]","protected":false},"excerpt":{"rendered":"<p><span>Automatick\u00fd d\u00e1vkova\u010d \u00fastnej vody je navrhnut\u00fd tak, aby pon\u00fakol poh\u00e1r \u00fastnej vody na vysokej hygienickej \u00farovni pre ka\u017ed\u00e9ho u\u017e\u00edvate\u013ea. Stla\u010den\u00edm tla\u010didla sa napln\u00ed v\u00e1\u0161 poh\u00e1r, \u010d\u00edm je jeho u\u017e\u00edvanie hygienick\u00e9 a bezprobl\u00e9mov\u00e9.<\/span><\/p>\n","protected":false},"featured_media":4755,"template":"","meta":[],"class_list":["post-4317","product","type-product","status-publish","has-post-thumbnail","hentry","product_cat-davkovace"],"_links":{"self":[{"href":"https:\/\/mouthwash.eu\/sk\/wp-json\/wp\/v2\/product\/4317","targetHints":{"allow":["GET"]}}],"collection":[{"href":"https:\/\/mouthwash.eu\/sk\/wp-json\/wp\/v2\/product"}],"about":[{"href":"https:\/\/mouthwash.eu\/sk\/wp-json\/wp\/v2\/types\/product"}],"wp:featuredmedia":[{"embeddable":true,"href":"https:\/\/mouthwash.eu\/sk\/wp-json\/wp\/v2\/media\/4755"}],"wp:attachment":[{"href":"https:\/\/mouthwash.eu\/sk\/wp-json\/wp\/v2\/media?parent=4317"}],"curies":[{"name":"wp","href":"https:\/\/api.w.org\/{rel}","templated":true}]}}