{"id":5088,"date":"2025-11-12T11:09:10","date_gmt":"2025-11-12T10:09:10","guid":{"rendered":"https:\/\/mouthwash.eu\/sk\/?page_id=5088"},"modified":"2025-11-19T13:07:35","modified_gmt":"2025-11-19T12:07:35","slug":"o-nas","status":"publish","type":"page","link":"https:\/\/mouthwash.eu\/sk\/","title":{"rendered":"O n\u00e1s"},"content":{"rendered":"\n    <section class=\"text-center space--xs\">\n        <div class=\"container\">\n            <div class=\"row\">\n                <div class=\"col-sm-10 col-md-8\">\n                    <h1>Pre\u010do <span class=\"inline-block typed-text typed-text--cursor color--primary\" data-typed-strings=\"sme za\u010dali?...,sme tu?...,rastieme?...\">sme za\u010dali?...<\/span><\/h1>\n                <\/div>\n            <\/div>\n            <!--end of row-->\n        <\/div>\n        <!--end of container-->\n    <\/section>\n    <section class=\"space--xs bg--primary\">\n        <div class=\"container\">\n            <div class=\"row\">\n                <div class=\"col-sm-6\">\n                    <h4 style=\"text-align: center;\" data-start=\"178\" data-end=\"494\">In\u0161pir\u00e1cia \u010dasto prich\u00e1dza v ne\u010dakan\u00fdch chv\u00ed\u013each. Po\u010das mojej cesty okolo sveta som v elegantnej re\u0161taur\u00e1cii narazil na d\u00e1vkova\u010d \u00fastnej vody. Jednoduch\u00fd n\u00e1pad, no s ve\u013ek\u00fdm efektom \u2013 okam\u017eit\u00fd pocit svie\u017eosti a komfortu. My\u0161lienka ma nadchla nato\u013eko, \u017ee som sa rozhodol prinies\u0165 tento koncept aj do Eur\u00f3py.<\/h4>\n                    <h4 style=\"text-align: center;\" data-start=\"496\" data-end=\"730\">V lete 2023 sa prv\u00e9 d\u00e1vkova\u010de objavili na vybran\u00fdch miestach na Slovensku. Postupne sme roz\u0161\u00edrili p\u00f4sobenie do \u010ceskej republiky, Ma\u010farska, Po\u013eska a na\u0161\u00edm cie\u013eom je, aby si pocit svie\u017eeho dychu mohli dopria\u0165 z\u00e1kazn\u00edci v celej Eur\u00f3pe.<\/h4>\n                    <h4 style=\"text-align: center;\" data-start=\"732\" data-end=\"943\">Na\u0161ou v\u00edziou je prin\u00e1\u0161a\u0165 mal\u00fd, ale d\u00f4le\u017eit\u00fd detail \u2013 <strong data-start=\"785\" data-end=\"824\">pohostinnos\u0165, \u010distotu a sebavedomie<\/strong>. D\u00e1vkova\u010d \u00fastnej vody je modern\u00fd doplnok, ktor\u00fd vylep\u0161\u00ed \u00farove\u0148 ka\u017edej prev\u00e1dzky, kancel\u00e1rie \u010di hotelov\u00e9ho priestoru.<\/h4>\n                    <h4 style=\"text-align: center;\">Nov\u00fd d\u00e1vkova\u010d vytvor\u00ed vo va\u0161ej spolo\u010dnosti nezabudnute\u013en\u00fa pohostinnos\u0165 va\u0161im z\u00e1kazn\u00edkom a partnerom. D\u00e1vkova\u010d je v\u00fdrobok, ktor\u00fd nenazdajky skvalitn\u00ed \u00farove\u0148 v\u00e1\u0161ho pracoviska \u010di akejko\u013evek prev\u00e1dzky. Chu\u0165 pon\u00fakanej \u00fastnej vody dod\u00e1 ka\u017ed\u00e9mu kolegovi sebavedomie pri \u010fal\u0161om jednan\u00ed, \u010di istotu svie\u017eeho dychu po \u0161peci\u00e1lnom obede. Budem r\u00e1d, ke\u010f si ho vysk\u00fa\u0161ate a staneme sa na\u0161imi obchodn\u00fdmi partnermi a z\u00e1rove\u0148 jednou ve\u013ekou komunitou so svie\u017eim dychom.<\/h4>\n                    <h4 style=\"text-align: center;\">Vysk\u00fa\u0161ajte si n\u00e1s bez starost\u00ed !<\/h4>\n                    <h4 class=\"lead\" style=\"text-align: center;\">&nbsp;<\/h4>\n                    <h5><a class=\"btn btn--sm btn--primary type--uppercase\" href=\"https:\/\/mouthwash.eu\/sk\/shop\" target=\"\"><span class=\"btn__text\">ESHOP<\/span><\/a><\/h5>\n                    <h5 style=\"text-align: center;\">&nbsp;<\/h5>\n                <\/div>\n                <div class=\"col-sm-6\">\n                    <div class=\"boxed boxed--lg boxed--border bg--secondary\"> <img alt=\"image\" src=\"https:\/\/mouthwash.bashastudio.sk\/wp-content\/uploads\/2020\/05\/mouthwash-pristroj-cierny.png\" class=\"border--round\"> <\/div>\n                <\/div>\n            <\/div>\n            <!--end of row-->\n        <\/div>\n        <!--end of container-->\n    <\/section>\n","protected":false},"excerpt":{"rendered":"<p>Pre\u010do sme za\u010dali?&#8230; In\u0161pir\u00e1cia \u010dasto prich\u00e1dza v ne\u010dakan\u00fdch chv\u00ed\u013each. Po\u010das mojej cesty okolo sveta som v elegantnej re\u0161taur\u00e1cii narazil na d\u00e1vkova\u010d \u00fastnej&#8230;<\/p>\n","protected":false},"author":4,"featured_media":0,"parent":0,"menu_order":0,"comment_status":"closed","ping_status":"closed","template":"","meta":{"footnotes":""},"class_list":["post-5088","page","type-page","status-publish","hentry"],"_links":{"self":[{"href":"https:\/\/mouthwash.eu\/sk\/wp-json\/wp\/v2\/pages\/5088","targetHints":{"allow":["GET"]}}],"collection":[{"href":"https:\/\/mouthwash.eu\/sk\/wp-json\/wp\/v2\/pages"}],"about":[{"href":"https:\/\/mouthwash.eu\/sk\/wp-json\/wp\/v2\/types\/page"}],"author":[{"embeddable":true,"href":"https:\/\/mouthwash.eu\/sk\/wp-json\/wp\/v2\/users\/4"}],"replies":[{"embeddable":true,"href":"https:\/\/mouthwash.eu\/sk\/wp-json\/wp\/v2\/comments?post=5088"}],"version-history":[{"count":6,"href":"https:\/\/mouthwash.eu\/sk\/wp-json\/wp\/v2\/pages\/5088\/revisions"}],"predecessor-version":[{"id":5102,"href":"https:\/\/mouthwash.eu\/sk\/wp-json\/wp\/v2\/pages\/5088\/revisions\/5102"}],"wp:attachment":[{"href":"https:\/\/mouthwash.eu\/sk\/wp-json\/wp\/v2\/media?parent=5088"}],"curies":[{"name":"wp","href":"https:\/\/api.w.org\/{rel}","templated":true}]}}