{"id":4379,"date":"2020-04-05T03:53:08","date_gmt":"2020-04-05T01:53:08","guid":{"rendered":"https:\/\/mouthwash.bashastudio.sk\/sk\/?page_id=4379"},"modified":"2020-04-05T03:55:19","modified_gmt":"2020-04-05T01:55:19","slug":"suhlas-so-spracovanim-osobnych-udajov","status":"publish","type":"page","link":"https:\/\/mouthwash.eu\/sk\/suhlas-so-spracovanim-osobnych-udajov\/","title":{"rendered":"S\u00fahlas so spracovan\u00edm osobn\u00fdch \u00fadajov"},"content":{"rendered":"[:sk]<section class=\"text-center  space--xs\">\n        <div class=\"container\">\n            <div class=\"row\">\n                <div class=\"col-sm-10 col-md-8\">\n                    <h1>S\u00daHLAS SO SPRAC\u00daVAN\u00cdM OSOBN\u00ddCH \u00daDAJOV<\/h1>\n                    <p class=\"lead\">T\u00fdmto s\u00fahlasom n\u00e1m d\u00e1vate mo\u017enos\u0165 zasiela\u0165 v\u00e1m e-mailov\u00fd newsletter. N\u00e1jdete v \u0148om na\u0161e najzauj\u00edmavej\u0161ie akcie, cenov\u00e9 ponuky, novinky, s\u00fa\u0165a\u017ee, \u010di nov\u00e9 slu\u017eby. Posielame ho zvy\u010dajne raz za mesiac. S\u00fahlas m\u00f4\u017eete kedyko\u013evek odvola\u0165.<\/p>\n                <\/div>\n            <\/div>\n            <!--end of row-->\n        <\/div>\n        <!--end of container-->\n    <\/section>\n    <section class=\"bg--secondary space--xs\">\n        <div class=\"container\">\n            <div class=\"row\">\n                <div class=\"col-sm-12\">\n                    <p>S\u00fahlas so sprac\u00favan\u00edm osobn\u00fdch \u00fadajov a potvrdenie veku<\/p>\n                    <p>Zakliknut\u00edm za\u0161krt\u00e1vacieho pol\u00ed\u010dka vyjadrujem ako dotknut\u00e1 osoba svoj s\u00fahlas so sprac\u00favan\u00edm mojich osobn\u00fdch \u00fadajov v rozsahu meno, priezvisko a e-mailov\u00e1 adresa spolo\u010dnos\u0165ou mouthwash s.r.o. so s\u00eddlom Na pa\u017eiti 955\/48, 919 51 \u0160pa\u010dince, I\u010cO 52992 527, zap\u00edsan\u00e1 v Obchodnom registri Okresn\u00e9ho s\u00fadu Trnava, Oddiel Sa, Vlo\u017eka \u010d\u00edslo 46376\/T (\u010falej len \u201espolo\u010dnos\u0165 mouthwash\u201c) ako prev\u00e1dzkovate\u013eom, a to za \u00fa\u010delom zasielania marketingovej komunik\u00e1cie, t\u00fdkaj\u00facej sa v\u0161eobecn\u00fdch inform\u00e1ci\u00ed o novink\u00e1ch (v\u0161eobecn\u00fd newsletter), prostredn\u00edctvom e-mailu. Tento s\u00fahlas sa z\u00e1rove\u0148 pova\u017euje za s\u00fahlas so zasielan\u00edm spr\u00e1v reklamn\u00e9ho charakteru a spr\u00e1v elektronickej po\u0161ty. S\u00fahlas ude\u013eujem na dobu a\u017e do odvolania.<\/p>\n                    <p>Z\u00e1rove\u0148 beriem na vedomie, \u017ee v zmysle pr\u00edslu\u0161n\u00fdch pr\u00e1vnych predpisov m\u00f4\u017ee svoj s\u00fahlas so sprac\u00favan\u00edm osobn\u00fdch \u00fadajov samostatne vyjadri\u0165 iba osoba, ktor\u00e1 dov\u0155\u0161ila vek 16 rokov, pri\u010dom v pr\u00edpade nedov\u0155\u0161enia tohto veku sa vy\u017eaduje s\u00fahlas z\u00e1konn\u00e9ho z\u00e1stupcu danej osoby. V takom pr\u00edpade nie je mo\u017en\u00e9 s\u00fahlas udeli\u0165, ale je potrebn\u00e9 kontaktova\u0165 spolo\u010dnos\u0165 mouthwash na ni\u017e\u0161ie uvedenej e-mailovej adrese. Potvrden\u00edm svojho s\u00fahlasu preto z\u00e1rove\u0148 potvrdzujem, \u017ee som dov\u0155\u0161il(a) vek 16 rokov.<\/p>\n                    <p>Informa\u010dn\u00e1 povinnos\u0165 prev\u00e1dzkovate\u013ea<\/p>\n                    <p>Prev\u00e1dzkovate\u013eom osobn\u00fdch \u00fadajov je spolo\u010dnos\u0165 mouthwash so s\u00eddlom Na pa\u017eiti 955\/48, 919 51 \u0160pa\u010dince. Spolo\u010dnos\u0165 mouthwash vymenovala za svojho zodpovedn\u00e9ho z\u00e1stupcu Petra Derzsiho, e-mailov\u00e1 adresa derzsi@mouthwash.eu, telef\u00f3nne \u010d\u00edslo 0908 158 (kontakt na call centrum)<\/p>\n                    <p>Spolo\u010dnos\u0165 mouthwash je mo\u017en\u00e9 kontaktova\u0165:<\/p>\n                    <p>a)&nbsp;&nbsp; &nbsp;p\u00edsomne zaslan\u00edm listu na adresu s\u00eddla spolo\u010dnosti s uveden\u00edm mena a priezviska zodpovednej osoby pod n\u00e1zvom spolo\u010dnosti,<br>b)&nbsp;&nbsp; &nbsp;elektronicky zaslan\u00edm e-mailu na vy\u0161\u0161ie uveden\u00fa e-mailov\u00fa adresu alebo<br>c)&nbsp;&nbsp; &nbsp;telefonicky na vy\u0161\u0161ie uvedenom \u010d\u00edsle.<\/p>\n                    <p>Pr\u00e1vnym z\u00e1kladom sprac\u00favania osobn\u00fdch \u00fadajov je vy\u0161\u0161ie uveden\u00fd s\u00fahlas so sprac\u00favan\u00edm osobn\u00fdch \u00fadajov v s\u00falade s \u010dl\u00e1nkom 6 ods. 1 p\u00edsm. a) Nariadenia o ochrane fyzick\u00fdch os\u00f4b pri sprac\u00favan\u00ed osobn\u00fdch \u00fadajov a o vo\u013enom pohybe tak\u00fdchto \u00fadajov, ktor\u00fdm sa zru\u0161uje smernica 95\/46\/ES (v\u0161eobecn\u00e9 nariadenie o ochrane \u00fadajov) (\u010falej len \u201eNariadenie GDPR\u201c).<\/p>\n                    <p>Dotknut\u00e1 osoba m\u00e1 pr\u00e1vo poda\u0165 n\u00e1vrh na za\u010datie konania, ak sa domnieva, \u017ee je priamo dotknut\u00e1 na svojich pr\u00e1vach ustanoven\u00fdch Nariaden\u00edm GDPR alebo in\u00fdmi pr\u00edslu\u0161n\u00fdmi pr\u00e1vnymi predpismi.<br>Dotknut\u00e1 osoba poskytuje svoje osobn\u00e9 \u00fadaje dobrovo\u013ene a m\u00e1 vo\u010di prev\u00e1dzkovate\u013eovi pr\u00e1vo (i) po\u017eadova\u0165 pr\u00edstup k osobn\u00fdm \u00fadajom, (ii) na opravu osobn\u00fdch \u00fadajov, (iii) na vymazanie osobn\u00fdch \u00fadajov, (iv) na obmedzenie sprac\u00favania osobn\u00fdch \u00fadajov a (v) pr\u00e1vo na prenosnos\u0165 osobn\u00fdch \u00fadajov. Tieto pr\u00e1va si dotknut\u00e1 osoba m\u00f4\u017ee uplatni\u0165 kontaktovan\u00edm spolo\u010dnosti mouthwash tak ako je uveden\u00e9 vy\u0161\u0161ie.<\/p>\n                    <p>Pr\u00edslu\u0161n\u00e9 pr\u00e1vne predpisy<\/p>\n                    <p>Pr\u00edslu\u0161n\u00fdm pr\u00e1vnym predpisom je najm\u00e4 Nariadenie GDPR, pr\u00edslu\u0161n\u00fd z\u00e1kon o ochrane osobn\u00fdch \u00fadajov v \u00fa\u010dinnom znen\u00ed a ostatn\u00e9 aplikovate\u013en\u00e9 v\u0161eobecne z\u00e1v\u00e4zn\u00e9 pr\u00e1vne predpisy.<\/p>\n                <\/div>\n            <\/div>\n            <!--end of row-->\n        <\/div>\n        <!--end of container-->\n    <\/section>[:]","protected":false},"excerpt":{"rendered":"<p>S\u00daHLAS SO SPRAC\u00daVAN\u00cdM OSOBN\u00ddCH \u00daDAJOV T\u00fdmto s\u00fahlasom n\u00e1m d\u00e1vate mo\u017enos\u0165 zasiela\u0165 v\u00e1m e-mailov\u00fd newsletter. N\u00e1jdete v \u0148om na\u0161e najzauj\u00edmavej\u0161ie akcie, cenov\u00e9&#8230;<\/p>\n","protected":false},"author":1,"featured_media":0,"parent":0,"menu_order":0,"comment_status":"closed","ping_status":"closed","template":"","meta":{"footnotes":""},"class_list":["post-4379","page","type-page","status-publish","hentry"],"_links":{"self":[{"href":"https:\/\/mouthwash.eu\/sk\/wp-json\/wp\/v2\/pages\/4379","targetHints":{"allow":["GET"]}}],"collection":[{"href":"https:\/\/mouthwash.eu\/sk\/wp-json\/wp\/v2\/pages"}],"about":[{"href":"https:\/\/mouthwash.eu\/sk\/wp-json\/wp\/v2\/types\/page"}],"author":[{"embeddable":true,"href":"https:\/\/mouthwash.eu\/sk\/wp-json\/wp\/v2\/users\/1"}],"replies":[{"embeddable":true,"href":"https:\/\/mouthwash.eu\/sk\/wp-json\/wp\/v2\/comments?post=4379"}],"version-history":[{"count":3,"href":"https:\/\/mouthwash.eu\/sk\/wp-json\/wp\/v2\/pages\/4379\/revisions"}],"predecessor-version":[{"id":4383,"href":"https:\/\/mouthwash.eu\/sk\/wp-json\/wp\/v2\/pages\/4379\/revisions\/4383"}],"wp:attachment":[{"href":"https:\/\/mouthwash.eu\/sk\/wp-json\/wp\/v2\/media?parent=4379"}],"curies":[{"name":"wp","href":"https:\/\/api.w.org\/{rel}","templated":true}]}}