{"id":4375,"date":"2020-04-05T03:44:49","date_gmt":"2020-04-05T01:44:49","guid":{"rendered":"https:\/\/mouthwash.bashastudio.sk\/sk\/?page_id=4375"},"modified":"2020-06-19T01:38:55","modified_gmt":"2020-06-18T23:38:55","slug":"gdpr","status":"publish","type":"page","link":"https:\/\/mouthwash.eu\/sk\/gdpr\/","title":{"rendered":"GDPR"},"content":{"rendered":"[:sk]<section class=\"text-center  space--xs\">\n        <div class=\"container\">\n            <div class=\"row\">\n                <div class=\"col-sm-10 col-md-8\">\n                    <h1>GDPR - SPRACOVANIE OSOBN\u00ddCH \u00daDAJOV<\/h1>\n                    <p class=\"lead\">Inform\u00e1cie o sprac\u00favan\u00ed osobn\u00fdch \u00fadajov.<\/p>\n                <\/div>\n            <\/div>\n            <!--end of row-->\n        <\/div>\n        <!--end of container-->\n    <\/section>\n    <section class=\"bg--secondary space--xs\">\n        <div class=\"container\">\n            <div class=\"row\">\n                <div class=\"col-sm-12\">\n                    <p><strong>1. Identifika\u010dn\u00e9 \u00fadaje prev\u00e1dzkovate\u013ea a zodpovednej osoby<\/strong><\/p>\n                    <p>Prev\u00e1dzkovate\u013eom osobn\u00fdch \u00fadajov je spolo\u010dnos\u0165 mouthwash s.r.o., so s\u00eddlom Na pa\u017eiti 955\/48, 919 51 \u0160pa\u010dince, I\u010cO 52992 527, zap\u00edsan\u00e1 v Obchodnom registri Okresn\u00e9ho s\u00fadu Trnava, Oddiel Sa, Vlo\u017eka \u010d\u00edslo 46376\/T (\u010falej len \u201espolo\u010dnos\u0165 mouthwash\u201c), ktor\u00e1 sprac\u00fava osobn\u00e9 \u00fadaje za podmienok uveden\u00fdch ni\u017e\u0161ie.<br>Spolo\u010dnos\u0165 mouthwash vymenovala za svojho zodpovedn\u00e9ho z\u00e1stupcu Mgr. Petra Derzsiho, e-mailov\u00e1 adresa derzsi@mouthwash.eu, telef\u00f3nne \u010d\u00edslo 0908 158 448 (kontakt na call centrum)<\/p>\n                    <p><strong>2. Sprac\u00favanie osobn\u00fdch \u00fadajov na jednotliv\u00e9 \u00fa\u010dely:<\/strong><\/p>\n                    <p><strong>a. N\u00e1kup tovaru prostredn\u00edctvom e-shopu, dodanie tovaru, vybavovanie reklam\u00e1ci\u00ed a rie\u0161enie poistn\u00fdch udalost\u00ed<\/strong><\/p>\n                    <p>Spolo\u010dnos\u0165 mouthwash sprac\u00fava (i) na \u00fa\u010dely n\u00e1kupu tovaru prostredn\u00edctvom e-shopu a dodania tovaru nasledovn\u00e9 osobn\u00e9 \u00fadaje z\u00e1kazn\u00edka: meno, priezvisko, telef\u00f3nne \u010d\u00edslo, e-mailov\u00e1 adresa, adresa, \u00fadaje o zak\u00fapenom tovare a \u00fadaje s\u00favisiace s platbou za tovar (\u010d\u00edslo \u00fa\u010dtu, uhraden\u00e1 suma, d\u00e1tum prip\u00edsania \u00fahrady na \u00fa\u010det spolo\u010dnosti mouthwash), (ii) na \u00fa\u010dely vybavovania reklam\u00e1ci\u00ed okrem \u00fadajov uveden\u00fdch v bode (i) aj \u00fadaje o reklamovanom tovare a \u00fadaje uveden\u00e9 z\u00e1kazn\u00edkom pri uplatnen\u00ed reklam\u00e1cii, (iii) na \u00fa\u010dely rie\u0161enia poistn\u00fdch udalost\u00ed okrem \u00fadajov uveden\u00fdch v bode (i) aj \u00fadaje o poistenom tovare a \u00fadaje uveden\u00e9 z\u00e1kazn\u00edkom pri ozn\u00e1men\u00ed poistnej udalosti.<\/p>\n                    <p>Pr\u00e1vnym z\u00e1kladom sprac\u00favania osobn\u00fdch \u00fadajov je (i) v pr\u00edpade n\u00e1kupu tovaru prostredn\u00edctvom e-shopu, dodania tovaru z\u00e1kazn\u00edkovi a rie\u0161enia poistn\u00fdch udalost\u00ed \u010dl\u00e1nok 6 ods. 1 p\u00edsm. b) Nariadenia o ochrane fyzick\u00fdch os\u00f4b pri sprac\u00favan\u00ed osobn\u00fdch \u00fadajov a o vo\u013enom pohybe tak\u00fdchto \u00fadajov, ktor\u00fdm sa zru\u0161uje smernica 95\/46\/ES (v\u0161eobecn\u00e9 nariadenie o ochrane \u00fadajov) (\u010falej len \u201eNariadenie GDPR\u201c) a (ii) v pr\u00edpade vybavovania reklam\u00e1ci\u00ed \u010dl\u00e1nok 6 ods. 1 p\u00edsm. c) Nariadenia GDPR.<\/p>\n                    <p>Sprac\u00favanie osobn\u00fdch \u00fadajov spolo\u010dnos\u0165ou mouthwash je (i) v pr\u00edpade n\u00e1kupu tovaru prostredn\u00edctvom e-shopu, dodania tovaru z\u00e1kazn\u00edkovi a rie\u0161enia poistn\u00fdch udalost\u00ed nevyhnutn\u00e9 na plnenie zmluvy o k\u00fape tovaru, resp. dohody o zabezpe\u010den\u00ed poistenia a (ii) v pr\u00edpade vybavovania reklam\u00e1ci\u00ed na \u00fa\u010dely plnenia z\u00e1konnej povinnosti spolo\u010dnosti mouthwash.<\/p>\n                    <p>Pr\u00edjemcami osobn\u00fdch \u00fadajov s\u00fa nasledovn\u00e9 osoby:<\/p>\n                    <ul>\n                        <li>servisn\u00ed partneri, dod\u00e1vatelia, pois\u0165ovne, extern\u00e9 pr\u00e1vne zast\u00fapenie, in\u00e9 org\u00e1ny v spotrebite\u013eskom konan\u00ed, prepravn\u00e9 spolo\u010dnosti v s\u00favislosti s vybavovan\u00edm reklam\u00e1ci\u00ed a poistn\u00fdch udalost\u00ed ako prev\u00e1dzkovatelia alebo sprostredkovatelia<\/li>\n                        <li>org\u00e1ny finan\u010dnej spr\u00e1vy, da\u0148ov\u00ed poradcovia a aud\u00edtori ako prev\u00e1dzkovatelia alebo sprostredkovatelia, ak je to nevyhnutn\u00e9 na splnenie z\u00e1konnej povinnosti spolo\u010dnosti NAY.<\/li>\n                    <\/ul>\n                    <p>Osobn\u00e9 \u00fadaje s\u00fa sprac\u00favan\u00e9 po\u010das obdobia plnenia zmluvy o k\u00fape tovaru a po\u010das plynutia z\u00e1ru\u010dnej lehoty na dodan\u00fd tovar.<\/p>\n                    <p><strong>b. Predaj tovaru mimo ponuky e-shopu<\/strong><\/p>\n                    <p>Spolo\u010dnos\u0165 mouthwash sprac\u00fava na \u00fa\u010dely predaja tovaru mimo ponuky e-shopu nasledovn\u00e9 osobn\u00e9 \u00fadaje z\u00e1kazn\u00edka: meno, priezvisko a detail objedn\u00e1vky.<\/p>\n                    <p>Pr\u00e1vnym z\u00e1kladom sprac\u00favania osobn\u00fdch \u00fadajov je \u010dl\u00e1nok 6 ods. 1 p\u00edsm. b) Nariadenia GDPR. Sprac\u00favanie osobn\u00fdch \u00fadajov spolo\u010dnos\u0165ou mouthwash je nevyhnutn\u00e9 na z\u00e1klade \u017eiadosti z\u00e1kazn\u00edka o k\u00fapu tovaru, ktor\u00fd nie je v ponuke e-shopu. Osobn\u00e9 \u00fadaje s\u00fa sprac\u00favan\u00e9 po\u010das plnenia zmluvy o k\u00fape tovaru a plynutia z\u00e1ru\u010dnej lehoty na dodan\u00fd tovar.<\/p>\n                    <p><strong>c. Nez\u00e1v\u00e4zn\u00e1 objedn\u00e1vka tovaru<\/strong><\/p>\n                    <p>Spolo\u010dnos\u0165 mouthwash sprac\u00fava na \u00fa\u010dely nez\u00e1v\u00e4znej objedn\u00e1vky tovaru nasledovn\u00e9 osobn\u00e9 \u00fadaje potenci\u00e1lneho z\u00e1kazn\u00edka: meno, priezvisko, telef\u00f3nne \u010d\u00edslo, e-mailov\u00e1 adresa a \u00fadaje o nez\u00e1v\u00e4znej objedn\u00e1vke.<\/p>\n                    <p>Pr\u00e1vnym z\u00e1kladom sprac\u00favania osobn\u00fdch \u00fadajov je \u010dl\u00e1nok 6 ods. 1 p\u00edsm. b) Nariadenia GDPR. Sprac\u00favanie osobn\u00fdch \u00fadajov spolo\u010dnos\u0165ou mouthwash je nevyhnutn\u00e9 na z\u00e1klade \u017eiadosti potenci\u00e1lneho z\u00e1kazn\u00edka o nez\u00e1v\u00e4zn\u00fa objedn\u00e1vku tovaru.<\/p>\n                    <p>Pr\u00edjemcami osobn\u00fdch \u00fadajov s\u00fa nasledovn\u00ed sprostredkovatelia:<\/p>\n                    <p>Osobn\u00e9 \u00fadaje s\u00fa sprac\u00favan\u00e9 po\u010das doby od podania \u017eiadosti o nez\u00e1v\u00e4zn\u00fa objedn\u00e1vku do uzatvorenia zmluvy o k\u00fape tovaru alebo zru\u0161enia nez\u00e1v\u00e4znej objedn\u00e1vky tovaru.<\/p>\n                    <p><strong>d. Objedn\u00e1vka tovaru v mene z\u00e1kazn\u00edka cez e-shop na predajni<\/strong><\/p>\n                    <p>Spolo\u010dnos\u0165 mouthwash sprac\u00fava na \u00fa\u010dely objedn\u00e1vky tovaru v mene z\u00e1kazn\u00edka cez e-shop na predajni jeho nasledovn\u00e9 osobn\u00e9 \u00fadaje: meno, priezvisko, telef\u00f3nne \u010d\u00edslo, e-mailov\u00e1, adresa a \u00fadaje o objednanom tovare.<\/p>\n                    <p>Pr\u00e1vnym z\u00e1kladom sprac\u00favania osobn\u00fdch \u00fadajov je \u010dl\u00e1nok 6 ods. 1 p\u00edsm. b) Nariadenia GDPR. Sprac\u00favanie osobn\u00fdch \u00fadajov spolo\u010dnos\u0165ou mouthwash je nevyhnutn\u00e9 na plnenie zmluvy o k\u00fape tovaru.<\/p>\n                    <p>Pr\u00edjemcami osobn\u00fdch \u00fadajov s\u00fa nasledovn\u00ed sprostredkovatelia:<\/p>\n                    <ul>\n                        <li>kuri\u00e9rske a prepravn\u00e9 spolo\u010dnosti, ktor\u00e9 zabezpe\u010duj\u00fa dod\u00e1vku tovaru.<\/li>\n                    <\/ul>\n                    <p>Osobn\u00e9 \u00fadaje s\u00fa sprac\u00favan\u00e9 po\u010das obdobia k\u00fdm d\u00f4jde k prevzatiu tovaru zo strany z\u00e1kazn\u00edka alebo pred\u010dasn\u00e9mu ukon\u010deniu zmluvy o k\u00fape tovaru.<\/p>\n                    <p><strong>e. Registr\u00e1cia a prev\u00e1dzka e-shopu<\/strong><\/p>\n                    <p>Spolo\u010dnos\u0165 mouthwash sprac\u00favana \u00fa\u010dely registr\u00e1cie a prev\u00e1dzky e-shopu nasledovn\u00e9 osobn\u00e9 \u00fadaje: meno, priezvisko, telef\u00f3nne \u010d\u00edslo, e-mailov\u00e1 adresa, adresa a hist\u00f3ria objedn\u00e1vok.<\/p>\n                    <p>Pr\u00e1vnym z\u00e1kladom sprac\u00favania osobn\u00fdch \u00fadajov je \u010dl\u00e1nok 6 ods. 1 p\u00edsm. b) Nariadenia GDPR. Sprac\u00favanie osobn\u00fdch \u00fadajov spolo\u010dnos\u0165ou mouthwash je nevyhnutn\u00e9 na zabezpe\u010denie registr\u00e1cie v e-shope a prev\u00e1dzky e-shopu.<\/p>\n                    <p>Osobn\u00e9 \u00fadaje s\u00fa sprac\u00favan\u00e9 po\u010das trvania registr\u00e1cie v e-shope.<\/p>\n                    <p><strong>f. Poskytovanie telefonickej a e-mailovej podpory z\u00e1kazn\u00edkom<\/strong><\/p>\n                    <p>Spolo\u010dnos\u0165 mouthwash sprac\u00fava na \u00fa\u010dely poskytovania telefonickej a e-mailovej podpory nasledovn\u00e9 osobn\u00e9 \u00fadaje z\u00e1kazn\u00edkov: meno, priezvisko, telef\u00f3nne \u010d\u00edslo, e-mailov\u00e1 adresa, adresa, hist\u00f3ria objedn\u00e1vok, a v pr\u00edpade telefonickej podpory aj nahr\u00e1vky hovorov z call centra.<\/p>\n                    <p>Pr\u00e1vnym z\u00e1kladom sprac\u00favania osobn\u00fdch \u00fadajov je \u010dl\u00e1nok 6 ods. 1 p\u00edsm. b) Nariadenia GDPR a v s\u00favislosti s nahr\u00e1vkou telefonick\u00e9ho hovoru \u010dl\u00e1nok 6 ods. 1 p\u00edsm. a) Nariadenia GDPR. Sprac\u00favanie osobn\u00fdch \u00fadajov spolo\u010dnos\u0165ou mouthwash je nevyhnutn\u00e9 na poskytnutie podpory, pri\u010dom v pr\u00edpade zvukovej nahr\u00e1vky je s\u00fahlas a t\u00fdm aj sprac\u00favanie osobn\u00fdch \u00fadajov prostredn\u00edctvom zvukovej nahr\u00e1vky dobrovo\u013en\u00e9.<br>Osobn\u00e9 \u00fadaje s\u00fa sprac\u00favan\u00e9 po\u010das trvania z\u00e1ru\u010dnej lehoty zak\u00fapen\u00e9ho tovaru.<\/p>\n                    <p><strong>g. Rie\u0161enie s\u0165a\u017enost\u00ed z\u00e1kazn\u00edkov<\/strong><\/p>\n                    <p>Spolo\u010dnos\u0165 NAY sprac\u00fava na \u00fa\u010dely rie\u0161enia s\u0165a\u017enost\u00ed z\u00e1kazn\u00edkov nasledovn\u00e9 osobn\u00e9 \u00fadaje: meno, priezvisko, \u00fadaje uveden\u00e9 v s\u0165a\u017enosti a v z\u00e1vislosti od toho ak\u00fdm sp\u00f4sobom z\u00e1kazn\u00edk s\u0165a\u017enos\u0165 podal aj jeho adresu, telef\u00f3nne \u010d\u00edslo alebo e-mailov\u00fa adresu.<\/p>\n                    <p>Pr\u00e1vnym z\u00e1kladom sprac\u00favania osobn\u00fdch \u00fadajov je \u010dl\u00e1nok 6 ods. 1 p\u00edsm. b) Nariadenia GDPR. Sprac\u00favanie osobn\u00fdch \u00fadajov spolo\u010dnos\u0165ou mouthwash je nevyhnutn\u00e9 na vyrie\u0161enie s\u0165a\u017enosti z\u00e1kazn\u00edka.<\/p>\n                    <p>Osobn\u00e9 \u00fadaje s\u00fa sprac\u00favan\u00e9 po\u010das obdobia k\u00fdm d\u00f4jde k vyrie\u0161eniu s\u0165a\u017enosti z\u00e1kazn\u00edka.<\/p>\n                    <p><strong>h. Poskytovanie podpory cez Facebook<\/strong><\/p>\n                    <p>V pr\u00edpade, ak sa dotknut\u00e1 osoba rozhodne po\u017eiada\u0165 o poskytnutie podpory cez Facebook, spolo\u010dnos\u0165 mouthwash bude sprac\u00fava\u0165 osobn\u00e9 \u00fadaje uveden\u00e9 vo facebookovom profile dotknutej osobe a \u00fadaje, ktor\u00e9 jej dotknut\u00e1 osoba sama po\u010das komunik\u00e1cie poskytne.<\/p>\n                    <p>\u00da\u010delom sprac\u00favania t\u00fdchto osobn\u00fdch \u00fadajov je poskytnutie podpory na \u017eiados\u0165 z\u00e1kazn\u00edka a pr\u00e1vnym z\u00e1kladom sprac\u00favania osobn\u00fdch \u00fadajov je \u010dl\u00e1nok 6 ods. 1 p\u00edsm. b) Nariadenia GDPR. Poskytnutie osobn\u00fdch \u00fadajov a ich sprac\u00favanie spolo\u010dnos\u0165ou NAY je nevyhnutn\u00e9 na poskytnutie podpory na \u017eiados\u0165 z\u00e1kazn\u00edka.<\/p>\n                    <p>Pr\u00edjemcom osobn\u00fdch \u00fadajov je spolo\u010dnos\u0165 Facebook Ireland Ltd., so s\u00eddlom 4 Grand Canal Square, Grand Canal Harbour, Dublin 2, \u00cdrska republika ako prev\u00e1dzkovate\u013e, pri\u010dom t\u00e1to spolo\u010dnos\u0165 bude osobn\u00e9 \u00fadaje sprac\u00fava\u0165 v s\u00falade so svojou Politikou ochrany osobn\u00fdch \u00fadajov (https:\/\/www.facebook.com\/policy.php).<\/p>\n                    <p>Osobn\u00e9 \u00fadaje s\u00fa sprac\u00favan\u00e9 po\u010das doby nevyhnutnej na poskytnutie podpory po\u017eadovanej z\u00e1kazn\u00edkov.<\/p>\n                    <p><strong>i. Uplat\u0148ovanie n\u00e1rokov spolo\u010dnosti<span>&nbsp;<\/span><\/strong><span>mouthwash<\/span><\/p>\n                    <p>Spolo\u010dnos\u0165 mouthwash sprac\u00fava na \u00fa\u010dely uplat\u0148ovania n\u00e1rokov spolo\u010dnosti mouthwash nasledovn\u00e9 \u00fadaje: \u00fadaje uveden\u00e9 v zmluv\u00e1ch so z\u00e1kazn\u00edkmi a dod\u00e1vate\u013emi, \u00fadaje uveden\u00e9 v reklam\u00e1ci\u00e1ch, \u00fadaje potrebn\u00e9 na podanie \u017ealoby spolo\u010dnos\u0165ou mouthwash, \u00fadaje uveden\u00e9 v \u017ealobe proti spolo\u010dnosti mouthwash, \u00fadaje uveden\u00e9 v z\u00e1znamoch o kr\u00e1de\u017eiach, \u00fadaje veden\u00e9 v \u00fa\u010dtovn\u00edctve a in\u00e9 \u00fadaje potrebn\u00e9 v s\u00favislosti s pr\u00edpadn\u00fdm uplat\u0148ovan\u00edm n\u00e1rokov alebo h\u00e1jen\u00edm z\u00e1ujmov spolo\u010dnosti mouthwash.<\/p>\n                    <p>\u00da\u010delom sprac\u00favania t\u00fdchto osobn\u00fdch \u00fadajov je opr\u00e1vnen\u00fd z\u00e1ujem prev\u00e1dzkovate\u013ea a pr\u00e1vnym z\u00e1kladom sprac\u00favania je \u010dl\u00e1nok 6 ods. 1 p\u00edsm. f) Nariadenia GDPR. Sprac\u00favanie osobn\u00fdch \u00fadajov spolo\u010dnos\u0165ou mouthwash je nevyhnutn\u00e9 na \u00fa\u010dely opr\u00e1vnen\u00fdch z\u00e1ujmov spolo\u010dnosti mouthwash. Opr\u00e1vnen\u00fdm z\u00e1ujmom spolo\u010dnosti mouthwash je pritom ochrana jej majetku ako aj ochrana proti ned\u00f4vodn\u00e9mu uplat\u0148ovaniu n\u00e1rokov vo\u010di spolo\u010dnosti mouthwash.<\/p>\n                    <p>Pr\u00edjemcom osobn\u00fdch \u00fadajov s\u00fa nasledovn\u00e9 osoby:<\/p>\n                    <ul>\n                        <li>s\u00fady, org\u00e1ny verejnej spr\u00e1vy, pr\u00e1vni z\u00e1stupcovia, da\u0148ov\u00ed poradcovia a in\u00ed odborn\u00ed poradcovia ako prev\u00e1dzkovatelia.<\/li>\n                    <\/ul>\n                    <p>Osobn\u00e9 \u00fadaje s\u00fa sprac\u00favan\u00e9 po\u010das doby vedenia s\u00fadneho sporu a po\u010das preml\u010dacej lehoty po\u010das ktorej m\u00f4\u017eu by\u0165 vo\u010di spolo\u010dnosti NAY uplat\u0148ovan\u00e9 n\u00e1roky alebo po\u010das ktorej si spolo\u010dnos\u0165 m\u00f4\u017ee uplatni\u0165 svoje vlastn\u00e9 n\u00e1roky.<\/p>\n                    <p><strong>j. Plnenie z\u00e1konn\u00fdch povinnost\u00ed spolo\u010dnosti<span>&nbsp;<\/span><\/strong>mouthwash<\/p>\n                    <p>Spolo\u010dnos\u0165 mouthwash sprac\u00fava osobn\u00e9 \u00fadaje uveden\u00e9 v p\u00edsm. a) a\u017e m) na \u00fa\u010dely plnenia z\u00e1konn\u00fdch povinnost\u00ed spolo\u010dnosti mouthwash.<\/p>\n                    <p>Pr\u00e1vnym z\u00e1kladom sprac\u00favania je \u010dl\u00e1nok 6 ods. 1 p\u00edsm. c) Nariadenia GDPR (napr. z\u00e1kon o \u00fa\u010dtovn\u00edctve, z\u00e1kon o dani z pridanej hodnoty, z\u00e1kon o dani z pr\u00edjmov, z\u00e1kon o ochrane spotrebite\u013ea, z\u00e1kon o arch\u00edvoch a registrat\u00farach). Sprac\u00favanie osobn\u00fdch \u00fadajov spolo\u010dnos\u0165ou mouthwash je nevyhnutn\u00e9 na \u00fa\u010dely plnenia z\u00e1konn\u00fdch povinnost\u00ed spolo\u010dnos\u0165ou mouthwash.<\/p>\n                    <p>Pr\u00edjemcom osobn\u00fdch \u00fadajov s\u00fa nasledovn\u00e9 osoby:<\/p>\n                    <ul>\n                        <li>da\u0148ov\u00ed poradcovia, aud\u00edtori, s\u00fady a org\u00e1ny verejnej spr\u00e1vy ako prev\u00e1dzkovatelia.<\/li>\n                    <\/ul>\n                    <p>Osobn\u00e9 \u00fadaje s\u00fa sprac\u00favan\u00e9 po\u010das doby vy\u017eadovanej pr\u00edslu\u0161n\u00fdm pr\u00e1vnym predpisom.<\/p>\n                    <ol start=\"3\">\n                        <li><strong>Pr\u00e1va dotknutej osoby<\/strong><\/li>\n                    <\/ol>\n                    <p>Dotknut\u00e1 osoba m\u00e1 pr\u00e1vo poda\u0165 n\u00e1vrh na za\u010datie konania na \u00darad na ochranu osobn\u00fdch \u00fadajov Slovenskej republiky, ak sa domnieva, \u017ee je priamo dotknut\u00e1 na svojich pr\u00e1vach ustanoven\u00fdch Nariaden\u00edm GDPR alebo pr\u00edslu\u0161n\u00fdmi pr\u00e1vnymi predpismi.<\/p>\n                    <p>Dotknut\u00e1 osoba m\u00e1 vo\u010di prev\u00e1dzkovate\u013eovi pr\u00e1vo (i) po\u017eadova\u0165 pr\u00edstup k osobn\u00fdm \u00fadajom, (ii) na opravu osobn\u00fdch \u00fadajov, (iii) na vymazanie osobn\u00fdch \u00fadajov, (iv) na obmedzenie sprac\u00favania osobn\u00fdch \u00fadajov, (v) pr\u00e1vo na prenosnos\u0165 osobn\u00fdch \u00fadajov a (vi) pr\u00e1vo namieta\u0165 proti sprac\u00favaniu osobn\u00fdch \u00fadajov. Tieto pr\u00e1va si dotknut\u00e1 osoba m\u00f4\u017ee uplatni\u0165 kontaktovan\u00edm spolo\u010dnosti mouthwash:<\/p>\n                    <p>a)&nbsp;&nbsp; &nbsp;p\u00edsomne zaslan\u00edm listu na adresu s\u00eddla spolo\u010dnosti s uveden\u00edm mena a priezviska zodpovednej osoby pod n\u00e1zvom spolo\u010dnosti,<br>b)&nbsp;&nbsp;&nbsp; elektronicky zaslan\u00edm e-mailu na vy\u0161\u0161ie uveden\u00fa e-mailov\u00fa adresu alebo<br>c)&nbsp;&nbsp; &nbsp;telefonicky na vy\u0161\u0161ie uvedenom \u010d\u00edsle.<br>d).&nbsp;&nbsp; Pr\u00edslu\u0161n\u00e9 pr\u00e1vne predpisy<\/p>\n                    <p>Pr\u00edslu\u0161n\u00fdm pr\u00e1vnym predpisom je najm\u00e4 Nariadenie GDPR, aplikovate\u013en\u00fd z\u00e1kon o ochrane osobn\u00fdch \u00fadajov v \u00fa\u010dinnom znen\u00ed a ostatn\u00e9 aplikovate\u013en\u00e9 v\u0161eobecne z\u00e1v\u00e4zn\u00e9 pr\u00e1vne predpisy.<\/p>\n                <\/div>\n            <\/div>\n            <!--end of row-->\n        <\/div>\n        <!--end of container-->\n    <\/section>[:]","protected":false},"excerpt":{"rendered":"<p>GDPR &#8211; SPRACOVANIE OSOBN\u00ddCH \u00daDAJOV Inform\u00e1cie o sprac\u00favan\u00ed osobn\u00fdch \u00fadajov. 1. Identifika\u010dn\u00e9 \u00fadaje prev\u00e1dzkovate\u013ea a zodpovednej osoby Prev\u00e1dzkovate\u013eom osobn\u00fdch \u00fadajov je&#8230;<\/p>\n","protected":false},"author":1,"featured_media":0,"parent":0,"menu_order":0,"comment_status":"closed","ping_status":"closed","template":"","meta":{"footnotes":""},"class_list":["post-4375","page","type-page","status-publish","hentry"],"_links":{"self":[{"href":"https:\/\/mouthwash.eu\/sk\/wp-json\/wp\/v2\/pages\/4375","targetHints":{"allow":["GET"]}}],"collection":[{"href":"https:\/\/mouthwash.eu\/sk\/wp-json\/wp\/v2\/pages"}],"about":[{"href":"https:\/\/mouthwash.eu\/sk\/wp-json\/wp\/v2\/types\/page"}],"author":[{"embeddable":true,"href":"https:\/\/mouthwash.eu\/sk\/wp-json\/wp\/v2\/users\/1"}],"replies":[{"embeddable":true,"href":"https:\/\/mouthwash.eu\/sk\/wp-json\/wp\/v2\/comments?post=4375"}],"version-history":[{"count":4,"href":"https:\/\/mouthwash.eu\/sk\/wp-json\/wp\/v2\/pages\/4375\/revisions"}],"predecessor-version":[{"id":4724,"href":"https:\/\/mouthwash.eu\/sk\/wp-json\/wp\/v2\/pages\/4375\/revisions\/4724"}],"wp:attachment":[{"href":"https:\/\/mouthwash.eu\/sk\/wp-json\/wp\/v2\/media?parent=4375"}],"curies":[{"name":"wp","href":"https:\/\/api.w.org\/{rel}","templated":true}]}}