{"id":2227,"date":"2017-03-27T19:28:04","date_gmt":"2017-03-27T19:28:04","guid":{"rendered":"http:\/\/stack-variant.tommusdemos.wpengine.com\/?page_id=2227"},"modified":"2017-03-27T19:28:04","modified_gmt":"2017-03-27T19:28:04","slug":"shop-tiles-2-columns","status":"publish","type":"page","link":"https:\/\/mouthwash.eu\/sk\/shop-tiles-2-columns\/","title":{"rendered":"Shop Tiles &#8211; 2 Columns"},"content":{"rendered":"\n    <section class=\"space--sm switchable switchable--switch\">\n        <div class=\"container\">\n            <div class=\"row\">\n                <div class=\"col-sm-12\">\n                    <div class=\"height-50 imagebg border--round\" data-overlay=\"2\">\n                        <div class=\"background-image-holder\"><img alt=\"\" src=\"https:\/\/mouthwash.eu\/sk\/wp-content\/uploads\/2017\/04\/hero-3.jpg\"><\/div>\n                        <div class=\"pos-vertical-center col-sm-6 boxed boxed--lg bg--none\">\n                            <h2>Build a premium, responsive digital storefront.<\/h2>\n                            <p class=\"lead\">Stack offers unique styling for selling digital goods, including multiple shop and product layouts \u2014 and all common utility pages.<\/p>\n                        <\/div>\n                    <\/div>\n                <\/div>\n            <\/div>\n            <!--end of row-->\n        <\/div>\n        <!--end of container-->\n    <\/section>\n    <section class=\"text-center\">\n        <div class=\"container\"> <div class=\"\"><div class=\"row\">\n\t<div class=\"col-sm-12\">\n\t\t<div class=\"masonry masonry--tiles\">\n\t\t\t<div class=\"masonry-filter-container\">\n\t<span>Kateg\u00f3ria<\/span>\n\t<div class=\"masonry-filter-holder masonry-filter-holder-post\">\n\t\t<div class=\"masonry__filters blog-filters\">\n\t\t\t<ul>\n\t\t\t\t<li class=\"active js-no-action\">V\u0161etky kateg\u00f3rie<\/li>\t<li class=\"cat-item cat-item-77 js-no-action\"><a href=\"https:\/\/mouthwash.eu\/sk\/product-category\/davkovace\/\">D\u00e1vkova\u010de<\/a>\n<\/li>\n\t<li class=\"cat-item cat-item-80 js-no-action\"><a href=\"https:\/\/mouthwash.eu\/sk\/product-category\/doplnky\/\">Doplnky<\/a>\n<\/li>\n\t\t\t<\/ul>\n\t\t<\/div>\n\t<\/div>\n\n    <div class=\"alert bg--white ml-5 hidden-xs\" style=\"float: right;\">\n        <div class=\"alert__body\">\n                        <span class=\"sk-SK\">Objednajte dnes do 13:00 hod a tovar v\u00e1m doru\u010d\u00edme do 30.04. v r\u00e1mci cel\u00e9ho Slovenska.<\/span>\n            <!--<span>Objednajte dnes a tovar v\u00e1m doru\u010d\u00edme od 1.8. v r\u00e1mci cel\u00e9ho Slovenska.<\/span>-->\n        <\/div>\n    <\/div>\n\n<\/div>\t\t\t<div class=\"row\">\n\t\t\t\t<div class=\"masonry__container\">\n\t\t\t\t\t<div class=\"masonry__item col-sm-6\"><\/div>\n\t\t\t\t\t\n<div class=\"masonry__item col-sm-6\">\n\t<div class=\"product product product--tile bg--secondary text-center\">\n\t\n\t\t\t\t\n\t\t\t\t\t<a href=\"https:\/\/mouthwash.eu\/sk\/shop\/set-automaticky-davkovac-biely-2\/\">\n\t\t\t\t<img width=\"380\" height=\"760\" src=\"https:\/\/mouthwash.eu\/wp-content\/uploads\/2020\/06\/mouthwash-produkt-set-biely-v2.png\" class=\"attachment-large size-large wp-post-image\" alt=\"\" srcset=\"https:\/\/mouthwash.eu\/wp-content\/uploads\/2020\/06\/mouthwash-produkt-set-biely-v2.png 380w, https:\/\/mouthwash.eu\/wp-content\/uploads\/2020\/06\/mouthwash-produkt-set-biely-v2-150x300.png 150w\" sizes=\"(max-width: 380px) 100vw, 380px\" \/>\t\t\t<\/a>\n\t\t\t\t\n\t\t<a class=\"block\" href=\"https:\/\/mouthwash.eu\/sk\/shop\/set-automaticky-davkovac-biely-2\/\">\n\t\t\t<div>\n\t\t\t\t<h5>SET &#8211; Automatick\u00fd d\u00e1vkova\u010d &#8211; biely<\/h5><span>D\u00e1vkova\u010de<\/span>\t\t\t\t\t\t\t\t\t\t\t<\/div>\n\t\t\t<div>\n\t\t\t\t\n\t<span class=\"h4 inline-block\"><span class=\"woocommerce-Price-currencySymbol\">&euro;<\/span>210,00<\/span> <small class=\"woocommerce-price-suffix\">bez DPH<\/small>\t\t\t<\/div>\n\t\t<\/a>\n\t\t\n\t\t<a rel=\"nofollow\" href=\"?add-to-cart=4694\" data-quantity=\"1\" data-product_id=\"4694\" data-product_sku=\"\" class=\"product_type_simple add_to_cart_button ajax_add_to_cart btn btn--icon btn--primary type--uppercase\"><span class=\"btn__text\"><i class=\"stack-basket\"><\/i> Add to cart<\/span><\/a>\t\t\n\t<\/div>\n<\/div><!--end item-->\n<div class=\"masonry__item col-sm-6\">\n\t<div class=\"product product product--tile bg--secondary text-center\">\n\t\n\t\t\t\t\n\t\t\t\t\t<a href=\"https:\/\/mouthwash.eu\/sk\/shop\/baterie-d-4ks\/\">\n\t\t\t\t<img width=\"380\" height=\"760\" src=\"https:\/\/mouthwash.eu\/wp-content\/uploads\/2020\/05\/mouthwash-baterky-v2.png\" class=\"attachment-large size-large wp-post-image\" alt=\"\" srcset=\"https:\/\/mouthwash.eu\/wp-content\/uploads\/2020\/05\/mouthwash-baterky-v2.png 380w, https:\/\/mouthwash.eu\/wp-content\/uploads\/2020\/05\/mouthwash-baterky-v2-150x300.png 150w\" sizes=\"(max-width: 380px) 100vw, 380px\" \/>\t\t\t<\/a>\n\t\t\t\t\n\t\t<a class=\"block\" href=\"https:\/\/mouthwash.eu\/sk\/shop\/baterie-d-4ks\/\">\n\t\t\t<div>\n\t\t\t\t<h5>Bat\u00e9rie D 4ks<\/h5><span>Doplnky<\/span>\t\t\t\t\t\t\t\t\t\t\t<\/div>\n\t\t\t<div>\n\t\t\t\t\n\t<span class=\"h4 inline-block\"><span class=\"woocommerce-Price-currencySymbol\">&euro;<\/span>9,00<\/span> <small class=\"woocommerce-price-suffix\">bez DPH<\/small>\t\t\t<\/div>\n\t\t<\/a>\n\t\t\n\t\t<a rel=\"nofollow\" href=\"?add-to-cart=4605\" data-quantity=\"1\" data-product_id=\"4605\" data-product_sku=\"\" class=\"product_type_simple add_to_cart_button ajax_add_to_cart btn btn--icon btn--primary type--uppercase\"><span class=\"btn__text\"><i class=\"stack-basket\"><\/i> Add to cart<\/span><\/a>\t\t\n\t<\/div>\n<\/div><!--end item-->\n<div class=\"masonry__item col-sm-6\">\n\t<div class=\"product product product--tile bg--secondary text-center\">\n\t\n\t\t\t\t\n\t\t\t\t\t<a href=\"https:\/\/mouthwash.eu\/sk\/shop\/ustna-voda\/\">\n\t\t\t\t<img width=\"380\" height=\"760\" src=\"https:\/\/mouthwash.eu\/wp-content\/uploads\/2020\/04\/mouthwash-flasha-v3.png\" class=\"attachment-large size-large wp-post-image\" alt=\"\" srcset=\"https:\/\/mouthwash.eu\/wp-content\/uploads\/2020\/04\/mouthwash-flasha-v3.png 380w, https:\/\/mouthwash.eu\/wp-content\/uploads\/2020\/04\/mouthwash-flasha-v3-150x300.png 150w\" sizes=\"(max-width: 380px) 100vw, 380px\" \/>\t\t\t<\/a>\n\t\t\t\t\n\t\t<a class=\"block\" href=\"https:\/\/mouthwash.eu\/sk\/shop\/ustna-voda\/\">\n\t\t\t<div>\n\t\t\t\t<h5>\u00dastna voda<\/h5><span>Doplnky<\/span>\t\t\t\t\t\t\t\t\t\t\t<\/div>\n\t\t\t<div>\n\t\t\t\t\n\t<span class=\"h4 inline-block\"><span class=\"woocommerce-Price-currencySymbol\">&euro;<\/span>16,00<\/span> <small class=\"woocommerce-price-suffix\">bez DPH<\/small>\t\t\t<\/div>\n\t\t<\/a>\n\t\t\n\t\t<a rel=\"nofollow\" href=\"?add-to-cart=4471\" data-quantity=\"1\" data-product_id=\"4471\" data-product_sku=\"\" class=\"product_type_simple add_to_cart_button ajax_add_to_cart btn btn--icon btn--primary type--uppercase\"><span class=\"btn__text\"><i class=\"stack-basket\"><\/i> Add to cart<\/span><\/a>\t\t\n\t<\/div>\n<\/div><!--end item-->\n<div class=\"masonry__item col-sm-6\">\n\t<div class=\"product product product--tile bg--secondary text-center\">\n\t\n\t\t\t\t\n\t\t\t\t\t<a href=\"https:\/\/mouthwash.eu\/sk\/shop\/pohare\/\">\n\t\t\t\t<img width=\"380\" height=\"760\" src=\"https:\/\/mouthwash.eu\/wp-content\/uploads\/2020\/05\/mouthwash-pohare-v2.png\" class=\"attachment-large size-large wp-post-image\" alt=\"\" srcset=\"https:\/\/mouthwash.eu\/wp-content\/uploads\/2020\/05\/mouthwash-pohare-v2.png 380w, https:\/\/mouthwash.eu\/wp-content\/uploads\/2020\/05\/mouthwash-pohare-v2-150x300.png 150w\" sizes=\"(max-width: 380px) 100vw, 380px\" \/>\t\t\t<\/a>\n\t\t\t\t\n\t\t<a class=\"block\" href=\"https:\/\/mouthwash.eu\/sk\/shop\/pohare\/\">\n\t\t\t<div>\n\t\t\t\t<h5>Poh\u00e1re<\/h5><span>Doplnky<\/span>\t\t\t\t\t\t\t\t\t\t\t<\/div>\n\t\t\t<div>\n\t\t\t\t\n\t<span class=\"h4 inline-block\"><span class=\"woocommerce-Price-currencySymbol\">&euro;<\/span>24,00<\/span> <small class=\"woocommerce-price-suffix\">bez DPH<\/small>\t\t\t<\/div>\n\t\t<\/a>\n\t\t\n\t\t<a rel=\"nofollow\" href=\"?add-to-cart=4322\" data-quantity=\"1\" data-product_id=\"4322\" data-product_sku=\"\" class=\"product_type_simple add_to_cart_button ajax_add_to_cart btn btn--icon btn--primary type--uppercase\"><span class=\"btn__text\"><i class=\"stack-basket\"><\/i> Add to cart<\/span><\/a>\t\t\n\t<\/div>\n<\/div><!--end item-->\t\t\t\t<\/div><!--end masonry container-->\n\t\t\t<\/div><!--end of row-->\n\t\t<\/div><!--end masonry-->\n\t<\/div>\n<\/div><!--end of row-->\n\n\n<div class=\"pagination\">\n\n\t\t\t\t\t<div class=\"col-xs-6 text-left\">\n\t\t\t<a class=\"type--fine-print\" href=\"https:\/\/mouthwash.eu\/sk\/wp-json\/wp\/v2\/pages\/2227\/page\/2\/\">&laquo; Older Posts<\/a>\n\t\t<\/div>\n\t\t\n\t\t\n\t\t\n<\/div><\/div> <\/div>\n        <!--end of container-->\n    <\/section>\n    \n","protected":false},"excerpt":{"rendered":"<p>Build a premium, responsive digital storefront. Stack offers unique styling for selling digital goods, including multiple shop and product layouts \u2014 and&#8230;<\/p>\n","protected":false},"author":1,"featured_media":0,"parent":0,"menu_order":0,"comment_status":"closed","ping_status":"closed","template":"","meta":{"footnotes":""},"class_list":["post-2227","page","type-page","status-publish","hentry"],"_links":{"self":[{"href":"https:\/\/mouthwash.eu\/sk\/wp-json\/wp\/v2\/pages\/2227","targetHints":{"allow":["GET"]}}],"collection":[{"href":"https:\/\/mouthwash.eu\/sk\/wp-json\/wp\/v2\/pages"}],"about":[{"href":"https:\/\/mouthwash.eu\/sk\/wp-json\/wp\/v2\/types\/page"}],"author":[{"embeddable":true,"href":"https:\/\/mouthwash.eu\/sk\/wp-json\/wp\/v2\/users\/1"}],"replies":[{"embeddable":true,"href":"https:\/\/mouthwash.eu\/sk\/wp-json\/wp\/v2\/comments?post=2227"}],"version-history":[{"count":0,"href":"https:\/\/mouthwash.eu\/sk\/wp-json\/wp\/v2\/pages\/2227\/revisions"}],"wp:attachment":[{"href":"https:\/\/mouthwash.eu\/sk\/wp-json\/wp\/v2\/media?parent=2227"}],"curies":[{"name":"wp","href":"https:\/\/api.w.org\/{rel}","templated":true}]}}