{"id":4322,"date":"2020-03-19T20:32:56","date_gmt":"2020-03-19T19:32:56","guid":{"rendered":"https:\/\/mouthwash.bashastudio.sk\/sk\/?post_type=product&#038;p=4322"},"modified":"2025-11-11T08:12:54","modified_gmt":"2025-11-11T07:12:54","slug":"pohare","status":"publish","type":"product","link":"https:\/\/mouthwash.eu\/pl\/shop\/pohare\/","title":{"rendered":"Szklanki"},"content":{"rendered":"","protected":false},"excerpt":{"rendered":"<p>Extra Box 600 szklanek (15 ml). Bezp\u0142atna wysy\u0142ka przy zam\u00f3wieniach zawieraj\u0105cych p\u0142yn do p\u0142ukania ust.<\/p>\n<p>Ka\u017cde opakowanie zawiera 600 papierowych szklanek. Korzystniejsz\u0105 form\u0105 jest zam\u00f3wienie ca\u0142ego pakietu p\u0142ynu do p\u0142ukania ust wraz z szklankami za 65 euro bez VAT.<\/p>\n","protected":false},"featured_media":4604,"template":"","meta":[],"class_list":["post-4322","product","type-product","status-publish","has-post-thumbnail","hentry","product_cat-doplnky"],"_links":{"self":[{"href":"https:\/\/mouthwash.eu\/pl\/wp-json\/wp\/v2\/product\/4322","targetHints":{"allow":["GET"]}}],"collection":[{"href":"https:\/\/mouthwash.eu\/pl\/wp-json\/wp\/v2\/product"}],"about":[{"href":"https:\/\/mouthwash.eu\/pl\/wp-json\/wp\/v2\/types\/product"}],"wp:featuredmedia":[{"embeddable":true,"href":"https:\/\/mouthwash.eu\/pl\/wp-json\/wp\/v2\/media\/4604"}],"wp:attachment":[{"href":"https:\/\/mouthwash.eu\/pl\/wp-json\/wp\/v2\/media?parent=4322"}],"curies":[{"name":"wp","href":"https:\/\/api.w.org\/{rel}","templated":true}]}}