{"id":4319,"date":"2020-03-19T19:37:23","date_gmt":"2020-03-19T18:37:23","guid":{"rendered":"https:\/\/mouthwash.bashastudio.sk\/sk\/?post_type=product&#038;p=4319"},"modified":"2025-11-11T08:05:18","modified_gmt":"2025-11-11T07:05:18","slug":"ustna-voda-pohare","status":"publish","type":"product","link":"https:\/\/mouthwash.eu\/pl\/shop\/ustna-voda-pohare\/","title":{"rendered":"P\u0142yn do p\u0142ukania ust i szklanki"},"content":{"rendered":"<p>P\u0142yn do p\u0142ukania jamy ustnej to nasz okr\u0119t flagowy i smakiem jeden z najlepszych tego typu produkt\u00f3w na rynku. Idealny dla ka\u017cdego, komu zale\u017cy na \u015bwie\u017cym oddechu. Przy jego produkcji po\u0142o\u017cyli\u015bmy du\u017cy nacisk na stworzenie smaku i aromatu idealnego dla \u015brodowiska komercyjnego. Dlatego stworzyli\u015bmy p\u0142yn do p\u0142ukania ust, kt\u00f3ry od\u015bwie\u017cy Tw\u00f3j oddech, a jednocze\u015bnie nie jest zbyt mocny. Aromat wykorzystuje kwas cytrynowy do zabijania bakterii, jest ca\u0142kowicie wolny od alkoholu i sk\u0142adnik\u00f3w aktywnych. Ponadto p\u0142yn do p\u0142ukania ust niesamowicie smakuje.<\/p>\n<p>Smak jest delikatnie mi\u0119towy i nie jest dra\u017cni\u0105cy. Sk\u0142adniki u\u017cyte do p\u0142ukania jamy ustnej to woda, gliceryna, poloksamer 407, aromat, polisorbat 80, sacharyna sodowa, s\u00f3d, benzoesan, kwas cytrynowy i b\u0142\u0119kit.<\/p>\n<p>P\u0142yn do p\u0142ukania jamy ustnej zawiera wszystkie korzy\u015bci zdrowotne wynikaj\u0105ce z u\u017cywania p\u0142ynu do p\u0142ukania ust, jednocze\u015bnie ca\u0142kowicie minimalizuj\u0105c ryzyko reakcji alergicznych.<\/p>\n<h3>Oszcz\u0119dno\u015bci w jego u\u017cytkowaniu<\/h3>\n<p>Dozowniki p\u0142ynu do p\u0142ukania ust s\u0105 zaprojektowane tak, aby chroni\u0107 \u015brodowisko.<\/p>\n<ol>\n<li><strong>Kontrolowane dozowanie<\/strong><\/li>\n<\/ol>\n<p>Ilo\u015b\u0107 jednorazowego p\u0142ynu do p\u0142ukania ust precyzyjnie ustawia si\u0119 w automatycznym dozowniku.<\/p>\n<ol start=\"2\">\n<li><strong>Specjalne szklanki<\/strong><\/li>\n<\/ol>\n<p>Szklanki wykonane s\u0105 w specjalnym rozmiarze do jednorazowego u\u017cytku. Wszystkie szklanki s\u0105 ekologiczne z papieru nadaj\u0105cego si\u0119 do recyklingu.<\/p>\n<ol start=\"3\">\n<li><strong>Bez odpad\u00f3w<\/strong><\/li>\n<\/ol>\n<p>Automatyczne dozowniki eliminuj\u0105 wszelkie straty spowodowane rozlaniem p\u0142ynu do p\u0142ukania ust.<\/p>\n","protected":false},"excerpt":{"rendered":"<p>Zawiera wszystko, czego potrzebujesz do dozownika. Opakowanie zawiera 6 x 1500 ml p\u0142ynu do p\u0142ukania ust i 600 sztuk szklanek.<\/p>\n<p>Cena zawiera transport.<\/p>\n","protected":false},"featured_media":4603,"template":"","meta":[],"class_list":["post-4319","product","type-product","status-publish","has-post-thumbnail","hentry","product_cat-doplnky"],"_links":{"self":[{"href":"https:\/\/mouthwash.eu\/pl\/wp-json\/wp\/v2\/product\/4319","targetHints":{"allow":["GET"]}}],"collection":[{"href":"https:\/\/mouthwash.eu\/pl\/wp-json\/wp\/v2\/product"}],"about":[{"href":"https:\/\/mouthwash.eu\/pl\/wp-json\/wp\/v2\/types\/product"}],"wp:featuredmedia":[{"embeddable":true,"href":"https:\/\/mouthwash.eu\/pl\/wp-json\/wp\/v2\/media\/4603"}],"wp:attachment":[{"href":"https:\/\/mouthwash.eu\/pl\/wp-json\/wp\/v2\/media?parent=4319"}],"curies":[{"name":"wp","href":"https:\/\/api.w.org\/{rel}","templated":true}]}}