{"id":4317,"date":"2020-03-19T19:19:33","date_gmt":"2020-03-19T18:19:33","guid":{"rendered":"https:\/\/mouthwash.bashastudio.sk\/sk\/?post_type=product&#038;p=4317"},"modified":"2025-11-11T08:07:02","modified_gmt":"2025-11-11T07:07:02","slug":"set-automaticky-davkovac-biely","status":"publish","type":"product","link":"https:\/\/mouthwash.eu\/pl\/shop\/set-automaticky-davkovac-biely\/","title":{"rendered":"Dozownik automatyczny &#8211; bia\u0142y"},"content":{"rendered":"[:sk][:]","protected":false},"excerpt":{"rendered":"<p>Automatyczny dozownik p\u0142ynu do p\u0142ukania ust zosta\u0142 zaprojektowany tak, aby zapewni\u0107 ka\u017cdemu u\u017cytkownikowi szklank\u0119 p\u0142ynu do p\u0142ukania jamy ustnej na wysokim poziomie higienicznym. Za dotkni\u0119ciem przycisku szklanka jest nape\u0142niana, dzi\u0119ki czemu jest produkt higieniczny i bezproblemowy w u\u017cyciu.<\/p>\n","protected":false},"featured_media":4755,"template":"","meta":[],"class_list":["post-4317","product","type-product","status-publish","has-post-thumbnail","hentry","product_cat-davkovace"],"_links":{"self":[{"href":"https:\/\/mouthwash.eu\/pl\/wp-json\/wp\/v2\/product\/4317","targetHints":{"allow":["GET"]}}],"collection":[{"href":"https:\/\/mouthwash.eu\/pl\/wp-json\/wp\/v2\/product"}],"about":[{"href":"https:\/\/mouthwash.eu\/pl\/wp-json\/wp\/v2\/types\/product"}],"wp:featuredmedia":[{"embeddable":true,"href":"https:\/\/mouthwash.eu\/pl\/wp-json\/wp\/v2\/media\/4755"}],"wp:attachment":[{"href":"https:\/\/mouthwash.eu\/pl\/wp-json\/wp\/v2\/media?parent=4317"}],"curies":[{"name":"wp","href":"https:\/\/api.w.org\/{rel}","templated":true}]}}