{"id":4290,"date":"2020-03-19T12:26:22","date_gmt":"2020-03-19T11:26:22","guid":{"rendered":"https:\/\/mouthwash.bashastudio.sk\/sk\/?post_type=product&#038;p=4290"},"modified":"2025-11-11T08:09:56","modified_gmt":"2025-11-11T07:09:56","slug":"set-automaticky-davkovac-cierny","status":"publish","type":"product","link":"https:\/\/mouthwash.eu\/pl\/shop\/set-automaticky-davkovac-cierny\/","title":{"rendered":"Dozownik automatyczny &#8211; czarny"},"content":{"rendered":"<h3>Dok\u0142adne dozowanie<\/h3>\n<p>Dozownik jest ustawiony na dozowanie 15 ml p\u0142ynu do p\u0142ukania jamy ustnej za jednym naci\u015bni\u0119ciem przycisku. Po naci\u015bni\u0119ciu szklanka wysuwa si\u0119 i automatycznie nape\u0142nia p\u0142ynem do p\u0142ukania ust. Dozownik zawiera 1 nadzienie na p\u0142yn do p\u0142ukania ust (butelka 1,5 l) oraz oko\u0142o 50 szklanek. Ka\u017cde nadzienie przypada na 100 u\u017cy\u0107. Samo automatyczne dostosowanie dozowania p\u0142ynu do p\u0142ukania jamy ustnej 15 ml prowadzi do du\u017cych oszcz\u0119dno\u015bci przy stosowaniu p\u0142ynu do p\u0142ukania ust w por\u00f3wnaniu z tradycyjnym nalewaniem z butelki. Do dozownika pasuje tylko wykonana przez nas butelka p\u0142ynu do p\u0142ukania ust. Jest to zamkni\u0119ty, bezpieczny system i \u017cadne inne opakowanie nie pasowa\u0142oby do niego.<\/p>\n<h3>Higiena to podstawa<\/h3>\n<p>Dozownik p\u0142ynu do p\u0142ukania ust znajduje si\u0119 w zamykanej, odpornej na manipulacje zewn\u0119trznej obudowie. Gwarantuje to, \u017ce p\u0142yn do p\u0142ukania jamy ustnej i szklanki przechowywane s\u0105 w czystym \u015brodowisku, co ca\u0142kowicie eliminuje ryzyko manipulacji przez osoby nieuprawnione. Daje to pewno\u015b\u0107, \u017ce urz\u0105dzenie dozuje p\u0142yn do p\u0142ukania ust w bezpieczny i higieniczny spos\u00f3b. Nie ma na rynku innego systemu do p\u0142ukania jamy ustnej, kt\u00f3ry zapewnia tak higienicznie niezawodne stosowanie.<\/p>\n<h3>Instalacja w dowolnym miejscu<\/h3>\n<p>Dozownik p\u0142ynu do p\u0142ukania ust mo\u017cna zamontowa\u0107 na \u015bcianie, szkle lub po prostu umie\u015bci\u0107 luzem. Zaleca si\u0119 monta\u017c dozownika na \u015bcianie, aby unikn\u0105\u0107 przypadkowego przewr\u00f3cenia i zniszczenia. Je\u015bli masz jakiekolwiek pytania dotycz\u0105ce instalacji urz\u0105dzenia, obejrzyj wideo na naszej stronie internetowej, aby uzyska\u0107 szczeg\u00f3\u0142owe informacje.<\/p>\n<h3>Zgodne z przepisami UE<\/h3>\n<p>Dozownik zosta\u0142 zaprojektowany tak, aby by\u0142 w pe\u0142ni zgodny z przepisami i kryteriami UE. Elementy steruj\u0105ce zaprojektowano tak, aby by\u0142y \u0142atwe dla ka\u017cdego. Jego prosta instalacja pozwala na umieszczenie dozownika w miejscach o du\u017cej frekwencji klient\u00f3w.<\/p>\n<h3>Innowacyjny produkt<\/h3>\n<p>Dozownik jest testowany na terenie ca\u0142ego kraju. Zosta\u0142 zaprojektowany specjalnie do u\u017cytku komercyjnego w centrach handlowych, restauracjach, hotelach, biurach, lotniskach, o\u015brodkach golfowych, biurowcach, teatrach, centrach medycznych, klinikach dentystycznych, ale jest r\u00f3wnie\u017c u\u017cywany przez wiele gospodarstw domowych.<\/p>\n<h3><span>Fakty<\/span><\/h3>\n<p>Dozownik dzia\u0142a tylko z oryginalnymi butelkami CAF LUR i specjalnie wykonanymi ekologicznymi p\u0142ynami do p\u0142ukania ust firmy LUR.<\/p>\n","protected":false},"excerpt":{"rendered":"<p>Automatyczny dozownik p\u0142ynu do p\u0142ukania ust zosta\u0142 zaprojektowany tak, aby zapewni\u0107 ka\u017cdemu u\u017cytkownikowi szklank\u0119 p\u0142ynu do p\u0142ukania jamy ustnej na wysokim poziomie higienicznym. Za dotkni\u0119ciem przycisku szklanka jest nape\u0142niana, dzi\u0119ki czemu jest produkt higieniczny i bezproblemowy w u\u017cyciu.<\/p>\n<p>Dost\u0119pne u naszego dostawcy.<\/p>\n","protected":false},"featured_media":4546,"template":"","meta":[],"class_list":["post-4290","product","type-product","status-publish","has-post-thumbnail","hentry","product_cat-davkovace"],"_links":{"self":[{"href":"https:\/\/mouthwash.eu\/pl\/wp-json\/wp\/v2\/product\/4290","targetHints":{"allow":["GET"]}}],"collection":[{"href":"https:\/\/mouthwash.eu\/pl\/wp-json\/wp\/v2\/product"}],"about":[{"href":"https:\/\/mouthwash.eu\/pl\/wp-json\/wp\/v2\/types\/product"}],"wp:featuredmedia":[{"embeddable":true,"href":"https:\/\/mouthwash.eu\/pl\/wp-json\/wp\/v2\/media\/4546"}],"wp:attachment":[{"href":"https:\/\/mouthwash.eu\/pl\/wp-json\/wp\/v2\/media?parent=4290"}],"curies":[{"name":"wp","href":"https:\/\/api.w.org\/{rel}","templated":true}]}}