{"id":4581,"date":"2020-05-22T22:15:20","date_gmt":"2020-05-22T20:15:20","guid":{"rendered":"https:\/\/mouthwash.bashastudio.sk\/sk\/?page_id=4581"},"modified":"2020-06-21T07:24:20","modified_gmt":"2020-06-21T05:24:20","slug":"kariera","status":"publish","type":"page","link":"https:\/\/mouthwash.eu\/pl\/kariera\/","title":{"rendered":"Kari\u00e9ra"},"content":{"rendered":"[:sk]<section class=\"text-center  space--xs\">\n        <div class=\"container\">\n            <div class=\"row\">\n                <div class=\"col-sm-10 col-md-8\">\n                    <h1>Kari\u00e9ra<\/h1>\n                <\/div>\n            <\/div>\n            <!--end of row-->\n        <\/div>\n        <!--end of container-->\n    <\/section>\n    <section class=\"switchable  switchable--switch bg--secondary space--xs\">\n        <div class=\"container\">\n            <div class=\"row\">\n                <div class=\"col-sm-8 col-md-7\">\n                    <h2>V pr\u00edpade z\u00e1ujmu o pracovn\u00fa poz\u00edciu n\u00e1m po\u0161lite \u017eivotopis prostredn\u00edctvom formul\u00e1ra:<\/h2>\n                    <p><div role=\"form\" class=\"wpcf7\" id=\"wpcf7-f4585-o1\" lang=\"sk-SK\" dir=\"ltr\">\n<div class=\"screen-reader-response\" role=\"alert\" aria-live=\"polite\"><\/div>\n<form action=\"\/pl\/wp-json\/wp\/v2\/pages\/4581#wpcf7-f4585-o1\" method=\"post\" class=\"wpcf7-form init wpcf7-acceptance-as-validation\" enctype=\"multipart\/form-data\" novalidate=\"novalidate\">\n<div style=\"display: none;\">\n<input type=\"hidden\" name=\"_wpcf7\" value=\"4585\" \/>\n<input type=\"hidden\" name=\"_wpcf7_version\" value=\"5.2.1\" \/>\n<input type=\"hidden\" name=\"_wpcf7_locale\" value=\"sk_SK\" \/>\n<input type=\"hidden\" name=\"_wpcf7_unit_tag\" value=\"wpcf7-f4585-o1\" \/>\n<input type=\"hidden\" name=\"_wpcf7_container_post\" value=\"0\" \/>\n<input type=\"hidden\" name=\"_wpcf7_posted_data_hash\" value=\"\" \/>\n<input type=\"hidden\" name=\"lang\" value=\"pl\" \/>\n<input type=\"hidden\" name=\"_wpcf7_recaptcha_response\" value=\"\" \/>\n<\/div>\n<p><label> Va\u0161e meno*<br \/>\n    <span class=\"wpcf7-form-control-wrap your-name\"><input type=\"text\" name=\"your-name\" value=\"\" size=\"40\" class=\"wpcf7-form-control wpcf7-text wpcf7-validates-as-required\" aria-required=\"true\" aria-invalid=\"false\" \/><\/span> <\/label><\/p>\n<p><label> V\u00e1\u0161 email*<br \/>\n    <span class=\"wpcf7-form-control-wrap your-email\"><input type=\"email\" name=\"your-email\" value=\"\" size=\"40\" class=\"wpcf7-form-control wpcf7-text wpcf7-email wpcf7-validates-as-required wpcf7-validates-as-email\" aria-required=\"true\" aria-invalid=\"false\" \/><\/span> <\/label><\/p>\n<p><label> V\u00e1\u0161 telef\u00f3n*<br \/>\n    <span class=\"wpcf7-form-control-wrap tel-160\"><input type=\"tel\" name=\"tel-160\" value=\"\" size=\"40\" class=\"wpcf7-form-control wpcf7-text wpcf7-tel wpcf7-validates-as-required wpcf7-validates-as-tel\" aria-required=\"true\" aria-invalid=\"false\" \/><\/span> <\/label><\/p>\n<p><label> Pr\u00edloha* (\u017eivotopis, CV, motiva\u010dn\u00fd list...)<br \/>\n    <span class=\"wpcf7-form-control-wrap file-365\"><input type=\"file\" name=\"file-365\" size=\"40\" class=\"wpcf7-form-control wpcf7-file wpcf7-validates-as-required\" accept=\".jpg,.jpeg,.png,.gif,.pdf,.doc,.docx,.ppt,.pptx,.odt,.avi,.ogg,.m4a,.mov,.mp3,.mp4,.mpg,.wav,.wmv\" aria-required=\"true\" aria-invalid=\"false\" \/><\/span> <\/label><\/p>\n<p><label> Va\u0161a spr\u00e1va*<br \/>\n    <span class=\"wpcf7-form-control-wrap textarea-977\"><textarea name=\"textarea-977\" cols=\"40\" rows=\"10\" class=\"wpcf7-form-control wpcf7-textarea wpcf7-validates-as-required\" aria-required=\"true\" aria-invalid=\"false\"><\/textarea><\/span> <\/label><\/p>\n<p><label><br \/>\n    <span class=\"wpcf7-form-control-wrap acceptance-157\"><span class=\"wpcf7-form-control wpcf7-acceptance\"><span class=\"wpcf7-list-item\"><label><label><\/label><input type=\"checkbox\" name=\"acceptance-157\" value=\"1\" aria-invalid=\"false\" \/><span class=\"wpcf7-list-item-label\">S\u00fahlas\u00edm so spracovan\u00edm <a href=\"\/sk\/gdpr\" target=\"_blank\">osobn\u00fdch \u00fadajov<\/a>.<\/span><\/label><\/span><\/span><\/span> <\/label><\/p>\n<p><br><\/p>\n<p><button type=\"submit\" value=\"Odosla\u0165\" class=\"wpcf7-form-control wpcf7-submit\" \/><\/p>\n<div class=\"wpcf7-response-output\" role=\"alert\" aria-hidden=\"true\"><\/div><\/form><\/div><\/p>\n                <\/div>\n                <div class=\"col-sm-4 col-md-3\">\n                    <div class=\"text-block\">\n                        <h2>Aktu\u00e1lne vo\u013en\u00e9 pracovn\u00e9 poz\u00edce:<\/h2>\n                        <p>V tejto chv\u00edli nem\u00e1me vo\u013en\u00e9 pracovn\u00e9 poz\u00edcie.<\/p>\n                        <p><img class=\"alignleft\" src=\"https:\/\/www.lunys.sk\/upload\/image\/profesia.png\" alt=\"Profesia.sk\"><\/p>\n                    <\/div>\n                <\/div>\n            <\/div>\n            <!--end of row-->\n        <\/div>\n        <!--end of container-->\n    <\/section>[:]","protected":false},"excerpt":{"rendered":"<p>Kari\u00e9ra V pr\u00edpade z\u00e1ujmu o pracovn\u00fa poz\u00edciu n\u00e1m po\u0161lite \u017eivotopis prostredn\u00edctvom formul\u00e1ra: Va\u0161e meno* V\u00e1\u0161 email* V\u00e1\u0161 telef\u00f3n* Pr\u00edloha* (\u017eivotopis, CV,&#8230;<\/p>\n","protected":false},"author":1,"featured_media":0,"parent":0,"menu_order":0,"comment_status":"closed","ping_status":"closed","template":"","meta":{"footnotes":""},"class_list":["post-4581","page","type-page","status-publish","hentry"],"_links":{"self":[{"href":"https:\/\/mouthwash.eu\/pl\/wp-json\/wp\/v2\/pages\/4581","targetHints":{"allow":["GET"]}}],"collection":[{"href":"https:\/\/mouthwash.eu\/pl\/wp-json\/wp\/v2\/pages"}],"about":[{"href":"https:\/\/mouthwash.eu\/pl\/wp-json\/wp\/v2\/types\/page"}],"author":[{"embeddable":true,"href":"https:\/\/mouthwash.eu\/pl\/wp-json\/wp\/v2\/users\/1"}],"replies":[{"embeddable":true,"href":"https:\/\/mouthwash.eu\/pl\/wp-json\/wp\/v2\/comments?post=4581"}],"version-history":[{"count":6,"href":"https:\/\/mouthwash.eu\/pl\/wp-json\/wp\/v2\/pages\/4581\/revisions"}],"predecessor-version":[{"id":4770,"href":"https:\/\/mouthwash.eu\/pl\/wp-json\/wp\/v2\/pages\/4581\/revisions\/4770"}],"wp:attachment":[{"href":"https:\/\/mouthwash.eu\/pl\/wp-json\/wp\/v2\/media?parent=4581"}],"curies":[{"name":"wp","href":"https:\/\/api.w.org\/{rel}","templated":true}]}}