{"id":4509,"date":"2020-05-09T18:56:44","date_gmt":"2020-05-09T16:56:44","guid":{"rendered":"https:\/\/mouthwash.bashastudio.sk\/sk\/?page_id=4509"},"modified":"2020-06-19T14:49:56","modified_gmt":"2020-06-19T12:49:56","slug":"zahranicie","status":"publish","type":"page","link":"https:\/\/mouthwash.eu\/pl\/zahranicie\/","title":{"rendered":"Zahrani\u010die"},"content":{"rendered":"[:sk]<section class=\"text-center  space--xs\">\n        <div class=\"container\">\n            <div class=\"row\">\n                <div class=\"col-sm-10 col-md-8\">\n                    <h4>CAF Mouthwash v zahrani\u010d\u00ed<\/h4>\n                <\/div>\n            <\/div>\n            <!--end of row-->\n        <\/div>\n        <!--end of container-->\n    <\/section>\n    <section class=\"bg--secondary space--xs\">\n        <div class=\"container\">\n            <div class=\"row\">\n                <div class=\"col-sm-12\">\n                    <p style=\"text-align: center;\">P\u00f4sob\u00edte v Ma\u010farsku, \u010cesku, Po\u013esku a m\u00e1te z\u00e1ujem s nami spolupracova\u0165? Nev\u00e1hajte n\u00e1s kontaktova\u0165, uv\u00edtame ka\u017ed\u00fa seri\u00f3znu spolupr\u00e1cu<\/p>\n                <\/div>\n            <\/div>\n            <!--end of row-->\n        <\/div>\n        <!--end of container-->\n    <\/section>[:]","protected":false},"excerpt":{"rendered":"<p>CAF Mouthwash v zahrani\u010d\u00ed P\u00f4sob\u00edte v Ma\u010farsku, \u010cesku, Po\u013esku a m\u00e1te z\u00e1ujem s nami spolupracova\u0165? Nev\u00e1hajte n\u00e1s kontaktova\u0165, uv\u00edtame ka\u017ed\u00fa seri\u00f3znu&#8230;<\/p>\n","protected":false},"author":1,"featured_media":0,"parent":0,"menu_order":0,"comment_status":"closed","ping_status":"closed","template":"","meta":{"footnotes":""},"class_list":["post-4509","page","type-page","status-publish","hentry"],"_links":{"self":[{"href":"https:\/\/mouthwash.eu\/pl\/wp-json\/wp\/v2\/pages\/4509","targetHints":{"allow":["GET"]}}],"collection":[{"href":"https:\/\/mouthwash.eu\/pl\/wp-json\/wp\/v2\/pages"}],"about":[{"href":"https:\/\/mouthwash.eu\/pl\/wp-json\/wp\/v2\/types\/page"}],"author":[{"embeddable":true,"href":"https:\/\/mouthwash.eu\/pl\/wp-json\/wp\/v2\/users\/1"}],"replies":[{"embeddable":true,"href":"https:\/\/mouthwash.eu\/pl\/wp-json\/wp\/v2\/comments?post=4509"}],"version-history":[{"count":6,"href":"https:\/\/mouthwash.eu\/pl\/wp-json\/wp\/v2\/pages\/4509\/revisions"}],"predecessor-version":[{"id":4747,"href":"https:\/\/mouthwash.eu\/pl\/wp-json\/wp\/v2\/pages\/4509\/revisions\/4747"}],"wp:attachment":[{"href":"https:\/\/mouthwash.eu\/pl\/wp-json\/wp\/v2\/media?parent=4509"}],"curies":[{"name":"wp","href":"https:\/\/api.w.org\/{rel}","templated":true}]}}