{"id":4489,"date":"2020-05-09T17:01:49","date_gmt":"2020-05-09T15:01:49","guid":{"rendered":"https:\/\/mouthwash.bashastudio.sk\/sk\/?page_id=4489"},"modified":"2020-09-07T00:57:35","modified_gmt":"2020-09-06T22:57:35","slug":"chut","status":"publish","type":"page","link":"https:\/\/mouthwash.eu\/pl\/chut\/","title":{"rendered":"Chu\u0165"},"content":{"rendered":"[:sk]<section class=\"text-center  space--xs\">\n        <div class=\"container\">\n            <div class=\"row\">\n                <div class=\"col-sm-10 col-md-8\">\n                    <h1>Chu\u0165<\/h1>\n                <\/div>\n            <\/div>\n            <!--end of row-->\n        <\/div>\n        <!--end of container-->\n    <\/section>\n    <section class=\"bg--secondary space--xs\">\n        <div class=\"container\">\n            <div class=\"row\">\n                <div class=\"col-sm-12\">\n                    <p><span>\u00dastna voda je na\u0161ou vlajkovou lo\u010fou. Chu\u0165ou je jedna z najlep\u0161\u00edch na trhu. Je ide\u00e1lna pre ka\u017ed\u00e9ho, komu z\u00e1le\u017e\u00ed na svie\u017eom dychu. Pri jej v\u00fdrobe sme kl\u00e1dli ve\u013ek\u00fd d\u00f4raz na vytvorenie chuti a ar\u00f3my, ktor\u00e1 sa ide\u00e1lne hod\u00ed do komer\u010dn\u00e9ho prostredia. Navrhli sme tak\u00fa \u00fastnu vodu, ktor\u00e1 osvie\u017ei v\u00e1\u0161 dych bez toho, aby bola pr\u00edli\u0161 siln\u00e1. Ar\u00f3ma vyu\u017e\u00edva kyselinu citr\u00f3nov\u00fa na ni\u010denie bakt\u00e9ri\u00ed, pri\u010dom je \u00faplne bez alkoholu a neobsahuje \u017eiadne akt\u00edvne zlo\u017eky. Navy\u0161e, \u00fastna voda chut\u00ed \u00fa\u017easne.&nbsp;<\/span><\/p>\n                    <p><span>Chu\u0165 je jemn\u00e9 m\u00e4tov\u00e1 a nedr\u00e1\u017edi. <\/span><span>\u00dastna voda obsahuje v\u0161etky zdravotn\u00e9 v\u00fdhody pou\u017e\u00edvania \u00fastnej vody, pri\u010dom \u00faplne minimalizuje riziko alergick\u00fdch reakci\u00ed.<\/span><\/p>\n                    <p>Zlo\u017eenie: voda, glycer\u00edn, poloxam\u00e9r 407, ar\u00f3ma, polysorb\u00e1t 80, sachar\u00edn sodn\u00fd, sod\u00edk, benzo\u00e1t,<br>kyselina citr\u00f3nov\u00e1 a modr\u00e1<\/p>\n                <\/div>\n            <\/div>\n            <!--end of row-->\n        <\/div>\n        <!--end of container-->\n    <\/section>[:hu]<section class=\"text-center  space--xs\">\n        <div class=\"container\">\n            <div class=\"row\">\n                <div class=\"col-sm-10 col-md-8\">\n                    <h1>\u00cdz <\/h1>\n                <\/div>\n            <\/div>\n            <!--end of row-->\n        <\/div>\n        <!--end of container-->\n    <\/section>\n    <section class=\"bg--secondary space--xs\">\n        <div class=\"container\">\n            <div class=\"row\">\n                <div class=\"col-sm-12\">\n                    <p><span>Z\u00e1szl\u00f3shaj\u00f3nk a piacon kaphat\u00f3 egyik legjobb \u00edz\u0171 sz\u00e1jv\u00edz. Ide\u00e1lis mindenkinek, aki sz\u00e1m\u00e1ra fontos a friss lehelet. Gy\u00e1rt\u00e1sa sor\u00e1n nagy figyelmet ford\u00edtottunk az \u00fczleti k\u00f6rnyezetbe t\u00f6k\u00e9letesen ill\u0151 \u00edz \u00e9s aroma megteremt\u00e9s\u00e9re. Olyan sz\u00e1jvizet k\u00e9sz\u00edtett\u00fcnk, ami felfriss\u00edti a leheletet an\u00e9lk\u00fcl, hogy t\u00fal er\u0151s lenne. Az aroma citromsavat haszn\u00e1l a bakt\u00e9riumok hat\u00e1stalan\u00edt\u00e1s\u00e1ra, mik\u00f6zben nem tartalmaz alkoholt, sem egy\u00e9b akt\u00edv \u00f6sszetev\u0151t. R\u00e1ad\u00e1sul az \u00edze is kit\u0171n\u0151.<\/span><\/p>\n                    <p><span>\u00cdze enh\u00e9n mentolos, nem irrit\u00e1l\u00f3. Term\u00e9k\u00fcnk tartalmazza a sz\u00e1jv\u00edz haszn\u00e1lat\u00e1nak \u00f6sszes eg\u00e9szs\u00e9g\u00fcgyi el\u0151ny\u00e9t, mik\u00f6zben teljesen minimaliz\u00e1lja az allergi\u00e1s reakci\u00f3k kock\u00e1zat\u00e1t.<\/span><\/p>\n                    <p>\u00d6sszetev\u0151k: v\u00edz, glicerin, 407 poloxamer, aroma, poliszorb\u00e1t 80, n\u00e1trium-szacharin, n\u00e1trium-benzo\u00e1t, citromsav \u00e9s k\u00e9k.<\/p>\n                <\/div>\n            <\/div>\n            <!--end of row-->\n        <\/div>\n        <!--end of container-->\n    <\/section>[:]","protected":false},"excerpt":{"rendered":"<p>Chu\u0165 \u00dastna voda je na\u0161ou vlajkovou lo\u010fou. Chu\u0165ou je jedna z najlep\u0161\u00edch na trhu. Je ide\u00e1lna pre ka\u017ed\u00e9ho, komu z\u00e1le\u017e\u00ed na&#8230;<\/p>\n","protected":false},"author":1,"featured_media":0,"parent":0,"menu_order":0,"comment_status":"closed","ping_status":"closed","template":"","meta":{"footnotes":""},"class_list":["post-4489","page","type-page","status-publish","hentry"],"_links":{"self":[{"href":"https:\/\/mouthwash.eu\/pl\/wp-json\/wp\/v2\/pages\/4489","targetHints":{"allow":["GET"]}}],"collection":[{"href":"https:\/\/mouthwash.eu\/pl\/wp-json\/wp\/v2\/pages"}],"about":[{"href":"https:\/\/mouthwash.eu\/pl\/wp-json\/wp\/v2\/types\/page"}],"author":[{"embeddable":true,"href":"https:\/\/mouthwash.eu\/pl\/wp-json\/wp\/v2\/users\/1"}],"replies":[{"embeddable":true,"href":"https:\/\/mouthwash.eu\/pl\/wp-json\/wp\/v2\/comments?post=4489"}],"version-history":[{"count":6,"href":"https:\/\/mouthwash.eu\/pl\/wp-json\/wp\/v2\/pages\/4489\/revisions"}],"predecessor-version":[{"id":4923,"href":"https:\/\/mouthwash.eu\/pl\/wp-json\/wp\/v2\/pages\/4489\/revisions\/4923"}],"wp:attachment":[{"href":"https:\/\/mouthwash.eu\/pl\/wp-json\/wp\/v2\/media?parent=4489"}],"curies":[{"name":"wp","href":"https:\/\/api.w.org\/{rel}","templated":true}]}}