{"id":4429,"date":"2020-04-19T15:39:15","date_gmt":"2020-04-19T13:39:15","guid":{"rendered":"https:\/\/mouthwash.bashastudio.sk\/sk\/?page_id=4429"},"modified":"2020-07-03T05:53:54","modified_gmt":"2020-07-03T03:53:54","slug":"distributori","status":"publish","type":"page","link":"https:\/\/mouthwash.eu\/pl\/distributori\/","title":{"rendered":"Distrib\u00fatori"},"content":{"rendered":"[:sk]<section class=\"text-center  space--xs\">\n        <div class=\"container\">\n            <div class=\"row\">\n                <div class=\"col-sm-10 col-md-8\">\n                    <h1>Distrib\u00fatori<\/h1>\n                    <p class=\"lead\">Mali by va\u0161i z\u00e1kazn\u00edci z\u00e1ujem vysk\u00fa\u0161a\u0165 program CAF Mouthwash?<\/p>\n                <\/div>\n            <\/div>\n            <!--end of row-->\n        <\/div>\n        <!--end of container-->\n    <\/section>\n    <section class=\"bg--secondary space--xs\">\n        <div class=\"container\">\n            <div class=\"row\">\n                <div class=\"col-sm-12\">\n                    <p><span>Mo\u017eno pr\u00e1ve tento produkt znie ako nie\u010do, \u010do by v\u00e1\u0161 predajn\u00fd t\u00edm mohol rozvin\u00fa\u0165 pre va\u0161ich z\u00e1kazn\u00edkoch. Ak je to tak, uv\u00edtame spolupr\u00e1cu s vybran\u00fdmi distrib\u00fatormi.<\/span><\/p>\n                    <p><span>Ako distrib\u00fatorovi n\u00e1\u0161ho programu Mouthwash v\u00e1m radi pom\u00f4\u017eeme so vzdelan\u00edm v\u00e1\u0161ho predajn\u00e9ho t\u00edmu a motivujeme ho k tomu, aby bol nad\u0161en\u00fd z predaja. Je to produkt, ktor\u00fd z\u00e1kazn\u00edkov r\u00fdchlo oslov\u00ed a na\u0161im cie\u013eom je pom\u00f4c\u0165 v\u00e1m r\u00fdchlo a profesion\u00e1lne zapoji\u0165 sa do predaja.<\/span><\/p>\n                    <h2><span>S\u00fa va\u0161i z\u00e1kazn\u00edci IN?<\/span><\/h2>\n                    <p><span>Ak va\u0161a distribu\u010dn\u00e1 spolo\u010dnos\u0165 poskytuje slu\u017eby spolo\u010dnostiam, ktor\u00e9 sa sna\u017eia vytv\u00e1ra\u0165 pre svojich z\u00e1kazn\u00edkov nezabudnute\u013en\u00e9 prostredie, mouthwash je va\u0161e ide\u00e1lne rie\u0161enie pre pridanie n\u00e1\u0161ho produktu.<\/span><\/p>\n                <\/div>\n            <\/div>\n            <!--end of row-->\n        <\/div>\n        <!--end of container-->\n    <\/section>[:]","protected":false},"excerpt":{"rendered":"<p>Distrib\u00fatori Mali by va\u0161i z\u00e1kazn\u00edci z\u00e1ujem vysk\u00fa\u0161a\u0165 program CAF Mouthwash? Mo\u017eno pr\u00e1ve tento produkt znie ako nie\u010do, \u010do by v\u00e1\u0161 predajn\u00fd&#8230;<\/p>\n","protected":false},"author":1,"featured_media":0,"parent":0,"menu_order":0,"comment_status":"closed","ping_status":"closed","template":"","meta":{"footnotes":""},"class_list":["post-4429","page","type-page","status-publish","hentry"],"_links":{"self":[{"href":"https:\/\/mouthwash.eu\/pl\/wp-json\/wp\/v2\/pages\/4429","targetHints":{"allow":["GET"]}}],"collection":[{"href":"https:\/\/mouthwash.eu\/pl\/wp-json\/wp\/v2\/pages"}],"about":[{"href":"https:\/\/mouthwash.eu\/pl\/wp-json\/wp\/v2\/types\/page"}],"author":[{"embeddable":true,"href":"https:\/\/mouthwash.eu\/pl\/wp-json\/wp\/v2\/users\/1"}],"replies":[{"embeddable":true,"href":"https:\/\/mouthwash.eu\/pl\/wp-json\/wp\/v2\/comments?post=4429"}],"version-history":[{"count":6,"href":"https:\/\/mouthwash.eu\/pl\/wp-json\/wp\/v2\/pages\/4429\/revisions"}],"predecessor-version":[{"id":4829,"href":"https:\/\/mouthwash.eu\/pl\/wp-json\/wp\/v2\/pages\/4429\/revisions\/4829"}],"wp:attachment":[{"href":"https:\/\/mouthwash.eu\/pl\/wp-json\/wp\/v2\/media?parent=4429"}],"curies":[{"name":"wp","href":"https:\/\/api.w.org\/{rel}","templated":true}]}}