{"id":4384,"date":"2020-04-05T04:01:20","date_gmt":"2020-04-05T02:01:20","guid":{"rendered":"https:\/\/mouthwash.bashastudio.sk\/sk\/?page_id=4384"},"modified":"2020-04-05T04:04:51","modified_gmt":"2020-04-05T02:04:51","slug":"informacna-povinnost","status":"publish","type":"page","link":"https:\/\/mouthwash.eu\/pl\/informacna-povinnost\/","title":{"rendered":"Informa\u010dn\u00e1 povinnos\u0165"},"content":{"rendered":"[:sk]<section class=\"text-center  space--xs\">\n        <div class=\"container\">\n            <div class=\"row\">\n                <div class=\"col-sm-10 col-md-8\">\n                    <h1>INFORMA\u010cN\u00c1 POVINNOS\u0164 POD\u013dA Z\u00c1KONA O OCHRANE OSOBN\u00ddCH \u00daDAJOV (GDPR)<\/h1>\n                    <p class=\"lead\">Inform\u00e1cie o sprac\u00favan\u00ed osobn\u00fdch \u00fadajov os\u00f4b vstupuj\u00facich do priestorov spolo\u010dnosti mouthwash s.r.o.<\/p>\n                <\/div>\n            <\/div>\n            <!--end of row-->\n        <\/div>\n        <!--end of container-->\n    <\/section>\n    <section class=\"bg--secondary space--xs\">\n        <div class=\"container\">\n            <div class=\"row\">\n                <div class=\"col-sm-12\">\n                    <p><strong>Identifika\u010dn\u00e9 \u00fadaje prev\u00e1dzkovate\u013ea<\/strong><\/p>\n                    <p>Prev\u00e1dzkovate\u013eom osobn\u00fdch \u00fadajov je spolo\u010dnos\u0165 mouthwash s.r.o., so s\u00eddlom Na pa\u017eiti 955\/48, 919 51 \u0160pa\u010dince, I\u010cO 52992 527, zap\u00edsan\u00e1 v Obchodnom registri Okresn\u00e9ho s\u00fadu Trnava, Oddiel Sa, Vlo\u017eka \u010d\u00edslo 46376\/T (\u010falej len \u201espolo\u010dnos\u0165 mouthwash\u201c), ktor\u00e1 sprac\u00fava osobn\u00e9 \u00fadaje za podmienok uveden\u00fdch ni\u017e\u0161ie.<\/p>\n                    <p><strong>Kontaktn\u00e9 \u00fadaje zodpovednej osoby<\/strong><\/p>\n                    <p>Zodpovednou osobou spolo\u010dnosti mouthwash je p\u00e1n Mgr. Peter Derzsi, e-mailov\u00e1 adresa derzsi@mouthwash.eu, telef\u00f3nne \u010d\u00edslo 0908 158 448 kontakt na call centrum).<\/p>\n                    <p><strong>Sprac\u00favan\u00e9 osobn\u00e9 \u00fadaje a \u00fa\u010del ich sprac\u00favania<\/strong><\/p>\n                    <p>Spolo\u010dnos\u0165 mouthwash sprac\u00fava na \u00fa\u010dely ochrany majetku spolo\u010dnosti mouthwash a na \u00fa\u010dely preuk\u00e1zania bezchybnosti predan\u00e9ho tovaru spolo\u010dnos\u0165ou mouthwash&nbsp;osobn\u00e9 \u00fadaje os\u00f4b vstupuj\u00facich do priestorov spolo\u010dnosti mouthwash v nasledovnom rozsahu: osobn\u00e9 \u00fadaje uveden\u00e9 na kamerovom z\u00e1zname (podobize\u0148, obrazov\u00fd z\u00e1znam).<\/p>\n                    <p><strong>Pr\u00e1vny z\u00e1klad sprac\u00favania osobn\u00fdch \u00fadajov<\/strong><\/p>\n                    <p>Pr\u00e1vnym z\u00e1kladom sprac\u00favania osobn\u00fdch \u00fadajov je \u010dl\u00e1nok 6 ods. 1 p\u00edsm. f) Nariadenia o ochrane fyzick\u00fdch os\u00f4b pri sprac\u00favan\u00ed osobn\u00fdch \u00fadajov a o vo\u013enom pohybe tak\u00fdchto \u00fadajov, ktor\u00fdm sa zru\u0161uje smernica 95\/46\/ES (v\u0161eobecn\u00e9 nariadenie o ochrane \u00fadajov) (\u010falej len \u201eNariadenie GDPR\u201c), t. j. sprac\u00favanie osobn\u00fdch \u00fadajov je nevyhnutn\u00e9 na \u00fa\u010dely opr\u00e1vnen\u00e9ho z\u00e1ujmu spolo\u010dnosti mouthwash.<\/p>\n                    <p><strong>Inform\u00e1cia o nevyhnutnosti sprac\u00favania osobn\u00fdch \u00fadajov<\/strong><\/p>\n                    <p>Sprac\u00favanie osobn\u00fdch \u00fadajov spolo\u010dnos\u0165ou mouthwash je nevyhnutn\u00e9 na zabezpe\u010denie opr\u00e1vnen\u00e9ho z\u00e1ujmu spolo\u010dnosti mouthwash.<\/p>\n                    <p><strong>Pr\u00edjemcovia osobn\u00fdch \u00fadajov<\/strong><\/p>\n                    <p>Pr\u00edjemcami osobn\u00fdch \u00fadajov s\u00fa nasledovn\u00e9 osoby:<\/p>\n                    <ul>\n                        <li>&nbsp; &nbsp; &nbsp;Policajn\u00fd zbor SR,<\/li>\n                    <\/ul>\n                    <p><strong>Doba uchov\u00e1vania osobn\u00fdch \u00fadajov<\/strong><\/p>\n                    <p>Osobn\u00e9 \u00fadaje bud\u00fa uchov\u00e1van\u00e9 do vymazania pr\u00edslu\u0161n\u00e9ho kamerov\u00e9ho z\u00e1znamu v lehote 15 dn\u00ed od jeho vyhotovenia.<\/p>\n                    <p><strong>Pr\u00e1va dotknut\u00fdch os\u00f4b (t.j. vstupuj\u00facich do priestorov spolo\u010dnosti mouthwash) s\u00favisiace so sprac\u00favan\u00edm ich osobn\u00fdch \u00fadajov<\/strong><\/p>\n                    <p>Dotknut\u00e1 osoba m\u00e1 vo\u010di prev\u00e1dzkovate\u013eovi pr\u00e1vo po\u017eadova\u0165 pr\u00edstup k osobn\u00fdm \u00fadajom, na opravu osobn\u00fdch \u00fadajov, na vymazanie osobn\u00fdch \u00fadajov, na obmedzenie sprac\u00favania osobn\u00fdch \u00fadajov, na prenosnos\u0165 osobn\u00fdch \u00fadajov a pr\u00e1vo namieta\u0165 proti sprac\u00favaniu osobn\u00fdch \u00fadajov.<br>Ak sa dotknut\u00e1 osoba domnieva, \u017ee je priamo dotknut\u00fd\/\u00e1 na svojich pr\u00e1vach ustanoven\u00fdch Nariaden\u00edm GDPR alebo in\u00fdmi pr\u00edslu\u0161n\u00fdmi pr\u00e1vnymi predpismi o ochrane osobn\u00fdch \u00fadajov, m\u00e1 pr\u00e1vo poda\u0165 \u00daradu na ochranu osobn\u00fdch \u00fadajov Slovenskej republiky n\u00e1vrh na za\u010datie konania.<\/p>\n                    <p><strong>Mo\u017enosti kontaktovania spolo\u010dnosti mouthwash<\/strong><\/p>\n                    <p>Spolo\u010dnos\u0165 mouthwash je mo\u017en\u00e9 kontaktova\u0165 oh\u013eadom sprac\u00favania osobn\u00fdch \u00fadajov a vyu\u017ei\u0165 pr\u00e1va uveden\u00e9 vy\u0161\u0161ie prostredn\u00edctvom p\u00edsomn\u00e9ho listu doru\u010den\u00e9ho na adresu s\u00eddla spolo\u010dnosti mouthwash s uveden\u00edm mena a priezviska zodpovednej osoby, doru\u010den\u00edm e-mailu na adresu info@mouthwash.eu alebo na telef\u00f3nnom \u010d\u00edsle 0908 158 448(kontakt na call centrum).<\/p>\n                <\/div>\n            <\/div>\n            <!--end of row-->\n        <\/div>\n        <!--end of container-->\n    <\/section>[:]","protected":false},"excerpt":{"rendered":"<p>INFORMA\u010cN\u00c1 POVINNOS\u0164 POD\u013dA Z\u00c1KONA O OCHRANE OSOBN\u00ddCH \u00daDAJOV (GDPR) Inform\u00e1cie o sprac\u00favan\u00ed osobn\u00fdch \u00fadajov os\u00f4b vstupuj\u00facich do priestorov spolo\u010dnosti mouthwash s.r.o&#8230;.<\/p>\n","protected":false},"author":1,"featured_media":0,"parent":0,"menu_order":0,"comment_status":"closed","ping_status":"closed","template":"","meta":{"footnotes":""},"class_list":["post-4384","page","type-page","status-publish","hentry"],"_links":{"self":[{"href":"https:\/\/mouthwash.eu\/pl\/wp-json\/wp\/v2\/pages\/4384","targetHints":{"allow":["GET"]}}],"collection":[{"href":"https:\/\/mouthwash.eu\/pl\/wp-json\/wp\/v2\/pages"}],"about":[{"href":"https:\/\/mouthwash.eu\/pl\/wp-json\/wp\/v2\/types\/page"}],"author":[{"embeddable":true,"href":"https:\/\/mouthwash.eu\/pl\/wp-json\/wp\/v2\/users\/1"}],"replies":[{"embeddable":true,"href":"https:\/\/mouthwash.eu\/pl\/wp-json\/wp\/v2\/comments?post=4384"}],"version-history":[{"count":4,"href":"https:\/\/mouthwash.eu\/pl\/wp-json\/wp\/v2\/pages\/4384\/revisions"}],"predecessor-version":[{"id":4389,"href":"https:\/\/mouthwash.eu\/pl\/wp-json\/wp\/v2\/pages\/4384\/revisions\/4389"}],"wp:attachment":[{"href":"https:\/\/mouthwash.eu\/pl\/wp-json\/wp\/v2\/media?parent=4384"}],"curies":[{"name":"wp","href":"https:\/\/api.w.org\/{rel}","templated":true}]}}