{"id":4353,"date":"2020-03-31T18:06:44","date_gmt":"2020-03-31T16:06:44","guid":{"rendered":"https:\/\/mouthwash.bashastudio.sk\/sk\/?page_id=4353"},"modified":"2020-05-12T01:39:42","modified_gmt":"2020-05-11T23:39:42","slug":"krok-2","status":"publish","type":"page","link":"https:\/\/mouthwash.eu\/pl\/start\/krok-2\/","title":{"rendered":"Krok 2"},"content":{"rendered":"[:sk]<section class=\"text-center  space--xs\">\n        <div class=\"container\">\n            <div class=\"row\">\n                <div class=\"col-sm-10 col-md-8\">\n                    <h1>In\u0161tal\u00e1cia<\/h1>\n                    <p><strong>Krok 2\/3<\/strong><\/p>\n                    <p class=\"lead\">Pre in\u0161tala\u010dn\u00fd proces pon\u00fakame dve mo\u017enosti mont\u00e1\u017ee pre d\u00e1vkova\u010de. Ktor\u00e1 mo\u017enos\u0165 by pre va\u0161u lokalitu fungovala najlep\u0161ie?<\/p>\n                <\/div>\n            <\/div>\n            <!--end of row-->\n        <\/div>\n        <!--end of container-->\n    <\/section>\n    <section class=\"bg--secondary space--xs\">\n        <div class=\"container\">\n            <div class=\"row\">\n                <div class=\"col-sm-12\">\n                    <div class=\"row justify-content-center\">\n                        <div class=\"col-md-6 col-lg-6\">\n                            <div class=\"pricing pricing-1 boxed boxed--border boxed--lg text-center product_box\">\n                                <h4>Mont\u00e1\u017ena s\u00faprava na stenu<\/h4>\n                                <p><span class=\"label color--white-i\">TOP<\/span> <span class=\"h3\"> ZDARMA<\/span><\/p>\n                                <p class=\"text-left\">Toto je najlep\u0161ia vo\u013eba pre v\u00e4\u010d\u0161inu miest a je to najodolnej\u0161\u00ed sp\u00f4sob in\u0161tal\u00e1cie jednotiek. Zah\u0155\u0148a potrebn\u00e9 skrutky a drezy na pripevnenie na obklady alebo doskov\u00e9 steny. T\u00fato vo\u013ebu odpor\u00fa\u010dame pre miesta s vysokou prev\u00e1dzkou rodiny alebo pri in\u0161tal\u00e1cii v miestach, kde by sa jednotka mohla narazi\u0165 \u010dasto.<\/p>\n                                <p>\t\t\t\t\t\t<div class=\"add-to-cart-pro  simple\">\n\t\t\t\t\t\t\t\t\t\t\t\t\t\t\t\t\t\t\t\t\t\t\t\t\t\t\t\t\t\t\t\t\t\t\t\t\t\t\t\t\t\t\t\t\t\t\t\t\t\t\t\t\t\t\t\t\t\t\t\t\t\t\t\t\t\t\t\t\t\t\t\t\t\t\t\t\t\t\t\t\t\t\t\t\t\t\t\t\t\t\t\t\t\t\t\t\t\t\t\t\t\t\t\t\t\t\t\t\t\t\t\t\t\t\t\t\t\t\t\t\t\t\t\t\t\t\t\t\t\t\t\t\t\t\t\t\t\t\t\t\t\t\t\t\t\t\t\t\t\t\t\t\t\t\t\t\t\t\t\t\t\t\t\t\t\t\t\t\t\t\t\t\t\t\t\t\t\t\t\t\t\t\t\t\t\t\t\t\t\t\t\t\t\t\t\t\t\t\t\t\t\t\t\t\t\t\t\t\t\t\t\t\t\t\t\t\t\t\t\t\t\t\t\t\t\t\t\t\t\t\t\t\t\t\t\t\t\t\t\t\t\t\t\t\t\t\t\t\t\t\t\t\t\t\t\t\t\t\t\t\t\t\t\t\t\t<span class=\"ea-line quantity-container\">\n\t\t\t\t\t\t\t\t\t\t\t<div class=\"quantity\">\n\t\t\t\t\t\t\t\t\t\t\t\t<input\n\t\t\t\t\t\t\t\t\t\t\t\t\ttype=\"number\"\n\t\t\t\t\t\t\t\t\t\t\t\t\tid=\"product_4359_qty\"\n\t\t\t\t\t\t\t\t\t\t\t\t\tclass=\"input-text qty text\"\n\t\t\t\t\t\t\t\t\t\t\t\t\tvalue=\"1\"\n\t\t\t\t\t\t\t\t\t\t\t\t\tstep=\"1\"\n\t\t\t\t\t\t\t\t\t\t\t\t\tmin=\"1\"\n\t\t\t\t\t\t\t\t\t\t\t\t\tmax=\"\"\n\t\t\t\t\t\t\t\t\t\t\t\t\tname=\"quantity\"\n\t\t\t\t\t\t\t\t\t\t\t\t\ttitle=\"\"\n\t\t\t\t\t\t\t\t\t\t\t\t\tsize=\"4\"\n\t\t\t\t\t\t\t\t\t\t\t\t\tpattern=\"[0-9]*\"\n\t\t\t\t\t\t\t\t\t\t\t\t\tinputmode=\"numeric\"\n\t\t\t\t\t\t\t\t\t\t\t\t\/>\n\t\t\t\t\t\t\t\t\t\t\t<\/div>\n\t\t\t\t\t\t\t\t\t\t<\/span>\n\t\t\t\t\t\t\t\t\t\t\t\t\t\t\t\t\t\t\t\t\t\t\t\t\t\t\t\t\t\t\t\t\t\t\t\t\t\t\t\t\t\t\t\t\t\t\t\t\t\t\t\t\t\t\t\t\t\t\t\t\t\t\t\t\t\t\t\t\t\t\t\t\t\t\t\t\t\t\t\t\t\t\t\t\t\t\t\t\t\t\t\t\t\t\t\t\t\t\t\t\t\t\t\t\t<button\n\t\t\t\t\t\t\t\t\t\t\ttype=\"submit\"\n\t\t\t\t\t\t\t\t\t\t\tclass=\"a2cp_button button alt simple\"\n\t\t\t\t\t\t\t\t\t\t\tdata-pid=\"4359\"\n\t\t\t\t\t\t\t\t\t\t\tdata-vid=\"0\"\n\t\t\t\t\t\t\t\t\t\t\t\t\t\t\t\t\t\t\t\t\t>\n\t\t\t\t\t\t\t\t\t\t\tAdd to cart\t\t\t\t\t\t\t\t\t\t<\/button>\n\t\t\t\t\t\t\t\t\t\t\t\t\t\t\t\t\t\t\t\t\t\t\t\t\t\t\t\t\t\t\t\t\t\t\t\t\t<\/div>\n\t\t\t\t\t\t<\/p>\n                            <\/div>\n                        <\/div>\n                        <div class=\"col-md-6 col-lg-6\">\n                            <div class=\"pricing pricing-1 boxed boxed--border boxed--lg text-center product_box\">\n                                <h4>Sklenen\u00e1 mont\u00e1\u017ena s\u00faprava<\/h4>\n                                <p><span class=\"h3\"> 12,00 EUR \/ kus<\/span><\/p>\n                                <p class=\"text-left\">T\u00e1to mo\u017enos\u0165 je vynikaj\u00faca pre miesta, ktor\u00e9 potrebuj\u00fa pripevni\u0165 na sklo. Zah\u0155\u0148a \u201eobojstrann\u00fa mont\u00e1\u017enu p\u00e1sku Gorilla Heavy Duty 30 lbs\u201c na \u013eahk\u00e9 pripevnenie jednotiek na sklo. Navy\u0161e sme spolupracovali s na\u0161imi priate\u013emi v Gorille, aby sme t\u00fato mo\u017enos\u0165 pomohli \u010do najni\u017e\u0161\u00edmi n\u00e1kladmi a prid\u00e1va len 3 dol\u00e1re za v\u00fddajn\u00fd stojan.<\/p>\n                                <p>\t\t\t\t\t\t<div class=\"add-to-cart-pro  simple\">\n\t\t\t\t\t\t\t\t\t\t\t\t\t\t\t\t\t\t\t\t\t\t\t\t\t\t\t\t\t\t\t\t\t\t\t\t\t\t\t\t\t\t\t\t\t\t\t\t\t\t\t\t\t\t\t\t\t\t\t\t\t\t\t\t\t\t\t\t\t\t\t\t\t\t\t\t\t\t\t\t\t\t\t\t\t\t\t\t\t\t\t\t\t\t\t\t\t\t\t\t\t\t\t\t\t\t\t\t\t\t\t\t\t\t\t\t\t\t\t\t\t\t\t\t\t\t\t\t\t\t\t\t\t\t\t\t\t\t\t\t\t\t\t\t\t\t\t\t\t\t\t\t\t\t\t\t\t\t\t\t\t\t\t\t\t\t\t\t\t\t\t\t\t\t\t\t\t\t\t\t\t\t\t\t\t\t\t\t\t\t\t\t\t\t\t\t\t\t\t\t\t\t\t\t\t\t\t\t\t\t\t\t\t\t\t\t\t\t\t\t\t\t\t\t\t\t\t\t\t\t\t\t\t\t\t\t\t\t\t\t\t\t\t\t\t\t\t\t\t\t\t\t\t\t\t\t\t\t\t\t\t\t\t\t\t\t<span class=\"ea-line quantity-container\">\n\t\t\t\t\t\t\t\t\t\t\t<div class=\"quantity\">\n\t\t\t\t\t\t\t\t\t\t\t\t<input\n\t\t\t\t\t\t\t\t\t\t\t\t\ttype=\"number\"\n\t\t\t\t\t\t\t\t\t\t\t\t\tid=\"product_4360_qty\"\n\t\t\t\t\t\t\t\t\t\t\t\t\tclass=\"input-text qty text\"\n\t\t\t\t\t\t\t\t\t\t\t\t\tvalue=\"1\"\n\t\t\t\t\t\t\t\t\t\t\t\t\tstep=\"1\"\n\t\t\t\t\t\t\t\t\t\t\t\t\tmin=\"1\"\n\t\t\t\t\t\t\t\t\t\t\t\t\tmax=\"\"\n\t\t\t\t\t\t\t\t\t\t\t\t\tname=\"quantity\"\n\t\t\t\t\t\t\t\t\t\t\t\t\ttitle=\"\"\n\t\t\t\t\t\t\t\t\t\t\t\t\tsize=\"4\"\n\t\t\t\t\t\t\t\t\t\t\t\t\tpattern=\"[0-9]*\"\n\t\t\t\t\t\t\t\t\t\t\t\t\tinputmode=\"numeric\"\n\t\t\t\t\t\t\t\t\t\t\t\t\/>\n\t\t\t\t\t\t\t\t\t\t\t<\/div>\n\t\t\t\t\t\t\t\t\t\t<\/span>\n\t\t\t\t\t\t\t\t\t\t\t\t\t\t\t\t\t\t\t\t\t\t\t\t\t\t\t\t\t\t\t\t\t\t\t\t\t\t\t\t\t\t\t\t\t\t\t\t\t\t\t\t\t\t\t\t\t\t\t\t\t\t\t\t\t\t\t\t\t\t\t\t\t\t\t\t\t\t\t\t\t\t\t\t\t\t\t\t\t\t\t\t\t\t\t\t\t\t\t\t\t\t\t\t\t<button\n\t\t\t\t\t\t\t\t\t\t\ttype=\"submit\"\n\t\t\t\t\t\t\t\t\t\t\tclass=\"a2cp_button button alt simple\"\n\t\t\t\t\t\t\t\t\t\t\tdata-pid=\"4360\"\n\t\t\t\t\t\t\t\t\t\t\tdata-vid=\"0\"\n\t\t\t\t\t\t\t\t\t\t\t\t\t\t\t\t\t\t\t\t\t>\n\t\t\t\t\t\t\t\t\t\t\tAdd to cart\t\t\t\t\t\t\t\t\t\t<\/button>\n\t\t\t\t\t\t\t\t\t\t\t\t\t\t\t\t\t\t\t\t\t\t\t\t\t\t\t\t\t\t\t\t\t\t\t\t\t<\/div>\n\t\t\t\t\t\t<\/p>\n                            <\/div>\n                        <\/div>\n                    <\/div>\n                    <div class=\"row\">\n                        <div class=\"col-md-12 col-lg-12 text-center\">\n                            <a class=\"btn btn--primary type--uppercase gfb-next-step\" href=\"https:\/\/mouthwash.eu\/pl\/cart\/\"> <span class=\"btn__text\"> Krok 3\/3 - Ko\u0161\u00edk<\/span> <\/a>\n                        <\/div>\n                    <\/div>\n                <\/div>\n            <\/div>\n            <!--end of row-->\n        <\/div>\n        <!--end of container-->\n    <\/section>[:]","protected":false},"excerpt":{"rendered":"<p>In\u0161tal\u00e1cia Krok 2\/3 Pre in\u0161tala\u010dn\u00fd proces pon\u00fakame dve mo\u017enosti mont\u00e1\u017ee pre d\u00e1vkova\u010de. Ktor\u00e1 mo\u017enos\u0165 by pre va\u0161u lokalitu fungovala najlep\u0161ie? Mont\u00e1\u017ena&#8230;<\/p>\n","protected":false},"author":1,"featured_media":0,"parent":4311,"menu_order":0,"comment_status":"closed","ping_status":"closed","template":"","meta":{"footnotes":""},"class_list":["post-4353","page","type-page","status-publish","hentry"],"_links":{"self":[{"href":"https:\/\/mouthwash.eu\/pl\/wp-json\/wp\/v2\/pages\/4353","targetHints":{"allow":["GET"]}}],"collection":[{"href":"https:\/\/mouthwash.eu\/pl\/wp-json\/wp\/v2\/pages"}],"about":[{"href":"https:\/\/mouthwash.eu\/pl\/wp-json\/wp\/v2\/types\/page"}],"author":[{"embeddable":true,"href":"https:\/\/mouthwash.eu\/pl\/wp-json\/wp\/v2\/users\/1"}],"replies":[{"embeddable":true,"href":"https:\/\/mouthwash.eu\/pl\/wp-json\/wp\/v2\/comments?post=4353"}],"version-history":[{"count":6,"href":"https:\/\/mouthwash.eu\/pl\/wp-json\/wp\/v2\/pages\/4353\/revisions"}],"predecessor-version":[{"id":4544,"href":"https:\/\/mouthwash.eu\/pl\/wp-json\/wp\/v2\/pages\/4353\/revisions\/4544"}],"up":[{"embeddable":true,"href":"https:\/\/mouthwash.eu\/pl\/wp-json\/wp\/v2\/pages\/4311"}],"wp:attachment":[{"href":"https:\/\/mouthwash.eu\/pl\/wp-json\/wp\/v2\/media?parent=4353"}],"curies":[{"name":"wp","href":"https:\/\/api.w.org\/{rel}","templated":true}]}}