{"id":4146,"date":"2020-03-09T08:51:06","date_gmt":"2020-03-09T07:51:06","guid":{"rendered":"https:\/\/mouthwash.bashastudio.sk\/?page_id=4146"},"modified":"2020-07-03T05:30:58","modified_gmt":"2020-07-03T03:30:58","slug":"instalacia","status":"publish","type":"page","link":"https:\/\/mouthwash.eu\/pl\/instalacia\/","title":{"rendered":"In\u0161tal\u00e1cia"},"content":{"rendered":"[:sk]<section class=\"text-center  space--xs\">\n        <div class=\"container\">\n            <div class=\"row\">\n                <div class=\"col-sm-10 col-md-8\">\n                    <h1>N\u00e1vod na in\u0161tal\u00e1ciu<\/h1>\n                <\/div>\n            <\/div>\n            <!--end of row-->\n        <\/div>\n        <!--end of container-->\n    <\/section>\n    <section class=\"bg--secondary space--xs\">\n        <div class=\"container\">\n            <div class=\"row\">\n                <div class=\"col-md-4\">\n                    <div class=\"text-block\">\n                        <div class=\"pricing pricing-1 boxed boxed--b boxed--lg text-center\">\n                            <h4>Automatick\u00fd d\u00e1vkova\u010d<\/h4>\n                            <p><img class=\"max-width-75 mb-5\" src=\"https:\/\/mouthwash.bashastudio.sk\/wp-content\/uploads\/2020\/05\/mouthwash-pristroj-cierny.png\" alt=\"Image\"><\/p>\n                        <\/div>\n                    <\/div>\n                <\/div>\n                <div class=\"col-md-8\">\n                    <div class=\"text-block\">\n                        <h3>1 UMIESTNENIE<\/h3>\n                        <p>Namontujte d\u00e1vkova\u010d \u010do najbli\u017e\u0161ie k um\u00fdvadlu vo vami zvolenej v\u00fd\u0161ke.<\/p>\n                        <h3>2 MONT\u00c1\u017d<\/h3>\n                        <p>Odmontujte mont\u00e1\u017enu konzolu zo zadnej \u010dasti d\u00e1vkova\u010da a ozna\u010dte si miesto na stene. Pri mont\u00e1\u017ei na dla\u017edice pou\u017eite dve mont\u00e1\u017ene skrutky do \u0161k\u00e1ry medzi dla\u017edice. Na ostatn\u00e9 povrchy pou\u017eite v\u0161etky \u0161tyri mont\u00e1\u017ene skrutky. Predv\u0155tajte otvor a vlo\u017ete rozperku (hmo\u017edinka). Prilo\u017een\u00e9 lepiace podlo\u017eky s\u00fa ur\u010den\u00e9 iba na do\u010dasn\u00e9 pou\u017eitie po\u010das in\u0161tal\u00e1cie. Jednotku je potrebn\u00e9 namontova\u0165 pomocou skrutiek, aby sa zabr\u00e1nilo jej vypadnutiu zo steny a jej po\u0161kodeniu.<\/p>\n                        <h3>3 NASTAVENIE<\/h3>\n                        <p>Nasu\u0148te d\u00e1vkova\u010d na mont\u00e1\u017enu konzolu. Na zaistenie d\u00e1vkova\u010da pou\u017eite bezpe\u010dnostn\u00fa skrutku, najmen\u0161iu dod\u00e1van\u00fa skrutku. Upevnite t\u00fato skrutku vo vn\u00fatri d\u00e1vkova\u010da do otvoru, ktor\u00fd sa nach\u00e1dza asi 2,5cm nad ventilom bl\u00edzko stredu d\u00e1vkova\u010da poh\u00e1rikov. Zabr\u00e1nite t\u00fdm odstr\u00e1neniu alebo zo steny.<\/p>\n                        <h3>4 BAT\u00c9RIE<\/h3>\n                        <p>Vlo\u017ete \u0161tyri dodan\u00e9 bat\u00e9rie do z\u00e1sobn\u00edka umiestnen\u00e9ho vo vn\u00fatornom \u013eavom dolnom rohu z\u00e1sobn\u00edka. Uistite sa, \u017ee bat\u00e9rie vklad\u00e1te spr\u00e1vne.<\/p>\n                        <h3>5 POH\u00c1RE<\/h3>\n                        <p>Vyberte poh\u00e1re z balenia a vlo\u017ete ich do vrchn\u00e9ho otvoru d\u00e1vkova\u010da.<\/p>\n                        <h3>6 \u00daSTNA VODA<\/h3>\n                        <p>Odstr\u00e1\u0148te uz\u00e1ver z f\u013ea\u0161e a t\u00fdm uvo\u013en\u00edte tesnenie. F\u013ea\u0161u opatrne oto\u010dte hore dnom a pevne ju zatla\u010dte na ventil v d\u00e1vkova\u010di \u00fastnej vody. Pri v\u00fdmene f\u013ea\u0161e d\u00e1vajte pozor, aby ste nevyliali obsah a nesp\u00f4sobili tak po\u0161kodenie elektroniky jednotky. V pr\u00edpade rozliatia d\u00f4kladne utrite v\u0161etky postihnut\u00e9 miesta.<\/p>\n                        <h3>7 \u00daDR\u017dBA<\/h3>\n                        <p>Po\u010das \u010distenia sa vyhnite navlh\u010deniu motora a bat\u00e9ri\u00ed. Odpor\u00fa\u010dame pravidelne \u010disti\u0165 d\u00e1vkova\u010d \u0161tandardn\u00fdm \u010distiacim prostriedkom a n\u00e1sledne ho utrie\u0165 \u010distou utierkou. Aby ste predi\u0161li skr\u00e1teniu \u017eivotnosti bat\u00e9rie, umiestnite d\u00e1vkova\u010d do such\u00e9ho prostredia a mimo dosahu vlhkosti.<\/p>\n                        <a class=\"btn type--uppercase\" href=\"https:\/\/mouthwash.bashastudio.sk\/wp-content\/uploads\/2020\/03\/navod_mouthwash.pdf\"> <span class=\"btn__text\"> PDF n\u00e1vod <\/span> <\/a>\n                    <\/div>\n                <\/div>\n                <div class=\"col-md-4\"> <\/div>\n            <\/div>\n            <!--end of row-->\n        <\/div>\n        <!--end of container-->\n    <\/section>[:en]<section class=\\\"text-center  space--xs\\\">\r\n        <div class=\\\"container\\\">\r\n            <div class=\\\"row\\\">\r\n                <div class=\\\"col-sm-10 col-md-8\\\">\r\n                    <h1>Manual Installation Guide<\/h1>\r\n                <\/div>\r\n            <\/div>\r\n            <!--end of row-->\r\n        <\/div>\r\n        <!--end of container-->\r\n    <\/section>\r\n    <section class=\\\"bg--secondary space--xs\\\">\r\n        <div class=\\\"container\\\">\r\n            <div class=\\\"row\\\">\r\n                <div class=\\\"col-md-4\\\">\r\n                    <div class=\\\"text-block\\\">\r\n                        <div class=\\\"pricing pricing-1 boxed boxed--b boxed--lg text-center\\\">\r\n                            <h4>Manual Dispensers<\/h4> <img alt=\\\"Image\\\" src=\\\"https:\/\/gotfreshbreath.com\/images\/center-manual-b-f.png\\\" class=\\\"max-width-75 mb-5\\\"> <\/div>\r\n                    <\/div>\r\n                <\/div>\r\n                <div class=\\\"col-md-8\\\">\r\n                    <div class=\\\"text-block\\\">\r\n                        <div class=\\\"pb-5\\\"> <iframe id=\\\"setup-video\\\" src=\\\"\/\/player.vimeo.com\/video\/106930642?title=0&byline=0&portrait=0&autoplay=1\\\" frameborder=\\\"0\\\" webkitallowfullscreen=\\\"\\\" mozallowfullscreen=\\\"\\\" allowfullscreen=\\\"\\\"><\/iframe> <\/div> <br><br>\r\n                        <h3> 1 UMIESTNENIE <\/h3>\r\n                        <p> Odpor\u00fa\u010dame namontova\u0165 d\u00e1vkova\u010d \u010do najbli\u017e\u0161ie k um\u00fdvadlu, ide\u00e1lne \u010do najvy\u0161\u0161ie. <\/p>\r\n                        <h3> 2 MONT\u00c1\u017d <\/h3>\r\n                        <p> Odmontujte mont\u00e1\u017enu konzolu zo zadnej \u010dasti d\u00e1vkova\u010da a ozna\u010dte si miesto na stene. Pri mont\u00e1\u017ei na dla\u017edice je potrebn\u00e9 pou\u017ei\u0165 iba dve skrutky do \u0161k\u00e1rovej hmoty dla\u017edice. Na ostatn\u00e9 povrchy pou\u017eite v\u0161etky \u0161tyri mont\u00e1\u017ene skrutky. Predv\u0155tajte otvor a vlo\u017ete plastov\u00e9 podlo\u017eky. Prilo\u017een\u00e9 lepiace podlo\u017eky s\u00fa ur\u010den\u00e9 iba na do\u010dasn\u00e9 pou\u017eitie po\u010das in\u0161tal\u00e1cie. Jednotku je potrebn\u00e9 namontova\u0165 pomocou skrutiek, aby sa zabr\u00e1nilo jej vypadnutiu zo steny a jej po\u0161kodeniu. <\/p>\r\n                        <h3> 3 NASTAVENIE <\/h3>\r\n                        <p> Nasu\u0148te d\u00e1vkova\u010d na mont\u00e1\u017enu konzolu. Na zaistenie d\u00e1vkova\u010da pou\u017eite nastavovaciu skrutku, najmen\u0161iu dod\u00e1van\u00fa skrutku. Upevnite t\u00fato skrutku vo vn\u00fatri d\u00e1vkova\u010da do otvoru, ktor\u00fd sa nach\u00e1dza asi 2,5cm nad ventilom bl\u00edzko stredu d\u00e1vkova\u010da poh\u00e1rikov. Zabr\u00e1ni to odstr\u00e1neniu alebo uvo\u013eneniu d\u00e1vkova\u010da zo steny. <\/p>\r\n                        <h3> 4 BAT\u00c9RIE <\/h3>\r\n                        <p> Vlo\u017ete \u0161tyri dodan\u00e9 bat\u00e9rie do z\u00e1sobn\u00edka umiestnen\u00e9ho vo vn\u00fatornom \u013eavom dolnom rohu z\u00e1sobn\u00edka. Uistite sa, \u017ee bat\u00e9rie vklad\u00e1te spr\u00e1vne. <\/p>\r\n                        <h3> 5 POH\u00c1RE <\/h3>\r\n                        <p> Vyberte poh\u00e1re z balenia a vlo\u017ete ich do vrchn\u00e9ho otvoru d\u00e1vkova\u010da. <\/p>\r\n                        <h3> 6 \u00daSTNA VODA <\/h3>\r\n                        <p> Odstr\u00e1\u0148te uz\u00e1ver z f\u013ea\u0161e a t\u00fdm uvo\u013en\u00edte tesnenie. F\u013ea\u0161u opatrne oto\u010dte hore dnom a pevne ju zatla\u010dte na ventil v d\u00e1vkova\u010di \u00fastnej vody. Pri v\u00fdmene f\u013ea\u0161e d\u00e1vajte pozor, aby ste nevyliali obsah a nesp\u00f4sobili tak po\u0161kodenie elektroniky jednotky. V pr\u00edpade rozliatia nezabudnite d\u00f4kladne utrie\u0165 v\u0161etky postihnut\u00e9 miesta. <\/p>\r\n                        <h3> 7 \u00daDR\u017dBA <\/h3>\r\n                        <p> Po\u010das \u010distenia sa vyhnite namo\u010deniu motora a bat\u00e9ri\u00ed. Odpor\u00fa\u010dame pravidelne \u010disti\u0165 d\u00e1vkova\u010d \u0161tandardn\u00fdm \u010distiacim prostriedkom a n\u00e1sledne ho vysu\u0161i\u0165 \u010distou utierkou. Aby ste predi\u0161li skr\u00e1teniu \u017eivotnosti bat\u00e9rie, umiestnite d\u00e1vkova\u010d do sucha a mimo dosahu vlhkosti. <\/p>\r\n                        <a class=\\\"btn type--uppercase\\\" href=\\\"https:\/\/gotfreshbreath.com\/setup\/\\\"> <span class=\\\"btn__text\\\">\r\n                                    Setup\r\n                                <\/span> <\/a>\r\n                    <\/div>\r\n                <\/div>\r\n            <\/div>\r\n            <!--end of row-->\r\n        <\/div>\r\n        <!--end of container-->\r\n    <\/section>[:]","protected":false},"excerpt":{"rendered":"<p>N\u00e1vod na in\u0161tal\u00e1ciu Automatick\u00fd d\u00e1vkova\u010d 1 UMIESTNENIE Namontujte d\u00e1vkova\u010d \u010do najbli\u017e\u0161ie k um\u00fdvadlu vo vami zvolenej v\u00fd\u0161ke. 2 MONT\u00c1\u017d Odmontujte mont\u00e1\u017enu&#8230;<\/p>\n","protected":false},"author":1,"featured_media":0,"parent":0,"menu_order":0,"comment_status":"closed","ping_status":"closed","template":"","meta":{"footnotes":""},"class_list":["post-4146","page","type-page","status-publish","hentry"],"_links":{"self":[{"href":"https:\/\/mouthwash.eu\/pl\/wp-json\/wp\/v2\/pages\/4146","targetHints":{"allow":["GET"]}}],"collection":[{"href":"https:\/\/mouthwash.eu\/pl\/wp-json\/wp\/v2\/pages"}],"about":[{"href":"https:\/\/mouthwash.eu\/pl\/wp-json\/wp\/v2\/types\/page"}],"author":[{"embeddable":true,"href":"https:\/\/mouthwash.eu\/pl\/wp-json\/wp\/v2\/users\/1"}],"replies":[{"embeddable":true,"href":"https:\/\/mouthwash.eu\/pl\/wp-json\/wp\/v2\/comments?post=4146"}],"version-history":[{"count":6,"href":"https:\/\/mouthwash.eu\/pl\/wp-json\/wp\/v2\/pages\/4146\/revisions"}],"predecessor-version":[{"id":4824,"href":"https:\/\/mouthwash.eu\/pl\/wp-json\/wp\/v2\/pages\/4146\/revisions\/4824"}],"wp:attachment":[{"href":"https:\/\/mouthwash.eu\/pl\/wp-json\/wp\/v2\/media?parent=4146"}],"curies":[{"name":"wp","href":"https:\/\/api.w.org\/{rel}","templated":true}]}}