{"id":4483,"date":"2020-05-09T16:58:15","date_gmt":"2020-05-09T14:58:15","guid":{"rendered":"https:\/\/mouthwash.bashastudio.sk\/sk\/?page_id=4483"},"modified":"2020-06-19T01:32:38","modified_gmt":"2020-06-18T23:32:38","slug":"fakturacia","status":"publish","type":"page","link":"https:\/\/mouthwash.eu\/hu\/fakturacia\/","title":{"rendered":"Faktur\u00e1cia"},"content":{"rendered":"[:sk]<section class=\"text-center  space--xs\">\n        <div class=\"container\">\n            <div class=\"row\">\n                <div class=\"col-sm-10 col-md-8\">\n                    <h1>Faktur\u00e1cia<\/h1>\n                    <p class=\"lead\">Jedna fakt\u00fara za v\u0161etky va\u0161e pobo\u010dky.<\/p>\n                <\/div>\n            <\/div>\n            <!--end of row-->\n        <\/div>\n        <!--end of container-->\n    <\/section>\n    <section class=\"bg--secondary space--xs\">\n        <div class=\"container\">\n            <div class=\"row\">\n                <div class=\"col-sm-12\">\n                    <p><span>Pri nastavovan\u00ed m\u00f4\u017eeme tie\u017e prisp\u00f4sobi\u0165 sp\u00f4sob doru\u010dovania fakt\u00far na jednotliv\u00e9 miesta. Ak je potrebn\u00e9, fakt\u00fary za v\u0161etky miesta vieme posla\u0165 na jednu adresu alebo ich posla\u0165 priamo na ka\u017ed\u00e9 miesto, po\u0161tou alebo e-mailom. V&nbsp;ka\u017edej z\u00e1sielke tie\u017e priklad\u00e1me fakt\u00fary, tak\u017ee v\u00e1\u0161 zamestnanec, ktor\u00fd prij\u00edma z\u00e1sielky, dostane fakt\u00faru hne\u010f do r\u00fak.<\/span><\/p>\n                    <p>V pr\u00edpade nastavenia faktur\u00e1cie n\u00e1s<span>&nbsp;<\/span><a href=\"https:\/\/mouthwash.eu\/hu\/kontakt\">kontaktujte<\/a>.<\/p>\n                <\/div>\n            <\/div>\n            <!--end of row-->\n        <\/div>\n        <!--end of container-->\n    <\/section>[:]","protected":false},"excerpt":{"rendered":"<p>Faktur\u00e1cia Jedna fakt\u00fara za v\u0161etky va\u0161e pobo\u010dky. Pri nastavovan\u00ed m\u00f4\u017eeme tie\u017e prisp\u00f4sobi\u0165 sp\u00f4sob doru\u010dovania fakt\u00far na jednotliv\u00e9 miesta. Ak je potrebn\u00e9,&#8230;<\/p>\n","protected":false},"author":1,"featured_media":0,"parent":0,"menu_order":0,"comment_status":"closed","ping_status":"closed","template":"","meta":{"footnotes":""},"class_list":["post-4483","page","type-page","status-publish","hentry"],"_links":{"self":[{"href":"https:\/\/mouthwash.eu\/hu\/wp-json\/wp\/v2\/pages\/4483","targetHints":{"allow":["GET"]}}],"collection":[{"href":"https:\/\/mouthwash.eu\/hu\/wp-json\/wp\/v2\/pages"}],"about":[{"href":"https:\/\/mouthwash.eu\/hu\/wp-json\/wp\/v2\/types\/page"}],"author":[{"embeddable":true,"href":"https:\/\/mouthwash.eu\/hu\/wp-json\/wp\/v2\/users\/1"}],"replies":[{"embeddable":true,"href":"https:\/\/mouthwash.eu\/hu\/wp-json\/wp\/v2\/comments?post=4483"}],"version-history":[{"count":5,"href":"https:\/\/mouthwash.eu\/hu\/wp-json\/wp\/v2\/pages\/4483\/revisions"}],"predecessor-version":[{"id":4720,"href":"https:\/\/mouthwash.eu\/hu\/wp-json\/wp\/v2\/pages\/4483\/revisions\/4720"}],"wp:attachment":[{"href":"https:\/\/mouthwash.eu\/hu\/wp-json\/wp\/v2\/media?parent=4483"}],"curies":[{"name":"wp","href":"https:\/\/api.w.org\/{rel}","templated":true}]}}