{"id":4074,"date":"2020-02-29T17:15:38","date_gmt":"2020-02-29T16:15:38","guid":{"rendered":"https:\/\/mouthwash.bashastudio.sk\/?page_id=4074"},"modified":"2020-10-11T19:24:51","modified_gmt":"2020-10-11T17:24:51","slug":"system-instalacia","status":"publish","type":"page","link":"https:\/\/mouthwash.eu\/hu\/system-instalacia\/","title":{"rendered":"Syst\u00e9m a in\u0161tal\u00e1cia"},"content":{"rendered":"[:sk]<section class=\\\"text-center  space--xs\\\">\n        <div class=\\\"container\\\">\n            <div class=\\\"row\\\">\n                <div class=\\\"col-sm-10 col-md-8\\\">\n                    <h1>In\u0161tal\u00e1cia<\/h1>\n                <\/div>\n            <\/div>\n            <!--end of row-->\n        <\/div>\n        <!--end of container-->\n    <\/section>\n    <section class=\\\"text-center  space--xs bg--secondary\\\">\n        <div class=\\\"container\\\">\n            <div class=\\\"row\\\">\n                <div class=\\\"col-sm-12 col-md-10\\\">\n                    <div class=\\\"video-cover border--round\\\">\n                        <div class=\\\"background-image-holder\\\"><img alt=\\\"\\\" src=\\\"https:\/\/mouthwash.eu\/wp-content\/uploads\/2020\/06\/mouthwash-512.png\\\"><\/div>\n                        <div class=\\\"video-play-icon\\\"><\/div><iframe allowfullscreen=\\\"allowfullscreen\\\" src=\\\"https:\/\/www.youtube.com\/embed\/nDu9UXxuJCE\\\"><\/iframe><\/div>\n                    <!--end video cover-->\n                    \n                        <p>Video n\u00e1vod - automatick\u00fd d\u00e1vkova\u010d, mont\u00e1\u017e na stenu<\/p>\n                    \n                <\/div>\n            <\/div>\n            <!--end of row-->\n        <\/div>\n        <!--end of container-->\n    <\/section>\n    <section class=\\\"text-center  space--xs\\\">\n        <div class=\\\"container\\\">\n            <div class=\\\"row\\\">\n                <div class=\\\"col-sm-10 col-md-8\\\">\n                    <h1>N\u00e1vod na in\u0161tal\u00e1ciu<\/h1>\n                <\/div>\n            <\/div>\n            <!--end of row-->\n        <\/div>\n        <!--end of container-->\n    <\/section>\n    <section class=\\\"bg--secondary space--xs\\\">\n        <div class=\\\"container\\\">\n            <div class=\\\"row\\\">\n                <div class=\\\"col-md-4\\\">\n                    <div class=\\\"text-block\\\">\n                        <div class=\\\"pricing pricing-1 boxed boxed--b boxed--lg text-center\\\">\n                            <h4>Automatick\u00fd d\u00e1vkova\u010d<\/h4>\n                            <p><img class=\\\"max-width-75 mb-5\\\" src=\\\"https:\/\/mouthwash.bashastudio.sk\/wp-content\/uploads\/2020\/05\/mouthwash-pristroj-cierny.png\\\" alt=\\\"Image\\\"><\/p>\n                        <\/div>\n                    <\/div>\n                <\/div>\n                <div class=\\\"col-md-8\\\">\n                    <div class=\\\"text-block\\\">\n                        <h3>1 UMIESTNENIE<\/h3>\n                        <p>Namontujte d\u00e1vkova\u010d \u010do najbli\u017e\u0161ie k um\u00fdvadlu vo vami zvolenej v\u00fd\u0161ke.<\/p>\n                        <h3>2 MONT\u00c1\u017d<\/h3>\n                        <p>Odmontujte mont\u00e1\u017enu konzolu zo zadnej \u010dasti d\u00e1vkova\u010da a ozna\u010dte si miesto na stene. Pri mont\u00e1\u017ei na dla\u017edice pou\u017eite dve mont\u00e1\u017ene skrutky do \u0161k\u00e1ry medzi dla\u017edice. Na ostatn\u00e9 povrchy pou\u017eite v\u0161etky \u0161tyri mont\u00e1\u017ene skrutky. Predv\u0155tajte otvor a vlo\u017ete rozperku (hmo\u017edinka). Prilo\u017een\u00e9 lepiace podlo\u017eky s\u00fa ur\u010den\u00e9 iba na do\u010dasn\u00e9 pou\u017eitie po\u010das in\u0161tal\u00e1cie. Jednotku je potrebn\u00e9 namontova\u0165 pomocou skrutiek, aby sa zabr\u00e1nilo jej vypadnutiu zo steny a jej po\u0161kodeniu.<\/p>\n                        <h3>3 NASTAVENIE<\/h3>\n                        <p>Nasu\u0148te d\u00e1vkova\u010d na mont\u00e1\u017enu konzolu. Na zaistenie d\u00e1vkova\u010da pou\u017eite bezpe\u010dnostn\u00fa skrutku, najmen\u0161iu dod\u00e1van\u00fa skrutku. Upevnite t\u00fato skrutku vo vn\u00fatri d\u00e1vkova\u010da do otvoru, ktor\u00fd sa nach\u00e1dza asi 2,5cm nad ventilom bl\u00edzko stredu d\u00e1vkova\u010da poh\u00e1rikov. Zabr\u00e1nite t\u00fdm odstr\u00e1neniu alebo zo steny.<\/p>\n                        <h3>4 BAT\u00c9RIE<\/h3>\n                        <p>Vlo\u017ete \u0161tyri dodan\u00e9 bat\u00e9rie do z\u00e1sobn\u00edka umiestnen\u00e9ho vo vn\u00fatornom \u013eavom dolnom rohu z\u00e1sobn\u00edka. Uistite sa, \u017ee bat\u00e9rie vklad\u00e1te spr\u00e1vne.<\/p>\n                        <h3>5 POH\u00c1RE<\/h3>\n                        <p>Vyberte poh\u00e1re z balenia a vlo\u017ete ich do vrchn\u00e9ho otvoru d\u00e1vkova\u010da.<\/p>\n                        <h3>6 \u00daSTNA VODA<\/h3>\n                        <p>Odstr\u00e1\u0148te uz\u00e1ver z f\u013ea\u0161e a t\u00fdm uvo\u013en\u00edte tesnenie. F\u013ea\u0161u opatrne oto\u010dte hore dnom a pevne ju zatla\u010dte na ventil v d\u00e1vkova\u010di \u00fastnej vody. Pri v\u00fdmene f\u013ea\u0161e d\u00e1vajte pozor, aby ste nevyliali obsah a nesp\u00f4sobili tak po\u0161kodenie elektroniky jednotky. V pr\u00edpade rozliatia d\u00f4kladne utrite v\u0161etky postihnut\u00e9 miesta.<\/p>\n                        <h3>7 \u00daDR\u017dBA<\/h3>\n                        <p>Po\u010das \u010distenia sa vyhnite navlh\u010deniu motora a bat\u00e9ri\u00ed. Odpor\u00fa\u010dame pravidelne \u010disti\u0165 d\u00e1vkova\u010d \u0161tandardn\u00fdm \u010distiacim prostriedkom a n\u00e1sledne ho utrie\u0165 \u010distou utierkou. Aby ste predi\u0161li skr\u00e1teniu \u017eivotnosti bat\u00e9rie, umiestnite d\u00e1vkova\u010d do such\u00e9ho prostredia a mimo dosahu vlhkosti.<\/p>\n                        <a class=\\\"btn type--uppercase\\\" href=\\\"https:\/\/mouthwash.bashastudio.sk\/wp-content\/uploads\/2020\/03\/navod_mouthwash.pdf\\\"> <span class=\\\"btn__text\\\"> PDF n\u00e1vod <\/span> <\/a>\n                    <\/div>\n                <\/div>\n                <div class=\\\"col-md-4\\\"> <\/div>\n            <\/div>\n            <!--end of row-->\n        <\/div>\n        <!--end of container-->\n    <\/section>\n    <section class=\\\"bg--secondary space--xs\\\">\n        <div class=\\\"container\\\">\n            <div class=\\\"row\\\">\n                <div class=\\\"col-md-6 col-sm-12\\\">\n                    <p><span class=\\\"h2 inline-block\\\"> Svie\u017ei pocit po cel\u00fd de\u0148<\/span><\/p>\n                    <p class=\\\"pb-5\\\">\u201eNebolo by skvel\u00e9, keby ka\u017ed\u00fd odch\u00e1dzal z va\u0161ej prev\u00e1dzky s \u00fa\u017easn\u00fdm pocitom? Program na\u0161ej spolo\u010dnosti bol vymyslen\u00fd presne kv\u00f4li tomu. Ak sa z\u00e1kazn\u00edk stretne na toalete s mo\u017enos\u0165ou osvie\u017ei\u0165 si dych v\u010faka d\u00e1vkova\u010du, vy\u0161le mu to jasn\u00fd sign\u00e1l, \u017ee podniku, v ktorom sa nach\u00e1dza z\u00e1le\u017e\u00ed na slu\u017eb\u00e1ch nato\u013eko, \u017ee je ochotn\u00fd prekro\u010di\u0165 hranice, ktor\u00e9 in\u00ed nedosahuj\u00fa. V\u00e1\u0161 biznis nepon\u00faka len dokonal\u00fd z\u00e1kazn\u00edcky servis va\u0161im z\u00e1kazn\u00edkom. \u00dastna voda vo va\u0161ej spolo\u010dnosti znamen\u00e1 \u00fasmev, rados\u0165 a utu\u017eovanie vz\u0165ahov.<\/p>\n                    <p><span class=\\\"h2 inline-block\\\"> Pre\u010do \u00fastna voda?<\/span><\/p>\n                    <p>D\u00e1vkova\u010d \u00fastnej vody je nov\u00fd inovat\u00edvny n\u00e1pad. Pri jeden\u00ed nevedomky zni\u017eujete svoje pH v \u00fastach. Ke\u010f pou\u017eijete na\u0161u \u00fastnu vodu po jedle, okam\u017eite neutralizujete hladinu pH v \u00fastach a t\u00fdm odstr\u00e1nite kysl\u00e9 prostredie. \u00dastna voda \u010dist\u00ed \u00fastnu dutinu, zbavuje bakt\u00e9ri\u00ed a pom\u00e1ha odstra\u0148ova\u0165 \u010dast\u00ed z jedla, ktor\u00e9 sp\u00f4sobuj\u00fa zl\u00fd dych. V\u010faka tomu ste zdrav\u0161\u00ed a <strong>zdrav\u00ed \u013eudia s\u00fa \u0161\u0165astnej\u0161\u00ed.<\/strong><\/p>\n                <\/div>\n                <div class=\\\"col-md-6 col-sm-12\\\">\n                    <p><img class=\\\"aligncenter\\\" src=\\\"https:\/\/mouthwash.bashastudio.sk\/wp-content\/uploads\/2020\/04\/cta-auto-mouthwash-1.png\\\" alt=\\\"Image\\\"><\/p>\n                <\/div>\n            <\/div>\n            <!--end of row-->\n        <\/div>\n        <!--end of container-->\n    <\/section>[:hu]<section class=\\\"text-center  space--xs\\\">\n        <div class=\\\"container\\\">\n            <div class=\\\"row\\\">\n                <div class=\\\"col-sm-10 col-md-8\\\">\n                    <h1>Be\u00fczemel\u00e9s<\/h1>\n                <\/div>\n            <\/div>\n            <!--end of row-->\n        <\/div>\n        <!--end of container-->\n    <\/section>\n    <section class=\\\"text-center  space--xs bg--secondary\\\">\n        <div class=\\\"container\\\">\n            <div class=\\\"row\\\">\n                <div class=\\\"col-sm-12 col-md-10\\\">\n                    <div class=\\\"video-cover border--round\\\">\n                        <div class=\\\"background-image-holder\\\"><img alt=\\\"\\\" src=\\\"https:\/\/mouthwash.eu\/wp-content\/uploads\/2020\/06\/mouthwash-512.png\\\"><\/div>\n                        <div class=\\\"video-play-icon\\\"><\/div><iframe allowfullscreen=\\\"allowfullscreen\\\" src=\\\"https:\/\/www.youtube.com\/embed\/nDu9UXxuJCE\\\"><\/iframe><\/div>\n                    <!--end video cover-->\n                    \n                        <p>Vide\u00f3 \u00fatmutat\u00f3 - az automata adagol\u00f3 falra szerel\u00e9se<\/p>\n                    \n                <\/div>\n            <\/div>\n            <!--end of row-->\n        <\/div>\n        <!--end of container-->\n    <\/section>\n    <section class=\\\"text-center  space--xs\\\">\n        <div class=\\\"container\\\">\n            <div class=\\\"row\\\">\n                <div class=\\\"col-sm-10 col-md-8\\\">\n                    <h1>Be\u00fczemel\u00e9si \u00fatmutat\u00f3<\/h1>\n                <\/div>\n            <\/div>\n            <!--end of row-->\n        <\/div>\n        <!--end of container-->\n    <\/section>\n    <section class=\\\"bg--secondary space--xs\\\">\n        <div class=\\\"container\\\">\n            <div class=\\\"row\\\">\n                <div class=\\\"col-md-4\\\">\n                    <div class=\\\"text-block\\\">\n                        <div class=\\\"pricing pricing-1 boxed boxed--b boxed--lg text-center\\\">\n                            <h4>Automata adagol\u00f3<\/h4>\n                            <p><img class=\\\"max-width-75 mb-5\\\" src=\\\"https:\/\/mouthwash.bashastudio.sk\/wp-content\/uploads\/2020\/05\/mouthwash-pristroj-cierny.png\\\" alt=\\\"Image\\\"><\/p>\n                        <\/div>\n                    <\/div>\n                <\/div>\n                <div class=\\\"col-md-8\\\">\n                    <div class=\\\"text-block\\\">\n                        <h3>1 ELHELYEZ\u00c9S<\/h3>\n                        <p>Szerelje az adagol\u00f3t a lehet\u0151 legk\u00f6zelebb a mosd\u00f3hoz, tetsz\u0151leges magass\u00e1gban.<\/p>\n                        <h3>2 FELSZEREL\u00c9S<\/h3>\n                        <p>T\u00e1vol\u00edtsa el a tart\u00f3keretet az adagol\u00f3 h\u00e1tulj\u00e1r\u00f3l \u00e9s jel\u00f6lje meg a kiv\u00e1lasztott helyet a falon. Csemp\u00e9re t\u00f6rt\u00e9n\u0151 felszerel\u00e9skor haszn\u00e1ljon k\u00e9t, a csemp\u00e9k k\u00f6z\u00f6tti kifug\u00e1zott r\u00e9sekbe helyezett r\u00f6gz\u00edt\u0151csavart. M\u00e1s fel\u00fcletekre haszn\u00e1ljon n\u00e9gy r\u00f6gz\u00edt\u0151csavart. El\u0151sz\u00f6r f\u00farja ki a lyukakat \u00e9s helyezze be a t\u00e1vtart\u00f3t (tipli). A csomagban tal\u00e1lhat\u00f3 ragaszt\u00f3 al\u00e1t\u00e9tek csak \u00e1tmenetileg, a szerel\u00e9s sor\u00e1n haszn\u00e1lhat\u00f3k. Az egys\u00e9get minden esetben csavarokkal kell felszerelni, hogy ne essen le a falr\u00f3l \u00e9s ne k\u00e1rosodjon.<\/p>\n                        <h3>3 BE\u00c1LL\u00cdT\u00c1S<\/h3>\n                        <p>Helyezze az adagol\u00f3t a tart\u00f3keretre. Az adagol\u00f3 biztos\u00edt\u00e1s\u00e1ra haszn\u00e1lja a biztons\u00e1gi csavart - ez a csomagol\u00e1sban tal\u00e1lhat\u00f3 legkisebb csavar. Er\u0151s\u00edtse ezt a csavart az adagol\u00f3 belsej\u00e9ben a csap f\u00f6l\u00f6tt k\u00f6r\u00fclbel\u00fcl 2,5 cm magass\u00e1gban, a poh\u00e1radagol\u00f3 k\u00f6zep\u00e9n\u00e9l tal\u00e1lhat\u00f3 ny\u00edl\u00e1sba. Megakad\u00e1lyozza ezzel az adagol\u00f3 elt\u00e1vol\u00edt\u00e1s\u00e1t vagy lees\u00e9s\u00e9t a falr\u00f3l.<\/p>\n                        <h3>4 ELEMEK<\/h3>\n                        <p>Helyezze a csomagol\u00e1sban tal\u00e1lhat\u00f3 n\u00e9gy elemet az adagol\u00f3 bal als\u00f3 sark\u00e1ban tal\u00e1lhat\u00f3 elemtart\u00f3ba. Gy\u0151z\u0151dj\u00f6n meg arr\u00f3l, hogy helyesen rakta be az elemeket.<\/p>\n                        <h3>5 POHARAK<\/h3>\n                        <p>Vegye ki a poharakat a csomagol\u00e1sb\u00f3l \u00e9s rakja \u0151ket az adagol\u00f3 fels\u0151 ny\u00edl\u00e1s\u00e1ba.<\/p>\n                        <h3>6 SZ\u00c1JV\u00cdZ<\/h3>\n                        <p>T\u00e1vol\u00edtsa el a kupakot a sz\u00e1jvizes flakon tetej\u00e9r\u0151l. Ezut\u00e1n a flakont \u00f3vatosan ford\u00edtsa fejjel lefel\u00e9 \u00e9s er\u0151sen nyomja r\u00e1 a sz\u00e1jv\u00edz-adagol\u00f3 szelep\u00e9re. A flakon cser\u00e9jekor \u00fcgyeljen arra, hogy ne \u00f6m\u00f6lj\u00f6n ki a tartalma \u00e9s ne k\u00e1ros\u00edtsa az egys\u00e9g elektronik\u00e1j\u00e1t. Ki\u00f6ml\u00e9s eset\u00e9n alaposan t\u00f6r\u00f6lje le az \u00f6sszes \u00e9rintett fel\u00fcletet.<\/p>\n                        <h3>7 KARBANTART\u00c1S<\/h3>\n                        <p>A tiszt\u00edt\u00e1s sor\u00e1n ker\u00fclje el, hogy nedvess\u00e9g jusson a motorba vagy az elemekhez. Azt aj\u00e1nljuk, \u00e1ltal\u00e1nos tiszt\u00edt\u00f3szerrel rendszeresen tiszt\u00edtsa az adagol\u00f3t, majd t\u00f6r\u00f6lje le tiszta ronggyal. Az elemek \u00e9lettartam\u00e1nak meg\u0151rz\u00e9se \u00e9rdek\u00e9ben helyezze az adagol\u00f3t sz\u00e1raz, nedvess\u00e9gt\u0151l v\u00e9dett helyre.<\/p>\n                        <a class=\\\"btn type--uppercase\\\" href=\\\"https:\/\/mouthwash.bashastudio.sk\/wp-content\/uploads\/2020\/03\/navod_mouthwash.pdf\\\"> <span class=\\\"btn__text\\\"> PDF \u00fatmutat\u00f3 <\/span> <\/a>\n                    <\/div>\n                <\/div>\n                <div class=\\\"col-md-4\\\"> <\/div>\n            <\/div>\n            <!--end of row-->\n        <\/div>\n        <!--end of container-->\n    <\/section>\n    <section class=\\\"bg--secondary space--xs\\\">\n        <div class=\\\"container\\\">\n            <div class=\\\"row\\\">\n                <div class=\\\"col-md-6 col-sm-12\\\">\n                    <p><span class=\\\"h2 inline-block\\\"> Frissess\u00e9g\u00e9rzet eg\u00e9sz nap<\/span><\/p>\n                    <p class=\\\"pb-5\\\">Ugye remek lenne, ha mindenki kellemes \u00e9rz\u00e9ssel t\u00e1vozna az \u00fczlet\u00e9b\u0151l vagy irod\u00e1j\u00e1b\u00f3l? C\u00e9g\u00fcnk programj\u00e1t pont ez\u00e9rt tal\u00e1ltuk ki. Ha \u00fcgyfele felfriss\u00edtheti a mosd\u00f3ban a lehelet\u00e9t a sz\u00e1jv\u00edz-adagol\u00f3nak k\u00f6sz\u00f6nhet\u0151en, egy\u00e9rtelm\u0171 jelet kap arr\u00f3l, hogy a c\u00e9gnek, ahol \u00e9pp tart\u00f3zkodik, olyannyira fontos a szolg\u00e1lat\u00e1s min\u0151s\u00e9ge, hogy hajland\u00f3 \u00e1tl\u00e9pni azokat a hat\u00e1rokat is, amiket m\u00e1sok nem \u00e9rnek el. Az \u00d6n v\u00e1llalata nem csak kifog\u00e1stalan \u00fcgyf\u00e9lszolg\u00e1latot biztos\u00edt \u00fcgyfeleinek: a sz\u00e1jv\u00edz mosolyt, \u00f6r\u00f6m\u00f6t \u00e9s kapcsolater\u0151s\u00edt\u00e9st hoz a c\u00e9g\u00e9be.<\/p>\n                    <p><span class=\\\"h2 inline-block\\\"> Mi\u00e9rt sz\u00e1jv\u00edz?<\/span><\/p>\n                    <p>A sz\u00e1jv\u00edz-adagol\u00f3 egy \u00faj \u00e9s innovat\u00edv \u00f6tlet. Ev\u00e9s k\u00f6zben cs\u00f6kken a sz\u00e1j\u00fcreg pH \u00e9rt\u00e9ke, an\u00e9lk\u00fcl, hogy \u00e9szrevenn\u00e9. Ha \u00e9tkez\u00e9s ut\u00e1n a mi sz\u00e1jviz\u00fcnket haszn\u00e1lja, azonnal semleges\u00edti a sz\u00e1j\u00fcreg pH \u00e9rt\u00e9k\u00e9t \u00e9s ezzel elt\u00e1vol\u00edtja a savas k\u00f6zeget. A sz\u00e1jv\u00edz tiszt\u00edtja a sz\u00e1j\u00fcreget, valamint seg\u00edt a rossz leheletet okoz\u00f3 bakt\u00e9riumok \u00e9s \u00e9telmarad\u00e9kok elt\u00e1vol\u00edt\u00e1s\u00e1ban. Ennek k\u00f6sz\u00f6nhet\u0151en eg\u00e9szs\u00e9gesebb lesz \u00e9s <strong>az eg\u00e9szs\u00e9ges emberek boldogabbak.<\/strong><\/p>\n                <\/div>\n                <div class=\\\"col-md-6 col-sm-12\\\">\n                    <p><img class=\\\"aligncenter\\\" src=\\\"https:\/\/mouthwash.bashastudio.sk\/wp-content\/uploads\/2020\/04\/cta-auto-mouthwash-1.png\\\" alt=\\\"Image\\\"><\/p>\n                <\/div>\n            <\/div>\n            <!--end of row-->\n        <\/div>\n        <!--end of container-->\n    <\/section>[:pl]<section class=\"text-center  space--xs\">\n        <div class=\"container\">\n            <div class=\"row\">\n                <div class=\"col-sm-10 col-md-8\">\n                    <h1>INSTALACJA<\/h1>\n                <\/div>\n            <\/div>\n            <!--end of row-->\n        <\/div>\n        <!--end of container-->\n    <\/section>\n    <section class=\"text-center  space--xs bg--secondary\">\n        <div class=\"container\">\n            <div class=\"row\">\n                <div class=\"col-sm-12 col-md-10\">\n                    <div class=\"video-cover border--round\">\n                        <div class=\"background-image-holder\"><img alt=\"\" src=\"https:\/\/mouthwash.eu\/wp-content\/uploads\/2020\/06\/mouthwash-512.png\"><\/div>\n                        <div class=\"video-play-icon\"><\/div><iframe allowfullscreen=\"allowfullscreen\" src=\"https:\/\/www.youtube.com\/embed\/nDu9UXxuJCE\"><\/iframe><\/div>\n                    <!--end video cover-->\n                    \n                        <p>Instrukcja wideo - dozownik automatyczny, monta\u017c na\u015bcienny<\/p>\n                    \n                <\/div>\n            <\/div>\n            <!--end of row-->\n        <\/div>\n        <!--end of container-->\n    <\/section>\n    <section class=\"text-center  space--xs\">\n        <div class=\"container\">\n            <div class=\"row\">\n                <div class=\"col-sm-10 col-md-8\">\n                    <h1>Instrukcje Instalacji<\/h1>\n                <\/div>\n            <\/div>\n            <!--end of row-->\n        <\/div>\n        <!--end of container-->\n    <\/section>\n    <section class=\"bg--secondary space--xs\">\n        <div class=\"container\">\n            <div class=\"row\">\n                <div class=\"col-md-4\">\n                    <div class=\"text-block\">\n                        <div class=\"pricing pricing-1 boxed boxed--b boxed--lg text-center\">\n                            <h4>Automatyczny dozownik<\/h4>\n                            <p><img class=\"max-width-75 mb-5\" src=\"https:\/\/mouthwash.bashastudio.sk\/wp-content\/uploads\/2020\/05\/mouthwash-pristroj-cierny.png\" alt=\"Image\"><\/p>\n                        <\/div>\n                    <\/div>\n                <\/div>\n                <div class=\"col-md-8\">\n                    <div class=\"text-block\">\n                        <h3>1 UMIESZCZENIE<\/h3>\n                        <p>Dozownik nale\u017cy zainstalowa\u0107 jak najbli\u017cej umywalki na wybranej wysoko\u015bci.<\/p>\n                        <h3>2 INSTALACJA<\/h3>\n                        <p>Zdejmij wspornik monta\u017cowy z ty\u0142u dozownika i zaznacz na \u015bcianie lokalizacj\u0119. W przypadku monta\u017cu na p\u0142ytce wystarczy u\u017cy\u0107 dw\u00f3ch wkr\u0119t\u00f3w w fug\u0119 pomi\u0119dzy p\u0142ytkami. W przypadku innych powierzchni u\u017cyj wszystkich czterech \u015brub mocuj\u0105cych. Wywierci\u0107 otw\u00f3r i w\u0142o\u017cy\u0107 \u0142\u0105czniki (ko\u0142ki). Do\u0142\u0105czone podk\u0142adki samoprzylepne s\u0142u\u017c\u0105 tylko do tymczasowego u\u017cytku podczas instalacji. Urz\u0105dzenie nale\u017cy zamontowa\u0107 za pomoc\u0105 \u015brub, aby zapobiec spadni\u0119ciu ze \u015bciany i uszkodzeniu.<\/p>\n                        <h3>3 USTAWIENIE<\/h3>\n                        <p>Wsu\u0144 dozownik na wspornik monta\u017cowy. Dozownik nale\u017cy zabezpieczy\u0107 za pomoc\u0105 najmniejszej \u015bruby zabezpieczaj\u0105cej. Wkr\u0119\u0107 t\u0119 \u015brub\u0119 wewn\u0105trz dozownika do otworu znajduj\u0105cego si\u0119 oko\u0142o 2,5 cm nad zaworem w pobli\u017cu \u015brodka dozownika szklanek. Zapobiegnie to usuni\u0119ciu go ze \u015bciany.<\/p>\n                        <h3>4 BATERIE<\/h3> Nast\u0119pnie w\u0142\u00f3\u017c cztery do\u0142\u0105czone baterie do tacy znajduj\u0105cej si\u0119 w lewym dolnym rogu dozownika. Upewnij si\u0119, \u017ce baterie s\u0105 w\u0142o\u017cone prawid\u0142owo.\n                        <h3>5 SZKLANKI<\/h3> Wyjmij szklanki z opakowania i w\u0142\u00f3\u017c je do g\u00f3rnego otworu dozownika.\n                        <h3>6 P\u0141YN DO P\u0141UKANIA JAMY USTNEJ<\/h3>\n                        <p>Zdj\u0105\u0107 nasadk\u0119 z butelki p\u0142ynu do p\u0142ukania ust, aby ods\u0142oni\u0107 uszczelk\u0119. Ostro\u017cnie odwr\u00f3\u0107 butelk\u0119 do g\u00f3ry dnem i mocno wepchnij butelk\u0119 na zaw\u00f3r w dozowniku p\u0142ynu do p\u0142ukania ust. Podczas wymiany butelki nale\u017cy uwa\u017ca\u0107, aby nie rozla\u0107 p\u0142ynu do p\u0142ukania ust, co mo\u017ce spowodowa\u0107 uszkodzenie elektroniki urz\u0105dzenia. W przypadku rozlania nale\u017cy dok\u0142adnie wytrze\u0107 wszystkie dotkni\u0119te obszary.<\/p>\n                        <h3>7 KONSERWACJA<\/h3>\n                        <p>Podczas czyszczenia nie moczy\u0107 silnika ani akumulator\u00f3w. Zalecamy regularne wycieranie dozownika standardowym \u015brodkiem czyszcz\u0105cym, a nast\u0119pnie osuszanie czystym r\u0119cznikiem. Aby zapobiec skr\u00f3ceniu \u017cywotno\u015bci baterii, utrzymuj dozownik w stanie suchym i z dala od wilgoci.<\/p>\n                        <a class=\"btn type--uppercase\" href=\"https:\/\/mouthwash.bashastudio.sk\/wp-content\/uploads\/2020\/03\/navod_mouthwash.pdf\"> <span class=\"btn__text\"> Instrukcja w formacie PDF <\/span> <\/a>\n                    <\/div>\n                <\/div>\n                <div class=\"col-md-4\"> <\/div>\n            <\/div>\n            <!--end of row-->\n        <\/div>\n        <!--end of container-->\n    <\/section>\n    <section class=\"bg--secondary space--xs\">\n        <div class=\"container\">\n            <div class=\"row\">\n                <div class=\"col-md-6 col-sm-12\">\n                    <p><span class=\"h2 inline-block\"> \u015awie\u017ce uczucie przez ca\u0142y dzie\u0144<\/span><\/p>\n                    <p class=\"pb-5\">\u201eCzy nie by\u0142oby wspaniale, gdyby wszyscy opu\u015bcili Twoj\u0105 operacj\u0119 z cudownym uczuciem? Program naszej firmy zosta\u0142 stworzony w\u0142a\u015bnie do tego. Je\u015bli klient spotyka si\u0119 w toalecie z mo\u017cliwo\u015bci\u0105 od\u015bwie\u017cenia oddechu dzi\u0119ki dozownikowi, daje to wyra\u017any sygna\u0142, \u017ce firmie, w kt\u00f3rej si\u0119 znajduje, tak bardzo zale\u017cy na us\u0142ugach, \u017ce jest sk\u0142onny przekracza\u0107 granice, do kt\u00f3rych inni nie docieraj\u0105. Twoja firma oferuje nie tylko doskona\u0142\u0105 obs\u0142ug\u0119 klient\u00f3w. P\u0142yn do p\u0142ukania jamy ustnej w Twojej firmie to u\u015bmiech, rado\u015b\u0107 i wzmocnienie relacji.<\/p>\n                    <p><span class=\"h2 inline-block\"> Dlaczego p\u0142yn do p\u0142ukania ust?<\/span><\/p>\n                    <p>Dozownik p\u0142ynu do p\u0142ukania ust to nowy, innowacyjny pomys\u0142. Kiedy jesz nie\u015bwiadomie, obni\u017casz pH w ustach. U\u017cywaj\u0105c naszego p\u0142ynu do p\u0142ukania jamy ustnej po posi\u0142ku, natychmiast neutralizujesz poziom pH w jamie ustnej, a tym samym usuwasz kwa\u015bne \u015brodowisko. P\u0142yn do p\u0142ukania jamy ustnej oczyszcza jam\u0119 ustn\u0105, usuwa bakterie i pomaga usun\u0105\u0107 cz\u0119\u015bci pokarmu, kt\u00f3re powoduj\u0105 nie\u015bwie\u017cy oddech. To sprawia, \u017ce \u200b\u200bjeste\u015b zdrowszy i <strong>zdrowi ludzie s\u0105 szcz\u0119\u015bliwsi.<\/strong><\/p>\n                <\/div>\n                <div class=\"col-md-6 col-sm-12\">\n                    <p><img class=\"aligncenter\" src=\"https:\/\/mouthwash.bashastudio.sk\/wp-content\/uploads\/2020\/04\/cta-auto-mouthwash-1.png\" alt=\"Image\"><\/p>\n                <\/div>\n            <\/div>\n            <!--end of row-->\n        <\/div>\n        <!--end of container-->\n    <\/section>[:]","protected":false},"excerpt":{"rendered":"<p>In\u0161tal\u00e1cia Video n\u00e1vod &#8211; automatick\u00fd d\u00e1vkova\u010d, mont\u00e1\u017e na stenu N\u00e1vod na in\u0161tal\u00e1ciu Automatick\u00fd d\u00e1vkova\u010d 1 UMIESTNENIE Namontujte d\u00e1vkova\u010d \u010do najbli\u017e\u0161ie k&#8230;<\/p>\n","protected":false},"author":1,"featured_media":0,"parent":0,"menu_order":0,"comment_status":"closed","ping_status":"closed","template":"","meta":{"footnotes":""},"class_list":["post-4074","page","type-page","status-publish","hentry"],"_links":{"self":[{"href":"https:\/\/mouthwash.eu\/hu\/wp-json\/wp\/v2\/pages\/4074","targetHints":{"allow":["GET"]}}],"collection":[{"href":"https:\/\/mouthwash.eu\/hu\/wp-json\/wp\/v2\/pages"}],"about":[{"href":"https:\/\/mouthwash.eu\/hu\/wp-json\/wp\/v2\/types\/page"}],"author":[{"embeddable":true,"href":"https:\/\/mouthwash.eu\/hu\/wp-json\/wp\/v2\/users\/1"}],"replies":[{"embeddable":true,"href":"https:\/\/mouthwash.eu\/hu\/wp-json\/wp\/v2\/comments?post=4074"}],"version-history":[{"count":6,"href":"https:\/\/mouthwash.eu\/hu\/wp-json\/wp\/v2\/pages\/4074\/revisions"}],"predecessor-version":[{"id":4952,"href":"https:\/\/mouthwash.eu\/hu\/wp-json\/wp\/v2\/pages\/4074\/revisions\/4952"}],"wp:attachment":[{"href":"https:\/\/mouthwash.eu\/hu\/wp-json\/wp\/v2\/media?parent=4074"}],"curies":[{"name":"wp","href":"https:\/\/api.w.org\/{rel}","templated":true}]}}