{"id":4840,"date":"2020-08-24T13:21:47","date_gmt":"2020-08-24T11:21:47","guid":{"rendered":"https:\/\/mouthwash.eu\/sk\/?page_id=4840"},"modified":"2025-12-01T09:00:23","modified_gmt":"2025-12-01T08:00:23","slug":"kontakt","status":"publish","type":"page","link":"https:\/\/mouthwash.eu\/en\/kontakt\/","title":{"rendered":"Contact Us"},"content":{"rendered":"[:sk]<section class=\"text-center  space--xs\">\n        <div class=\"container\">\n            <div class=\"row\">\n                <div class=\"col-sm-10 col-md-8\">\n                    <h1>\n                        <font style=\"vertical-align: inherit;\">\n                            <font style=\"vertical-align: inherit;\">Kontakty<\/font>\n                        <\/font>\n                    <\/h1>\n                    <p class=\"lead\">\n                        <font style=\"vertical-align: inherit;\">\n                            <font style=\"vertical-align: inherit;\">V pr\u00edpade ot\u00e1zok o na\u0161ich produktoch alebo mo\u017enej spolupr\u00e1ci n\u00e1s kontaktujte<\/font>\n                        <\/font>\n                    <\/p>\n                <\/div>\n            <\/div>\n            <!--end of row-->\n        <\/div>\n        <!--end of container-->\n    <\/section>\n    <section class=\"switchable  switchable--switch space--xs bg--secondary\">\n        <div class=\"container\">\n            <div class=\"row\">\n                <div class=\"col-sm-8 col-md-7\">\n                    <font style=\"vertical-align: inherit;\">\n                        <font style=\"vertical-align: inherit;\"><div role=\"form\" class=\"wpcf7\" id=\"wpcf7-f4588-o1\" lang=\"sk-SK\" dir=\"ltr\">\n<div class=\"screen-reader-response\" role=\"alert\" aria-live=\"polite\"><\/div>\n<form action=\"\/en\/wp-json\/wp\/v2\/pages\/4840#wpcf7-f4588-o1\" method=\"post\" class=\"wpcf7-form init wpcf7-acceptance-as-validation\" novalidate=\"novalidate\">\n<div style=\"display: none;\">\n<input type=\"hidden\" name=\"_wpcf7\" value=\"4588\" \/>\n<input type=\"hidden\" name=\"_wpcf7_version\" value=\"5.2.1\" \/>\n<input type=\"hidden\" name=\"_wpcf7_locale\" value=\"sk_SK\" \/>\n<input type=\"hidden\" name=\"_wpcf7_unit_tag\" value=\"wpcf7-f4588-o1\" \/>\n<input type=\"hidden\" name=\"_wpcf7_container_post\" value=\"0\" \/>\n<input type=\"hidden\" name=\"_wpcf7_posted_data_hash\" value=\"\" \/>\n<input type=\"hidden\" name=\"lang\" value=\"en\" \/>\n<input type=\"hidden\" name=\"_wpcf7_recaptcha_response\" value=\"\" \/>\n<\/div>\n<p><label> Va\u0161e meno*<br \/>\n    <span class=\"wpcf7-form-control-wrap your-name\"><input type=\"text\" name=\"your-name\" value=\"\" size=\"40\" class=\"wpcf7-form-control wpcf7-text wpcf7-validates-as-required\" aria-required=\"true\" aria-invalid=\"false\" \/><\/span> <\/label><\/p>\n<p><label> V\u00e1\u0161 email*<br \/>\n    <span class=\"wpcf7-form-control-wrap your-email\"><input type=\"email\" name=\"your-email\" value=\"\" size=\"40\" class=\"wpcf7-form-control wpcf7-text wpcf7-email wpcf7-validates-as-required wpcf7-validates-as-email\" aria-required=\"true\" aria-invalid=\"false\" \/><\/span> <\/label><\/p>\n<p><label> V\u00e1\u0161 telef\u00f3n*<br \/>\n    <span class=\"wpcf7-form-control-wrap tel-160\"><input type=\"tel\" name=\"tel-160\" value=\"\" size=\"40\" class=\"wpcf7-form-control wpcf7-text wpcf7-tel wpcf7-validates-as-required wpcf7-validates-as-tel\" aria-required=\"true\" aria-invalid=\"false\" \/><\/span> <\/label><\/p>\n<p><label> Va\u0161a spr\u00e1va*<br \/>\n    <span class=\"wpcf7-form-control-wrap textarea-977\"><textarea name=\"textarea-977\" cols=\"40\" rows=\"10\" class=\"wpcf7-form-control wpcf7-textarea wpcf7-validates-as-required\" aria-required=\"true\" aria-invalid=\"false\"><\/textarea><\/span> <\/label><\/p>\n<p><label><br \/>\n    <span class=\"wpcf7-form-control-wrap acceptance-157\"><span class=\"wpcf7-form-control wpcf7-acceptance\"><span class=\"wpcf7-list-item\"><label><label><\/label><input type=\"checkbox\" name=\"acceptance-157\" value=\"1\" aria-invalid=\"false\" \/><span class=\"wpcf7-list-item-label\">S\u00fahlas\u00edm so spracovan\u00edm <a href=\"\/sk\/gdpr\" target=\"_blank\">osobn\u00fdch \u00fadajov<\/a>.<\/span><\/label><\/span><\/span><\/span> <\/label><\/p>\n<p><br><\/p>\n<p><button type=\"submit\" value=\"Odosla\u0165\" class=\"wpcf7-form-control wpcf7-submit\" \/><\/p>\n<div class=\"wpcf7-response-output\" role=\"alert\" aria-hidden=\"true\"><\/div><\/form><\/div><\/font>\n                    <\/font>\n                <\/div>\n                <div class=\"col-sm-4 col-md-3\">\n                    <div class=\"text-block\">\n                        <h3><span style=\"vertical-align: inherit;\"><span style=\"vertical-align: inherit;\"><span style=\"vertical-align: inherit;\"><span style=\"vertical-align: inherit;\">Faktura\u010dn\u00e1 adresa<\/span><\/span>\n                            <\/span>\n                            <\/span>\n                        <\/h3>\n                        <h5>PVD s.r.o.<\/h5>\n                        <p>Pal\u00e1nok 1<br>949 01 Nitra<br>Slovensko<\/p>\n                        <p><strong><span style=\"vertical-align: inherit;\"><span style=\"vertical-align: inherit;\"><span style=\"vertical-align: inherit;\"><span style=\"vertical-align: inherit;\">I\u010cO: <\/span><\/span><\/span><\/span><\/strong><span><span style=\"vertical-align: inherit;\"><span style=\"vertical-align: inherit;\"><span style=\"vertical-align: inherit;\"><span style=\"vertical-align: inherit;\">52992527 <\/span><\/span>\n                            <\/span>\n                            <\/span>\n                            <\/span><br><strong><span style=\"vertical-align: inherit;\"><span style=\"vertical-align: inherit;\"><span style=\"vertical-align: inherit;\"><span style=\"vertical-align: inherit;\">DI\u010c: <\/span><\/span><\/span><\/span><\/strong><span><span style=\"vertical-align: inherit;\"><span style=\"vertical-align: inherit;\"><span style=\"vertical-align: inherit;\"><span style=\"vertical-align: inherit;\">2121209640 <\/span><\/span>\n                            <\/span>\n                            <\/span><br><strong><span style=\"vertical-align: inherit;\"><span style=\"vertical-align: inherit;\"><span style=\"vertical-align: inherit;\"><span style=\"vertical-align: inherit;\">I\u010c DPH:<\/span><\/span><\/span><\/span><\/strong><span style=\"vertical-align: inherit;\"><span style=\"vertical-align: inherit;\"><span style=\"vertical-align: inherit;\"><span style=\"vertical-align: inherit;\"> SK2121209640<\/span><\/span>\n                            <\/span>\n                            <\/span>\n                            <\/span><br><small><span style=\"vertical-align: inherit;\"><span style=\"vertical-align: inherit;\"><span style=\"vertical-align: inherit;\"><span style=\"vertical-align: inherit;\">Zap\u00edsan\u00e1 v OR Okresn\u00e9ho s\u00fadu Nitra, &nbsp; &nbsp; &nbsp; <\/span><\/span><\/span><\/span><\/small><small><span style=\"vertical-align: inherit;\"><span style=\"vertical-align: inherit;\"><span style=\"vertical-align: inherit;\"><span style=\"vertical-align: inherit;\">Oddiel: Sro, vlo\u017eka \u010d. 58007\/N<\/span><\/span><\/span><\/span><\/small><\/p>\n                        <p><strong><span style=\"vertical-align: inherit;\"><span style=\"vertical-align: inherit;\"><span style=\"vertical-align: inherit;\"><span style=\"vertical-align: inherit;\">Bankov\u00e9 spojenie <\/span><\/span><\/span><\/span><\/strong><br><span><span style=\"vertical-align: inherit;\"><span style=\"vertical-align: inherit;\"><span style=\"vertical-align: inherit;\"><span style=\"vertical-align: inherit;\">Tatrabanka a.s.<\/span><\/span>\n                            <\/span>\n                            <\/span>\n                            <\/span><br><strong><span style=\"vertical-align: inherit;\"><span style=\"vertical-align: inherit;\"><span style=\"vertical-align: inherit;\"><span style=\"vertical-align: inherit;\">IBAN: <\/span><\/span><\/span><\/span><\/strong><span style=\"vertical-align: inherit;\"><span style=\"vertical-align: inherit;\"><span style=\"vertical-align: inherit;\"><span style=\"vertical-align: inherit;\">SK06 1100 0000 0029 4116 9018<\/span><\/span>\n                            <\/span>\n                            <\/span>\n                        <\/p>\n                        <p><strong><span style=\"vertical-align: inherit;\"><span style=\"vertical-align: inherit;\"><span style=\"vertical-align: inherit;\"><span style=\"vertical-align: inherit;\">Peter Derzsi<br><\/span><\/span><\/span><\/span><\/strong><span style=\"vertical-align: inherit;\"><span style=\"vertical-align: inherit;\"><span style=\"vertical-align: inherit;\"><span style=\"vertical-align: inherit;\">Tel. <\/span><\/span>\n                            <\/span><span style=\"vertical-align: inherit;\"><span style=\"vertical-align: inherit;\"><span style=\"vertical-align: inherit;\">+421 905 137 113<\/span><\/span>\n                            <\/span>\n                            <\/span>\n                        <\/p>\n                    <\/div>\n                <\/div>\n            <\/div>\n            <!--end of row-->\n        <\/div>\n        <!--end of container-->\n    <\/section>[:en]<section class=\\\"text-center  space--xs\\\">\n        <div class=\\\"container\\\">\n            <div class=\\\"row\\\">\n                <div class=\\\"col-sm-10 col-md-8\\\">\n                    <h1>Contact Us<\/h1>\n                    <p class=\\\"lead\\\">Contact Us anytime.<\/p>\n                <\/div>\n            <\/div>\n            <!--end of row-->\n        <\/div>\n        <!--end of container-->\n    <\/section>\n    <section class=\\\"switchable  bg--secondary space--xs\\\">\n        <div class=\\\"container\\\">\n            <div class=\\\"row\\\">\n                <div class=\\\"col-sm-5\\\"> <img alt=\\\"\\\" class=\\\"border--round box-shadow-wide\\\" src=\\\"https:\/\/mouthwash.bashastudio.sk\/wp-content\/uploads\/2020\/02\/cta-manual-w-f.png\\\"> <\/div>\n                <div class=\\\"col-sm-6\\\">\n                    <div class=\\\"row switchable__text\\\">\n                        \n                            <p class=\\\"lead\\\"><strong>E-mail:<\/strong> <a href=\\\"mailto: info@mouthwash.eu\\\" target=\\\"_blank\\\" rel=\\\"noopener\\\">\ninfo@mouthwash.eu<\/a><br> <strong>Phone:<\/strong> +421 905 137 113<\/p>\n                            <p><strong>Invoice details<\/strong><\/p>\n                            <p class=\\\"lead\\\">mouthwash s.r.o.<br> Na pa\u017eiti 955\/48<br> 919 51 \u0160pa\u010dince<br> Slovakia<\/p>\n                            <p class=\\\"lead\\\"><strong>Company ID number:<\/strong> 52 992 527<br> <strong>Company VAT number:<\/strong> 2121209640<\/p>\n                            <hr class=\\\"short\\\">\n                        \n                        <div class=\\\"row\\\">\n                            <div class=\\\"cf7-holder hide-form\\\"> [contact-form-7 404 \"Not Found\"] <\/div>\n                            <div class=\\\"hide-form shortcode-holder-wrapper\\\">\n                                \n                            <\/div>\n                        <\/div>\n                        <!--end of row-->\n                    <\/div>\n                    <!--end of row-->\n                <\/div>\n            <\/div>\n            <!--end of row-->\n        <\/div>\n        <!--end of container-->\n    <\/section>[:hu]<section class=\"text-center  space--xs\">\n        <div class=\"container\">\n            <div class=\"row\">\n                <div class=\"col-sm-10 col-md-8\">\n                    <h1>\n                        <font style=\"vertical-align: inherit;\">\n                            <font style=\"vertical-align: inherit;\">Kontakty<\/font>\n                        <\/font>\n                    <\/h1>\n                    <p class=\"lead\">\n                        <font style=\"vertical-align: inherit;\">\n                            <font style=\"vertical-align: inherit;\">V pr\u00edpade ot\u00e1zok o na\u0161ich produktoch alebo mo\u017enej spolupr\u00e1ci n\u00e1s kontaktujte<\/font>\n                        <\/font>\n                    <\/p>\n                <\/div>\n            <\/div>\n            <!--end of row-->\n        <\/div>\n        <!--end of container-->\n    <\/section>\n    <section class=\"switchable  switchable--switch space--xs bg--secondary\">\n        <div class=\"container\">\n            <div class=\"row\">\n                <div class=\"col-sm-8 col-md-7\">\n                    <font style=\"vertical-align: inherit;\">\n                        <font style=\"vertical-align: inherit;\"><div role=\"form\" class=\"wpcf7\" id=\"wpcf7-f4588-o2\" lang=\"sk-SK\" dir=\"ltr\">\n<div class=\"screen-reader-response\" role=\"alert\" aria-live=\"polite\"><\/div>\n<form action=\"\/en\/wp-json\/wp\/v2\/pages\/4840#wpcf7-f4588-o2\" method=\"post\" class=\"wpcf7-form init wpcf7-acceptance-as-validation\" novalidate=\"novalidate\">\n<div style=\"display: none;\">\n<input type=\"hidden\" name=\"_wpcf7\" value=\"4588\" \/>\n<input type=\"hidden\" name=\"_wpcf7_version\" value=\"5.2.1\" \/>\n<input type=\"hidden\" name=\"_wpcf7_locale\" value=\"sk_SK\" \/>\n<input type=\"hidden\" name=\"_wpcf7_unit_tag\" value=\"wpcf7-f4588-o2\" \/>\n<input type=\"hidden\" name=\"_wpcf7_container_post\" value=\"0\" \/>\n<input type=\"hidden\" name=\"_wpcf7_posted_data_hash\" value=\"\" \/>\n<input type=\"hidden\" name=\"lang\" value=\"en\" \/>\n<input type=\"hidden\" name=\"_wpcf7_recaptcha_response\" value=\"\" \/>\n<\/div>\n<p><label> Va\u0161e meno*<br \/>\n    <span class=\"wpcf7-form-control-wrap your-name\"><input type=\"text\" name=\"your-name\" value=\"\" size=\"40\" class=\"wpcf7-form-control wpcf7-text wpcf7-validates-as-required\" aria-required=\"true\" aria-invalid=\"false\" \/><\/span> <\/label><\/p>\n<p><label> V\u00e1\u0161 email*<br \/>\n    <span class=\"wpcf7-form-control-wrap your-email\"><input type=\"email\" name=\"your-email\" value=\"\" size=\"40\" class=\"wpcf7-form-control wpcf7-text wpcf7-email wpcf7-validates-as-required wpcf7-validates-as-email\" aria-required=\"true\" aria-invalid=\"false\" \/><\/span> <\/label><\/p>\n<p><label> V\u00e1\u0161 telef\u00f3n*<br \/>\n    <span class=\"wpcf7-form-control-wrap tel-160\"><input type=\"tel\" name=\"tel-160\" value=\"\" size=\"40\" class=\"wpcf7-form-control wpcf7-text wpcf7-tel wpcf7-validates-as-required wpcf7-validates-as-tel\" aria-required=\"true\" aria-invalid=\"false\" \/><\/span> <\/label><\/p>\n<p><label> Va\u0161a spr\u00e1va*<br \/>\n    <span class=\"wpcf7-form-control-wrap textarea-977\"><textarea name=\"textarea-977\" cols=\"40\" rows=\"10\" class=\"wpcf7-form-control wpcf7-textarea wpcf7-validates-as-required\" aria-required=\"true\" aria-invalid=\"false\"><\/textarea><\/span> <\/label><\/p>\n<p><label><br \/>\n    <span class=\"wpcf7-form-control-wrap acceptance-157\"><span class=\"wpcf7-form-control wpcf7-acceptance\"><span class=\"wpcf7-list-item\"><label><label><\/label><input type=\"checkbox\" name=\"acceptance-157\" value=\"1\" aria-invalid=\"false\" \/><span class=\"wpcf7-list-item-label\">S\u00fahlas\u00edm so spracovan\u00edm <a href=\"\/sk\/gdpr\" target=\"_blank\">osobn\u00fdch \u00fadajov<\/a>.<\/span><\/label><\/span><\/span><\/span> <\/label><\/p>\n<p><br><\/p>\n<p><button type=\"submit\" value=\"Odosla\u0165\" class=\"wpcf7-form-control wpcf7-submit\" \/><\/p>\n<div class=\"wpcf7-response-output\" role=\"alert\" aria-hidden=\"true\"><\/div><\/form><\/div><\/font>\n                    <\/font>\n                <\/div>\n                <div class=\"col-sm-4 col-md-3\">\n                    <div class=\"text-block\">\n                        <p data-start=\"55\" data-end=\"88\">PVD s.r.o.<\/p>\n                        <p data-start=\"90\" data-end=\"129\">Pal\u00e1nok 1<br data-start=\"99\" data-end=\"102\">949 01 Nyitra<br data-start=\"115\" data-end=\"118\">Szlov\u00e1kia<\/p>\n                        <p data-start=\"131\" data-end=\"311\"><strong data-start=\"131\" data-end=\"156\">C\u00e9gjegyz\u00e9ksz\u00e1m (I\u010cO):<\/strong> 52992527<br data-start=\"165\" data-end=\"168\"><strong data-start=\"168\" data-end=\"186\">Ad\u00f3sz\u00e1m (DI\u010c):<\/strong> 2121209640<br data-start=\"197\" data-end=\"200\"><strong data-start=\"200\" data-end=\"222\">\u00c1FA sz\u00e1m (I\u010c DPH):<\/strong> SK2121209640<br data-start=\"235\" data-end=\"238\">Bejegyezve a Nyitrai J\u00e1r\u00e1sb\u00edr\u00f3s\u00e1gon, R\u00e9sz: Sro, Bejegyz\u00e9s sz\u00e1m: 58007\/N<\/p>\n                        <hr data-start=\"313\" data-end=\"316\">\n                        <p data-start=\"318\" data-end=\"401\"><strong data-start=\"318\" data-end=\"339\">Banksz\u00e1mla adatok<\/strong><br data-start=\"339\" data-end=\"342\">Tatrabanka a.s.<br data-start=\"357\" data-end=\"360\"><strong data-start=\"360\" data-end=\"369\">IBAN:<\/strong> SK06 1100 0000 0029 4116 9018<\/p>\n                        <hr data-start=\"403\" data-end=\"406\">\n                        <p data-start=\"408\" data-end=\"469\"><strong data-start=\"408\" data-end=\"427\">Kapcsolattart\u00f3:<\/strong><br data-start=\"427\" data-end=\"430\">Peter Derzsi<br data-start=\"442\" data-end=\"445\">Tel.: +421 905 137 113<\/p>\n                        <p>&nbsp;<\/p>\n                    <\/div>\n                <\/div>\n            <\/div>\n            <!--end of row-->\n        <\/div>\n        <!--end of container-->\n    <\/section>[:pl]<section class=\"text-center  space--xs\">\n        <div class=\"container\">\n            <div class=\"row\">\n                <div class=\"col-sm-10 col-md-8\">\n                    <h1>Kontakty<\/h1>\n                    <p class=\"lead\">W przypadku pyta\u0144 dotycz\u0105cych naszych produkt\u00f3w lub mo\u017cliwej wsp\u00f3\u0142pracy prosimy o kontakt<\/p>\n                <\/div>\n            <\/div>\n            <!--end of row-->\n        <\/div>\n        <!--end of container-->\n    <\/section>\n    <section class=\"switchable  switchable--switch space--xs bg--secondary\">\n        <div class=\"container\">\n            <div class=\"row\">\n                <div class=\"col-sm-8 col-md-7\"><div role=\"form\" class=\"wpcf7\" id=\"wpcf7-f4588-o3\" lang=\"sk-SK\" dir=\"ltr\">\n<div class=\"screen-reader-response\" role=\"alert\" aria-live=\"polite\"><\/div>\n<form action=\"\/en\/wp-json\/wp\/v2\/pages\/4840#wpcf7-f4588-o3\" method=\"post\" class=\"wpcf7-form init wpcf7-acceptance-as-validation\" novalidate=\"novalidate\">\n<div style=\"display: none;\">\n<input type=\"hidden\" name=\"_wpcf7\" value=\"4588\" \/>\n<input type=\"hidden\" name=\"_wpcf7_version\" value=\"5.2.1\" \/>\n<input type=\"hidden\" name=\"_wpcf7_locale\" value=\"sk_SK\" \/>\n<input type=\"hidden\" name=\"_wpcf7_unit_tag\" value=\"wpcf7-f4588-o3\" \/>\n<input type=\"hidden\" name=\"_wpcf7_container_post\" value=\"0\" \/>\n<input type=\"hidden\" name=\"_wpcf7_posted_data_hash\" value=\"\" \/>\n<input type=\"hidden\" name=\"lang\" value=\"en\" \/>\n<input type=\"hidden\" name=\"_wpcf7_recaptcha_response\" value=\"\" \/>\n<\/div>\n<p><label> Va\u0161e meno*<br \/>\n    <span class=\"wpcf7-form-control-wrap your-name\"><input type=\"text\" name=\"your-name\" value=\"\" size=\"40\" class=\"wpcf7-form-control wpcf7-text wpcf7-validates-as-required\" aria-required=\"true\" aria-invalid=\"false\" \/><\/span> <\/label><\/p>\n<p><label> V\u00e1\u0161 email*<br \/>\n    <span class=\"wpcf7-form-control-wrap your-email\"><input type=\"email\" name=\"your-email\" value=\"\" size=\"40\" class=\"wpcf7-form-control wpcf7-text wpcf7-email wpcf7-validates-as-required wpcf7-validates-as-email\" aria-required=\"true\" aria-invalid=\"false\" \/><\/span> <\/label><\/p>\n<p><label> V\u00e1\u0161 telef\u00f3n*<br \/>\n    <span class=\"wpcf7-form-control-wrap tel-160\"><input type=\"tel\" name=\"tel-160\" value=\"\" size=\"40\" class=\"wpcf7-form-control wpcf7-text wpcf7-tel wpcf7-validates-as-required wpcf7-validates-as-tel\" aria-required=\"true\" aria-invalid=\"false\" \/><\/span> <\/label><\/p>\n<p><label> Va\u0161a spr\u00e1va*<br \/>\n    <span class=\"wpcf7-form-control-wrap textarea-977\"><textarea name=\"textarea-977\" cols=\"40\" rows=\"10\" class=\"wpcf7-form-control wpcf7-textarea wpcf7-validates-as-required\" aria-required=\"true\" aria-invalid=\"false\"><\/textarea><\/span> <\/label><\/p>\n<p><label><br \/>\n    <span class=\"wpcf7-form-control-wrap acceptance-157\"><span class=\"wpcf7-form-control wpcf7-acceptance\"><span class=\"wpcf7-list-item\"><label><label><\/label><input type=\"checkbox\" name=\"acceptance-157\" value=\"1\" aria-invalid=\"false\" \/><span class=\"wpcf7-list-item-label\">S\u00fahlas\u00edm so spracovan\u00edm <a href=\"\/sk\/gdpr\" target=\"_blank\">osobn\u00fdch \u00fadajov<\/a>.<\/span><\/label><\/span><\/span><\/span> <\/label><\/p>\n<p><br><\/p>\n<p><button type=\"submit\" value=\"Odosla\u0165\" class=\"wpcf7-form-control wpcf7-submit\" \/><\/p>\n<div class=\"wpcf7-response-output\" role=\"alert\" aria-hidden=\"true\"><\/div><\/form><\/div><\/div>\n                <div class=\"col-sm-4 col-md-3\">\n                    <div class=\"text-block\">\n                        <h3>Adres rozliczeniowy<\/h3>\n                        <h5>PVD s.r.o.<\/h5>\n                        <p>Pal\u00e1nok 1<br>949 01 Nitra<br>S\u0142owacja<\/p>\n                        <p><strong>NIP:<\/strong><span> 52992527<\/span><br><strong>DI\u010c:<\/strong><span> 2121209640<br><strong>I\u010c DPH:<\/strong> SK2121209640<\/span><br><small>Zarejestrowana w Rejestrze Handlowym S\u0105du Rejonowego w Trnavie, S\u0142owacja, sekcja: Sro, sygn. 46376\/T<\/small><\/p>\n                        <p><strong>Po\u0142\u0105czenie bankowe<\/strong><\/p>\n                        <p><span><span style=\"vertical-align: inherit;\">Tatrabanka a.s.<\/span><\/span><br><strong><span style=\"vertical-align: inherit;\">IBAN: <\/span><\/strong><span style=\"vertical-align: inherit;\">SK06 1100 0000 0029 4116 9018<\/span><\/p>\n                        <p><strong><span style=\"vertical-align: inherit;\">Peter Derzsi<br><\/span><\/strong><span style=\"vertical-align: inherit;\"><span style=\"vertical-align: inherit;\">Tel. <\/span>+421 905 137 113<\/span>\n                        <\/p>\n                        <p>&nbsp;<\/p>\n                    <\/div>\n                <\/div>\n            <\/div>\n            <!--end of row-->\n        <\/div>\n        <!--end of container-->\n    <\/section>[:]","protected":false},"excerpt":{"rendered":"<p>Kontakty V pr\u00edpade ot\u00e1zok o na\u0161ich produktoch alebo mo\u017enej spolupr\u00e1ci n\u00e1s kontaktujte Va\u0161e meno* V\u00e1\u0161 email* V\u00e1\u0161 telef\u00f3n* Va\u0161a spr\u00e1va* S\u00fahlas\u00edm&#8230;<\/p>\n","protected":false},"author":1,"featured_media":0,"parent":0,"menu_order":0,"comment_status":"closed","ping_status":"closed","template":"","meta":{"footnotes":""},"class_list":["post-4840","page","type-page","status-publish","hentry"],"_links":{"self":[{"href":"https:\/\/mouthwash.eu\/en\/wp-json\/wp\/v2\/pages\/4840","targetHints":{"allow":["GET"]}}],"collection":[{"href":"https:\/\/mouthwash.eu\/en\/wp-json\/wp\/v2\/pages"}],"about":[{"href":"https:\/\/mouthwash.eu\/en\/wp-json\/wp\/v2\/types\/page"}],"author":[{"embeddable":true,"href":"https:\/\/mouthwash.eu\/en\/wp-json\/wp\/v2\/users\/1"}],"replies":[{"embeddable":true,"href":"https:\/\/mouthwash.eu\/en\/wp-json\/wp\/v2\/comments?post=4840"}],"version-history":[{"count":7,"href":"https:\/\/mouthwash.eu\/en\/wp-json\/wp\/v2\/pages\/4840\/revisions"}],"predecessor-version":[{"id":5104,"href":"https:\/\/mouthwash.eu\/en\/wp-json\/wp\/v2\/pages\/4840\/revisions\/5104"}],"wp:attachment":[{"href":"https:\/\/mouthwash.eu\/en\/wp-json\/wp\/v2\/media?parent=4840"}],"curies":[{"name":"wp","href":"https:\/\/api.w.org\/{rel}","templated":true}]}}