{"id":4476,"date":"2020-05-06T21:51:13","date_gmt":"2020-05-06T19:51:13","guid":{"rendered":"https:\/\/mouthwash.bashastudio.sk\/sk\/?page_id=4476"},"modified":"2020-06-19T01:36:14","modified_gmt":"2020-06-18T23:36:14","slug":"cas-dorucenia","status":"publish","type":"page","link":"https:\/\/mouthwash.eu\/en\/cas-dorucenia\/","title":{"rendered":"\u010cas doru\u010denia"},"content":{"rendered":"[:sk]<section class=\"text-center  space--xs\">\n        <div class=\"container\">\n            <div class=\"row\">\n                <div class=\"col-sm-10 col-md-8\">\n                    <h1>\u010cas doru\u010denia<\/h1>\n                <\/div>\n            <\/div>\n            <!--end of row-->\n        <\/div>\n        <!--end of container-->\n    <\/section>\n    <section class=\"bg--secondary space--xs\">\n        <div class=\"container\">\n            <div class=\"row\">\n                <div class=\"col-sm-12\">\n                    <p>V\u0161etky objedn\u00e1vky na skladov\u00e9 polo\u017eky zadan\u00e9 do 12:00 Hod vyzdvihuje spolo\u010dnos\u0165 DPD v ten ist\u00fd pracovn\u00fd de\u0148. Dodanie dod\u00e1vok trv\u00e1 jeden a\u017e 3 pracovn\u00e9 dni. Ni\u017e\u0161ie uveden\u00e1 mapa a tabu\u013eka zobrazuje \u010dasy tranzitu do jednotliv\u00fdch miest v Eur\u00f3pe.<\/p>\n                <\/div>\n            <\/div>\n            <!--end of row-->\n        <\/div>\n        <!--end of container-->\n    <\/section>[:]","protected":false},"excerpt":{"rendered":"<p>\u010cas doru\u010denia V\u0161etky objedn\u00e1vky na skladov\u00e9 polo\u017eky zadan\u00e9 do 12:00 Hod vyzdvihuje spolo\u010dnos\u0165 DPD v ten ist\u00fd pracovn\u00fd de\u0148. Dodanie dod\u00e1vok&#8230;<\/p>\n","protected":false},"author":1,"featured_media":0,"parent":0,"menu_order":0,"comment_status":"closed","ping_status":"closed","template":"","meta":{"footnotes":""},"class_list":["post-4476","page","type-page","status-publish","hentry"],"_links":{"self":[{"href":"https:\/\/mouthwash.eu\/en\/wp-json\/wp\/v2\/pages\/4476","targetHints":{"allow":["GET"]}}],"collection":[{"href":"https:\/\/mouthwash.eu\/en\/wp-json\/wp\/v2\/pages"}],"about":[{"href":"https:\/\/mouthwash.eu\/en\/wp-json\/wp\/v2\/types\/page"}],"author":[{"embeddable":true,"href":"https:\/\/mouthwash.eu\/en\/wp-json\/wp\/v2\/users\/1"}],"replies":[{"embeddable":true,"href":"https:\/\/mouthwash.eu\/en\/wp-json\/wp\/v2\/comments?post=4476"}],"version-history":[{"count":6,"href":"https:\/\/mouthwash.eu\/en\/wp-json\/wp\/v2\/pages\/4476\/revisions"}],"predecessor-version":[{"id":4722,"href":"https:\/\/mouthwash.eu\/en\/wp-json\/wp\/v2\/pages\/4476\/revisions\/4722"}],"wp:attachment":[{"href":"https:\/\/mouthwash.eu\/en\/wp-json\/wp\/v2\/media?parent=4476"}],"curies":[{"name":"wp","href":"https:\/\/api.w.org\/{rel}","templated":true}]}}