{"id":4314,"date":"2020-03-19T14:36:48","date_gmt":"2020-03-19T13:36:48","guid":{"rendered":"https:\/\/mouthwash.bashastudio.sk\/sk\/?page_id=4314"},"modified":"2020-05-13T10:24:46","modified_gmt":"2020-05-13T08:24:46","slug":"krok-1","status":"publish","type":"page","link":"https:\/\/mouthwash.eu\/en\/start\/krok-1\/","title":{"rendered":"Step 1"},"content":{"rendered":"[:sk]<section class=\"text-center  space--xs\">\n        <div class=\"container\">\n            <div class=\"row\">\n                <div class=\"col-sm-10 col-md-8\">\n                    <h1>Vyber automatickeho dispenzera<\/h1>\n                    <p><strong>Krok 1\/3<\/strong><\/p>\n                    <p class=\"lead\">V 3 jednoduchych krokoch si vyberte vsetko, co vam vyhovue... nejaky text.<br><br> Prosime, zvolte si najskor jednotlive varianty automatickeho dispenzera.<\/p>\n                <\/div>\n            <\/div>\n            <!--end of row-->\n        <\/div>\n        <!--end of container-->\n    <\/section>\n    <section class=\"bg--secondary space--xs\">\n        <div class=\"container\">\n            <div class=\"row\">\n                <div class=\"col-sm-12\">\n                    <div class=\"row\">\n                        <div class=\"col-md-2 col-lg-2\">&nbsp;<\/div>\n                        <div class=\"col-md-4 col-lg-4\">\n                            <div class=\"boxed boxed--border boxed--lg text-center product_box\">\n                                <p><br class=\"visible-sm\"><a href=\"https:\/\/mouthwash.eu\/en\/shop\/automaticky-davkovac-cierny\/\"><span class=\"h4 mb-3\"> Automatick\u00fd d\u00e1vkova\u010d - \u010cierny<\/span> <\/a><span class=\"label color--white-i\">NOVINKA<\/span> <img class=\"hidden-xs\" src=\"https:\/\/gotfreshbreath.com\/images\/center-auto-b-f.png\" alt=\"Image\"> <span class=\"h3 unit_price hidden-xs\"> 174,00 EUR<\/span>\t\t\t\t\t\t<div class=\"add-to-cart-pro  simple\">\n\t\t\t\t\t\t\t\t\t\t\t\t\t\t\t\t\t\t\t\t\t\t\t\t\t\t\t\t\t\t\t\t\t\t\t\t\t\t\t\t\t\t\t\t\t\t\t\t\t\t\t\t\t\t\t\t\t\t\t\t\t\t\t\t\t\t\t\t\t\t\t\t\t\t\t\t\t\t\t\t\t\t\t\t\t\t\t\t\t\t\t\t\t\t\t\t\t\t\t\t\t\t\t\t\t\t\t\t\t\t\t\t\t\t\t\t\t\t\t\t\t\t\t\t\t\t\t\t\t\t\t\t\t\t\t\t\t\t\t\t\t\t\t\t\t\t\t\t\t\t\t\t\t\t\t\t\t\t\t\t\t\t\t\t\t\t\t\t\t\t\t\t\t\t\t\t\t\t\t\t\t\t\t\t\t\t\t\t\t\t\t\t\t\t\t\t\t\t\t\t\t\t\t\t\t\t\t\t\t\t\t\t\t\t\t\t\t\t\t\t\t\t\t\t\t\t\t\t\t\t\t\t\t\t\t\t\t\t\t\t\t\t\t\t\t\t\t\t\t\t\t\t\t\t\t\t\t\t\t\t\t\t\t\t\t\t<span class=\"ea-line quantity-container\">\n\t\t\t\t\t\t\t\t\t\t\t<div class=\"quantity\">\n\t\t\t\t\t\t\t\t\t\t\t\t<input\n\t\t\t\t\t\t\t\t\t\t\t\t\ttype=\"number\"\n\t\t\t\t\t\t\t\t\t\t\t\t\tid=\"product_4290_qty\"\n\t\t\t\t\t\t\t\t\t\t\t\t\tclass=\"input-text qty text\"\n\t\t\t\t\t\t\t\t\t\t\t\t\tvalue=\"1\"\n\t\t\t\t\t\t\t\t\t\t\t\t\tstep=\"1\"\n\t\t\t\t\t\t\t\t\t\t\t\t\tmin=\"1\"\n\t\t\t\t\t\t\t\t\t\t\t\t\tmax=\"\"\n\t\t\t\t\t\t\t\t\t\t\t\t\tname=\"quantity\"\n\t\t\t\t\t\t\t\t\t\t\t\t\ttitle=\"\"\n\t\t\t\t\t\t\t\t\t\t\t\t\tsize=\"4\"\n\t\t\t\t\t\t\t\t\t\t\t\t\tpattern=\"[0-9]*\"\n\t\t\t\t\t\t\t\t\t\t\t\t\tinputmode=\"numeric\"\n\t\t\t\t\t\t\t\t\t\t\t\t\/>\n\t\t\t\t\t\t\t\t\t\t\t<\/div>\n\t\t\t\t\t\t\t\t\t\t<\/span>\n\t\t\t\t\t\t\t\t\t\t\t\t\t\t\t\t\t\t\t\t\t\t\t\t\t\t\t\t\t\t\t\t\t\t\t\t\t\t\t\t\t\t\t\t\t\t\t\t\t\t\t\t\t\t\t\t\t\t\t\t\t\t\t\t\t\t\t\t\t\t\t\t\t\t\t\t\t\t\t\t\t\t\t\t\t\t\t\t\t\t\t\t\t\t\t\t\t\t\t\t\t\t\t\t\t<button\n\t\t\t\t\t\t\t\t\t\t\ttype=\"submit\"\n\t\t\t\t\t\t\t\t\t\t\tclass=\"a2cp_button button alt simple\"\n\t\t\t\t\t\t\t\t\t\t\tdata-pid=\"4290\"\n\t\t\t\t\t\t\t\t\t\t\tdata-vid=\"0\"\n\t\t\t\t\t\t\t\t\t\t\t\t\t\t\t\t\t\t\t\t\t>\n\t\t\t\t\t\t\t\t\t\t\tAdd to cart\t\t\t\t\t\t\t\t\t\t<\/button>\n\t\t\t\t\t\t\t\t\t\t\t\t\t\t\t\t\t\t\t\t\t\t\t\t\t\t\t\t\t\t\t\t\t\t\t\t\t<\/div>\n\t\t\t\t\t\t<\/p>\n                                <div class=\"pt-2 line-total\">\n                                    <div class=\"visible-xs-inline\">Cena: <b>174,00 EUR<\/b> \u00b7<\/div>\n                                <\/div>\n                            <\/div>\n                        <\/div>\n                        <div class=\"col-md-4 col-lg-4\">\n                            <div class=\"boxed boxed--border boxed--lg text-center product_box\">\n                                <p><br class=\"visible-sm\"><a href=\"https:\/\/mouthwash.eu\/en\/shop\/automaticky-davkovac-biely\/\"><span class=\"h4 mb-3\">Automatick\u00fd d\u00e1vkova\u010d - Biely<\/span> <\/a><span class=\"label color--white-i\">NOVINKA<\/span> <img class=\"hidden-xs\" src=\"https:\/\/gotfreshbreath.com\/images\/center-auto-w-f.png\" alt=\"Image\"> <span class=\"h3 unit_price hidden-xs\"> 174,00 EUR<\/span>\t\t\t\t\t\t<div class=\"add-to-cart-pro  simple\">\n\t\t\t\t\t\t\t\t\t\t\t\t\t\t\t\t\t\t\t\t\t\t\t\t\t\t\t\t\t\t\t\t\t\t\t\t\t\t\t\t\t\t\t\t\t\t\t\t\t\t\t\t\t\t\t\t\t\t\t\t\t\t\t\t\t\t\t\t\t\t\t\t\t\t\t\t\t\t\t\t\t\t\t\t\t\t\t\t\t\t\t\t\t\t\t\t\t\t\t\t\t\t\t\t\t\t\t\t\t\t\t\t\t\t\t\t\t\t\t\t\t\t\t\t\t\t\t\t\t\t\t\t\t\t\t\t\t\t\t\t\t\t\t\t\t\t\t\t\t\t\t\t\t\t\t\t\t\t\t\t\t\t\t\t\t\t\t\t\t\t\t\t\t\t\t\t\t\t\t\t\t\t\t\t\t\t\t\t\t\t\t\t\t\t\t\t\t\t\t\t\t\t\t\t\t\t\t\t\t\t\t\t\t\t\t\t\t\t\t\t\t\t\t\t\t\t\t\t\t\t\t\t\t\t\t\t\t\t\t\t\t\t\t\t\t\t\t\t\t\t\t\t\t\t\t\t\t\t\t\t\t\t\t\t\t\t<span class=\"ea-line quantity-container\">\n\t\t\t\t\t\t\t\t\t\t\t<div class=\"quantity\">\n\t\t\t\t\t\t\t\t\t\t\t\t<input\n\t\t\t\t\t\t\t\t\t\t\t\t\ttype=\"number\"\n\t\t\t\t\t\t\t\t\t\t\t\t\tid=\"product_4317_qty\"\n\t\t\t\t\t\t\t\t\t\t\t\t\tclass=\"input-text qty text\"\n\t\t\t\t\t\t\t\t\t\t\t\t\tvalue=\"1\"\n\t\t\t\t\t\t\t\t\t\t\t\t\tstep=\"1\"\n\t\t\t\t\t\t\t\t\t\t\t\t\tmin=\"1\"\n\t\t\t\t\t\t\t\t\t\t\t\t\tmax=\"\"\n\t\t\t\t\t\t\t\t\t\t\t\t\tname=\"quantity\"\n\t\t\t\t\t\t\t\t\t\t\t\t\ttitle=\"\"\n\t\t\t\t\t\t\t\t\t\t\t\t\tsize=\"4\"\n\t\t\t\t\t\t\t\t\t\t\t\t\tpattern=\"[0-9]*\"\n\t\t\t\t\t\t\t\t\t\t\t\t\tinputmode=\"numeric\"\n\t\t\t\t\t\t\t\t\t\t\t\t\/>\n\t\t\t\t\t\t\t\t\t\t\t<\/div>\n\t\t\t\t\t\t\t\t\t\t<\/span>\n\t\t\t\t\t\t\t\t\t\t\t\t\t\t\t\t\t\t\t\t\t\t\t\t\t\t\t\t\t\t\t\t\t\t\t\t\t\t\t\t\t\t\t\t\t\t\t\t\t\t\t\t\t\t\t\t\t\t\t\t\t\t\t\t\t\t\t\t\t\t\t\t\t\t\t\t\t\t\t\t\t\t\t\t\t\t\t\t\t\t\t\t\t\t\t\t\t\t\t\t\t\t\t\t\t<button\n\t\t\t\t\t\t\t\t\t\t\ttype=\"submit\"\n\t\t\t\t\t\t\t\t\t\t\tclass=\"a2cp_button button alt simple\"\n\t\t\t\t\t\t\t\t\t\t\tdata-pid=\"4317\"\n\t\t\t\t\t\t\t\t\t\t\tdata-vid=\"0\"\n\t\t\t\t\t\t\t\t\t\t\t\t\t\t\t\t\t\t\t\t\t>\n\t\t\t\t\t\t\t\t\t\t\tAdd to cart\t\t\t\t\t\t\t\t\t\t<\/button>\n\t\t\t\t\t\t\t\t\t\t\t\t\t\t\t\t\t\t\t\t\t\t\t\t\t\t\t\t\t\t\t\t\t\t\t\t\t<\/div>\n\t\t\t\t\t\t<\/p>\n                                <div class=\"pt-2 line-total\">\n                                    <div class=\"visible-xs-inline\">Unit Price: <b>174,00 EUR<\/b> \u00b7<\/div>\n                                <\/div>\n                            <\/div>\n                        <\/div>\n                        <div class=\"col-md-2 col-lg-2\">&nbsp;<\/div>\n                    <\/div>\n                    <div class=\"row\">\n                        <div class=\"col-md-12 col-lg-12 text-center\">\n                            <a class=\"btn btn--primary type--uppercase gfb-next-step\" href=\"https:\/\/mouthwash.eu\/en\/start\/krok-2\"> <span class=\"btn__text\"> Krok 2\/3 - Instalacia <\/span> <\/a>\n                        <\/div>\n                    <\/div>\n                <\/div>\n            <\/div>\n            <!--end of row-->\n        <\/div>\n        <!--end of container-->\n    <\/section>[:]","protected":false},"excerpt":{"rendered":"<p>Vyber automatickeho dispenzera Krok 1\/3 V 3 jednoduchych krokoch si vyberte vsetko, co vam vyhovue&#8230; nejaky text. Prosime, zvolte si najskor&#8230;<\/p>\n","protected":false},"author":1,"featured_media":0,"parent":4311,"menu_order":0,"comment_status":"closed","ping_status":"closed","template":"","meta":{"footnotes":""},"class_list":["post-4314","page","type-page","status-publish","hentry"],"_links":{"self":[{"href":"https:\/\/mouthwash.eu\/en\/wp-json\/wp\/v2\/pages\/4314","targetHints":{"allow":["GET"]}}],"collection":[{"href":"https:\/\/mouthwash.eu\/en\/wp-json\/wp\/v2\/pages"}],"about":[{"href":"https:\/\/mouthwash.eu\/en\/wp-json\/wp\/v2\/types\/page"}],"author":[{"embeddable":true,"href":"https:\/\/mouthwash.eu\/en\/wp-json\/wp\/v2\/users\/1"}],"replies":[{"embeddable":true,"href":"https:\/\/mouthwash.eu\/en\/wp-json\/wp\/v2\/comments?post=4314"}],"version-history":[{"count":6,"href":"https:\/\/mouthwash.eu\/en\/wp-json\/wp\/v2\/pages\/4314\/revisions"}],"predecessor-version":[{"id":4557,"href":"https:\/\/mouthwash.eu\/en\/wp-json\/wp\/v2\/pages\/4314\/revisions\/4557"}],"up":[{"embeddable":true,"href":"https:\/\/mouthwash.eu\/en\/wp-json\/wp\/v2\/pages\/4311"}],"wp:attachment":[{"href":"https:\/\/mouthwash.eu\/en\/wp-json\/wp\/v2\/media?parent=4314"}],"curies":[{"name":"wp","href":"https:\/\/api.w.org\/{rel}","templated":true}]}}