{"id":4138,"date":"2020-03-01T12:19:56","date_gmt":"2020-03-01T11:19:56","guid":{"rendered":"https:\/\/mouthwash.bashastudio.sk\/?page_id=4138"},"modified":"2020-07-27T22:01:52","modified_gmt":"2020-07-27T20:01:52","slug":"garancia-vratenia-penazi","status":"publish","type":"page","link":"https:\/\/mouthwash.eu\/en\/garancia-vratenia-penazi\/","title":{"rendered":"Garancia vr\u00e1tenia pe\u0148az\u00ed"},"content":{"rendered":"[:sk]<section class=\"text-center  space--xs\">\n        <div class=\"container\">\n            <div class=\"row\">\n                <div class=\"col-sm-10 col-md-8\">\n                    <h1>30-d\u0148ov\u00e1 garancia vr\u00e1tenia pe\u0148az\u00ed<\/h1>\n                    <p class=\"lead\">Pri prvom n\u00e1kupe v\u00e1m garantujeme mo\u017enos\u0165 vr\u00e1tenia pe\u0148az\u00ed. <span>30-d\u0148ov\u00e1 garancia vr\u00e1tenia pe\u0148az\u00ed, to je mo\u017enos\u0165 si tovar riadne vysk\u00fa\u0161a\u0165 a pr\u00edpadne ho do 30 dn\u00ed bez udania d\u00f4vodu vr\u00e1ti\u0165.<\/span> Ni\u010d neriskujete! Je to tak\u00e9 jednoduch\u00e9! Ponuka vr\u00e1tenia tovaru plat\u00ed pri zaplaten\u00ed tovaru prostredn\u00edctvom eshopu alebo \u00fahradou fakt\u00fary maxim\u00e1lne 3 dni po doru\u010den\u00ed tovaru.<\/p>\n                <\/div>\n            <\/div>\n            <!--end of row-->\n        <\/div>\n        <!--end of container-->\n    <\/section>\n    <section class=\"bg--secondary space--xs\">\n        <div class=\"container\">\n            <div class=\"row\">\n                <div class=\"col-sm-12\">\n                    <h3>Ako to funguje...<\/h3>\n                    <p><span>Pri vr\u00e1ten\u00ed tovaru platia ustanovenia Obchodn\u00fdch podmienok a Reklama\u010dn\u00e9ho poriadku a pravidl\u00e1 Odst\u00fapenia od k\u00fapnej zmluvy.<\/span><br><span>Z\u00e1kazn\u00edk m\u00e1 pr\u00e1vo v r\u00e1mci 30-d\u0148ovej garancie vr\u00e1tenia pe\u0148az\u00ed, tovar rozbali\u0165 a odsk\u00fa\u0161a\u0165 a to v rozsahu potrebnom na zistenie povahy, vlastnost\u00ed a vzh\u013eadu tovaru.<\/span><br><br><span>Pri vr\u00e1ten\u00ed tovaru si pozorne pre\u010d\u00edtajte nasledovn\u00e9:<\/span><br><span>1. 30-d\u0148ov\u00e1 garancia sa vz\u0165ahuje na d\u00e1vkova\u010d. Nevz\u0165ahuje <\/span><span>na<\/span><span> zak\u00fapen\u00fa \u00fastnu vodu a poh\u00e1re.<\/span><br><span>2. Vr\u00e1ten\u00fd tovar mus\u00ed by\u0165 v nepo\u0161kodenom origin\u00e1lnom balen\u00ed vr\u00e1tane pr\u00edslu\u0161enstva. &nbsp; &nbsp; &nbsp; &nbsp; &nbsp; &nbsp; &nbsp; &nbsp; &nbsp;&nbsp;<\/span><br><span>3. Pred vr\u00e1ten\u00edm tovaru n\u00e1s o tom informujte emailom alebo telefonicky.&nbsp; &nbsp; &nbsp; &nbsp; &nbsp; &nbsp; &nbsp; &nbsp; &nbsp; &nbsp; &nbsp; <br><\/span><span><span>4. Odo\u0161lite tovar do 30 dn\u00ed od jeho doru\u010denia na adresu uveden\u00fa v kontaktoch.<br><\/span><\/span><span>5. Z\u00e1sielku po\u0161lite kuri\u00e9rskou spolo\u010dnos\u0165ou. Vr\u00e1ten\u00fd tovar neposielajte na dobierku!<\/span><br><br><span>mouthwash s.r.o. GARANTUJE vr\u00e1tenie pe\u0148az\u00ed za tovar, bez zbyto\u010dn\u00e9ho odkladu, najnesk\u00f4r do 14 dn\u00ed odo d\u0148a vr\u00e1tenia tovaru!<\/span><br><br><span>Peniaze V\u00e1m vr\u00e1time bezhotovostn\u00fdm prevodom na \u00fa\u010det, ktor\u00fd n\u00e1m uvediete.<\/span><\/p>\n                    <p><span>Neposkytujeme 30-d\u0148ov\u00fa garanciu vr\u00e1tenia pe\u0148az\u00ed za \u00famyselne po\u0161koden\u00e9 alebo zni\u010den\u00e9 d\u00e1vkova\u010de resp. uhraden\u00e9 nesk\u00f4r ne\u017e 3 dni po doru\u010den\u00ed tovaru.<\/span><\/p>\n                <\/div>\n            <\/div>\n            <!--end of row-->\n        <\/div>\n        <!--end of container-->\n    <\/section>[:]","protected":false},"excerpt":{"rendered":"<p>30-d\u0148ov\u00e1 garancia vr\u00e1tenia pe\u0148az\u00ed Pri prvom n\u00e1kupe v\u00e1m garantujeme mo\u017enos\u0165 vr\u00e1tenia pe\u0148az\u00ed. 30-d\u0148ov\u00e1 garancia vr\u00e1tenia pe\u0148az\u00ed, to je mo\u017enos\u0165 si tovar&#8230;<\/p>\n","protected":false},"author":1,"featured_media":0,"parent":0,"menu_order":0,"comment_status":"closed","ping_status":"closed","template":"","meta":{"footnotes":""},"class_list":["post-4138","page","type-page","status-publish","hentry"],"_links":{"self":[{"href":"https:\/\/mouthwash.eu\/en\/wp-json\/wp\/v2\/pages\/4138","targetHints":{"allow":["GET"]}}],"collection":[{"href":"https:\/\/mouthwash.eu\/en\/wp-json\/wp\/v2\/pages"}],"about":[{"href":"https:\/\/mouthwash.eu\/en\/wp-json\/wp\/v2\/types\/page"}],"author":[{"embeddable":true,"href":"https:\/\/mouthwash.eu\/en\/wp-json\/wp\/v2\/users\/1"}],"replies":[{"embeddable":true,"href":"https:\/\/mouthwash.eu\/en\/wp-json\/wp\/v2\/comments?post=4138"}],"version-history":[{"count":6,"href":"https:\/\/mouthwash.eu\/en\/wp-json\/wp\/v2\/pages\/4138\/revisions"}],"predecessor-version":[{"id":4851,"href":"https:\/\/mouthwash.eu\/en\/wp-json\/wp\/v2\/pages\/4138\/revisions\/4851"}],"wp:attachment":[{"href":"https:\/\/mouthwash.eu\/en\/wp-json\/wp\/v2\/media?parent=4138"}],"curies":[{"name":"wp","href":"https:\/\/api.w.org\/{rel}","templated":true}]}}