{"id":4134,"date":"2020-03-01T12:13:55","date_gmt":"2020-03-01T11:13:55","guid":{"rendered":"https:\/\/mouthwash.bashastudio.sk\/?page_id=4134"},"modified":"2021-06-06T06:10:10","modified_gmt":"2021-06-06T04:10:10","slug":"predlzena-zaruka","status":"publish","type":"page","link":"https:\/\/mouthwash.eu\/en\/predlzena-zaruka\/","title":{"rendered":"Pred\u013a\u017een\u00e1 z\u00e1ruka"},"content":{"rendered":"[:sk]<section class=\"text-center  space--xs\">\n        <div class=\"container\">\n            <div class=\"row\">\n                <div class=\"col-sm-10 col-md-8\">\n                    <h1>Pred\u013a\u017een\u00e1 z\u00e1ruka<\/h1>\n                    <p class=\"lead\">Sme si ist\u00ed kvalitou n\u00e1\u0161ho v\u00fdrobku a preto pon\u00fakame na v\u00fdrobok pred\u013a\u017een\u00fa 3-ro\u010dn\u00fa z\u00e1ruku.<\/p>\n                    <h3>Formul\u00e1r:<\/h3>\n                    <p><div role=\"form\" class=\"wpcf7\" id=\"wpcf7-f4853-o1\" lang=\"sk-SK\" dir=\"ltr\">\n<div class=\"screen-reader-response\" role=\"alert\" aria-live=\"polite\"><\/div>\n<form action=\"\/en\/wp-json\/wp\/v2\/pages\/4134#wpcf7-f4853-o1\" method=\"post\" class=\"wpcf7-form init\" novalidate=\"novalidate\">\n<div style=\"display: none;\">\n<input type=\"hidden\" name=\"_wpcf7\" value=\"4853\" \/>\n<input type=\"hidden\" name=\"_wpcf7_version\" value=\"5.2.1\" \/>\n<input type=\"hidden\" name=\"_wpcf7_locale\" value=\"sk_SK\" \/>\n<input type=\"hidden\" name=\"_wpcf7_unit_tag\" value=\"wpcf7-f4853-o1\" \/>\n<input type=\"hidden\" name=\"_wpcf7_container_post\" value=\"0\" \/>\n<input type=\"hidden\" name=\"_wpcf7_posted_data_hash\" value=\"\" \/>\n<input type=\"hidden\" name=\"lang\" value=\"en\" \/>\n<input type=\"hidden\" name=\"_wpcf7_recaptcha_response\" value=\"\" \/>\n<\/div>\n<p><label> N\u00e1zov spolo\u010dnosti (*)<br \/>\n    <span class=\"wpcf7-form-control-wrap your-name\"><input type=\"text\" name=\"your-name\" value=\"\" size=\"40\" class=\"wpcf7-form-control wpcf7-text wpcf7-validates-as-required\" aria-required=\"true\" aria-invalid=\"false\" \/><\/span> <\/label><\/p>\n<p><label> \u010c\u00edslo v\u00fdrobku (*)<br \/>\n    <span class=\"wpcf7-form-control-wrap your-number\"><input type=\"text\" name=\"your-number\" value=\"\" size=\"40\" class=\"wpcf7-form-control wpcf7-text wpcf7-validates-as-required\" aria-required=\"true\" aria-invalid=\"false\" \/><\/span> <\/label><\/p>\n<p><br><\/p>\n<p><button type=\"submit\" value=\"Odosla\u0165\" class=\"wpcf7-form-control wpcf7-submit\" \/><\/p>\n<div class=\"wpcf7-response-output\" role=\"alert\" aria-hidden=\"true\"><\/div><\/form><\/div><\/p>\n                <\/div>\n            <\/div>\n            <!--end of row-->\n        <\/div>\n        <!--end of container-->\n    <\/section>\n    <section class=\"bg--secondary space--xs\">\n        <div class=\"container\">\n            <div class=\"row\">\n                <div class=\"col-sm-12\">\n                    <p><strong>Podmienky a pravidl\u00e1 pred\u013a\u017eenej 3-ro\u010dnej z\u00e1ruky<\/strong><\/p>\n                    <ul>\n                        <li>Z\u00e1ruka sa vz\u0165ahuje na ak\u00e9ko\u013evek \u010dasti v\u00fdrobku, na ich pr\u00edpadn\u00e9 zl\u00e9 fungovanie. V pr\u00edpade potreby v\u00fdmeny jednotliv\u00fdch \u010dast\u00ed d\u00e1vkova\u010da v\u00e1m ich prinesieme alebo po\u0161leme bezplatne. Nevz\u0165ahuje sa to na be\u017en\u00e9 opotrebovanie sp\u00f4soben\u00e9 pou\u017e\u00edvan\u00edm a na po\u0161kriabanie pr\u00edstroja. Pokia\u013e d\u00e1vkova\u010d nebude mo\u017en\u00e9 opravi\u0165, vymen\u00edme v\u00e1m ho za rovnak\u00fd model. Pokia\u013e tento model v na\u0161ej ponuke u\u017e nebude, m\u00f4\u017eete si vybra\u0165 in\u00fd model v rovnakej hodnote, v pr\u00edpade vy\u0161\u0161ej ceny doplati\u0165 rozdiel.<\/li>\n                        <li>&nbsp;<\/li>\n                        <li><strong style=\"font-size: 1em;\">N\u00e1klady na prepravu<\/strong><\/li>\n                    <\/ul>\n                    <p><span>Hrad\u00edme v\u0161etky n\u00e1klady na prepravu n\u00e1hradn\u00fdch dielov pri objedn\u00e1vkach do jedn\u00e9ho roka od zak\u00fapenia tovaru. Po prvom roku od zak\u00fapenia tovaru s\u00fa n\u00e1hradn\u00e9 diely st\u00e1le ZADARMO a pokia\u013e sa tieto diely objedn\u00e1vaj\u00fa spolu s \u00fastnou vodou a poh\u00e1rmi, nie s\u00fa \u00fa\u010dtovan\u00e9 \u017eiadne poplatky za prepravu. Ak by ste potrebovali n\u00e1hradn\u00e9 diely bez objednania spotrebn\u00e9ho materi\u00e1lu (\u00fastna voda, poh\u00e1re), \u010dasti s\u00fa st\u00e1le ZADARMO, len n\u00e1klady na prepravu bud\u00fa \u00fa\u010dtovan\u00e9.&nbsp;<\/span><\/p>\n                    <p><strong><span>Potrebn\u00e9 doklady<\/span><\/strong><\/p>\n                    <p><span>Pri v\u00fdmene n\u00e1hradn\u00fdch dielov v\u00e1s po\u017eiadame o \u010d\u00edslo fakt\u00fary zak\u00fapen\u00e9ho d\u00e1vkova\u010da.<\/span><\/p>\n                    <p><strong><span>\u010co sa nevz\u0165ahuje do pred\u013a\u017eenej 3-ro\u010dnej z\u00e1ruky<\/span><\/strong><\/p>\n                    <p>Nie sme schopn\u00ed zahrn\u00fa\u0165 do z\u00e1ruky d\u00e1vkova\u010de, ktor\u00e9 boli nain\u0161talovan\u00e9 nespr\u00e1vne, ktor\u00e9 boli \u00famyselne po\u0161koden\u00e9 alebo zni\u010den\u00e9. Vyhradzujeme si tie\u017e pr\u00e1vo individu\u00e1lneho pos\u00fadenia po\u0161koden\u00fdch resp. nefunk\u010dn\u00fdch d\u00e1vkova\u010dov.&nbsp;<\/p>\n                <\/div>\n            <\/div>\n            <!--end of row-->\n        <\/div>\n        <!--end of container-->\n    <\/section>[:hu]<section class=\"text-center  space--xs\">\n        <div class=\"container\">\n            <div class=\"row\">\n                <div class=\"col-sm-10 col-md-8\">\n                    <h1>Kiterjesztett garancia<\/h1>\n                    <p class=\"lead\">Biztosak vagyunk term\u00e9k\u00fcnk min\u0151s\u00e9g\u00e9ben, ez\u00e9rt kiterjesztett garanci\u00e1t k\u00edn\u00e1lunk a term\u00e9kre.<\/p>\n                    <h3>\u0170rlap:<\/h3>\n                    <p><div role=\"form\" class=\"wpcf7\" id=\"wpcf7-f4853-o2\" lang=\"sk-SK\" dir=\"ltr\">\n<div class=\"screen-reader-response\" role=\"alert\" aria-live=\"polite\"><\/div>\n<form action=\"\/en\/wp-json\/wp\/v2\/pages\/4134#wpcf7-f4853-o2\" method=\"post\" class=\"wpcf7-form init\" novalidate=\"novalidate\">\n<div style=\"display: none;\">\n<input type=\"hidden\" name=\"_wpcf7\" value=\"4853\" \/>\n<input type=\"hidden\" name=\"_wpcf7_version\" value=\"5.2.1\" \/>\n<input type=\"hidden\" name=\"_wpcf7_locale\" value=\"sk_SK\" \/>\n<input type=\"hidden\" name=\"_wpcf7_unit_tag\" value=\"wpcf7-f4853-o2\" \/>\n<input type=\"hidden\" name=\"_wpcf7_container_post\" value=\"0\" \/>\n<input type=\"hidden\" name=\"_wpcf7_posted_data_hash\" value=\"\" \/>\n<input type=\"hidden\" name=\"lang\" value=\"en\" \/>\n<input type=\"hidden\" name=\"_wpcf7_recaptcha_response\" value=\"\" \/>\n<\/div>\n<p><label> N\u00e1zov spolo\u010dnosti (*)<br \/>\n    <span class=\"wpcf7-form-control-wrap your-name\"><input type=\"text\" name=\"your-name\" value=\"\" size=\"40\" class=\"wpcf7-form-control wpcf7-text wpcf7-validates-as-required\" aria-required=\"true\" aria-invalid=\"false\" \/><\/span> <\/label><\/p>\n<p><label> \u010c\u00edslo v\u00fdrobku (*)<br \/>\n    <span class=\"wpcf7-form-control-wrap your-number\"><input type=\"text\" name=\"your-number\" value=\"\" size=\"40\" class=\"wpcf7-form-control wpcf7-text wpcf7-validates-as-required\" aria-required=\"true\" aria-invalid=\"false\" \/><\/span> <\/label><\/p>\n<p><br><\/p>\n<p><button type=\"submit\" value=\"Odosla\u0165\" class=\"wpcf7-form-control wpcf7-submit\" \/><\/p>\n<div class=\"wpcf7-response-output\" role=\"alert\" aria-hidden=\"true\"><\/div><\/form><\/div><\/p>\n                <\/div>\n            <\/div>\n            <!--end of row-->\n        <\/div>\n        <!--end of container-->\n    <\/section>\n    <section class=\"bg--secondary space--xs\">\n        <div class=\"container\">\n            <div class=\"row\">\n                <div class=\"col-sm-12\">\n                    <p><strong>Az kiterjesztett garancia felt\u00e9telei \u00e9s szab\u00e1lyai<\/strong><\/p>\n                    <ul>\n                        <li>A garancia a term\u00e9k minden alkatr\u00e9sz\u00e9re \u00e9s azok esetleges hib\u00e1j\u00e1ra vonatkozik. Ha ki kell cser\u00e9lni az adagol\u00f3 egyes r\u00e9szeit, azokat eljuttatjuk \u00d6nh\u00f6z vagy ingyenesen elk\u00fcldj\u00fck. Ez nem vonatkozik a k\u00e9sz\u00fcl\u00e9k haszn\u00e1lat\u00e1b\u00f3l \u00e9s karcol\u00e1s\u00e1b\u00f3l sz\u00e1rmaz\u00f3 norm\u00e1l kop\u00e1sra. Ha az adagol\u00f3 nem jav\u00edthat\u00f3, akkor kicser\u00e9lj\u00fck egy azonos modell\u0171 \u00faj darabra. Ha ez a modell m\u00e1r nem tal\u00e1lhat\u00f3 meg k\u00edn\u00e1latunkban, akkor v\u00e1laszthat egy m\u00e1sik, azonos \u00e9rt\u00e9k\u0171 modellt, magasabb \u00e1r eset\u00e9n pedig kifizeti a k\u00fcl\u00f6nb\u00f6zetet.<\/li>\n                        <li>&nbsp;<\/li>\n                        <li><strong style=\"font-size: 1em;\">Sz\u00e1ll\u00edt\u00e1si k\u00f6lts\u00e9gek<\/strong><\/li>\n                    <\/ul>\n                    <p><span>A megrendel\u00e9sekhez sz\u00fcks\u00e9ges alkatr\u00e9szek sz\u00e1ll\u00edt\u00e1s\u00e1nak minden k\u00f6lts\u00e9g\u00e9t az \u00e1ru megv\u00e1s\u00e1rl\u00e1s\u00e1t\u00f3l sz\u00e1m\u00edtott egy \u00e9ven bel\u00fcl fedezz\u00fck. Az \u00e1ruk megv\u00e1s\u00e1rl\u00e1s\u00e1t k\u00f6vet\u0151 els\u0151 \u00e9v ut\u00e1n a p\u00f3talkatr\u00e9szek tov\u00e1bbra is INGYENESEK, \u00e9s ha ezeket az alkatr\u00e9szeket a sz\u00e1jv\u00edzzel \u00e9s poharakkal rendeli meg, akkor sz\u00e1ll\u00edt\u00e1si d\u00edjat nem sz\u00e1m\u00edtunk fel. Ha alkatr\u00e9szekre van sz\u00fcks\u00e9ge fogy\u00f3eszk\u00f6z\u00f6k (sz\u00e1jv\u00edz, poharak) megrendel\u00e9se n\u00e9lk\u00fcl, akkor az alkatr\u00e9szek INGYENESEK, csak a sz\u00e1ll\u00edt\u00e1si k\u00f6lts\u00e9get fogjuk sz\u00e1ml\u00e1zni.<\/span><\/p>\n                    <p><strong><span>Sz\u00fcks\u00e9ges okm\u00e1nyok<\/span><\/strong><\/p>\n                    <p><span>P\u00f3talkatr\u00e9szek cser\u00e9jekor k\u00e9rni fogjuk az adottt sz\u00e1jv\u00edz-adagol\u00f3 sz\u00e1ml\u00e1j\u00e1nak sz\u00e1m\u00e1t.<\/span><\/p>\n                    <p><strong><span>Mire nem vonatkozik az kiterjesztett garancia?<\/span><\/strong><\/p>\n                    <p>Nem tudunk garanci\u00e1t ny\u00fajtani a szakszer\u0171tlen\u00fcl felszerelt \u00e9s be\u00fczemelt, a sz\u00e1nd\u00e9kosan megrong\u00e1lt vagy t\u00f6nkretett adagol\u00f3kra. Fenntartjuk a jogot a megrong\u00e1lt vagy meghib\u00e1sodott adagol\u00f3k egy\u00e9ni fel\u00fclvizsg\u00e1lat\u00e1ra.<\/p>\n                <\/div>\n            <\/div>\n            <!--end of row-->\n        <\/div>\n        <!--end of container-->\n    <\/section>[:pl]<section class=\"text-center  space--xs\">\n        <div class=\"container\">\n            <div class=\"row\">\n                <div class=\"col-sm-10 col-md-8\">\n                    <h1>DO\u017bYWOTNIA GWARANCJA<\/h1>\n                    <p class=\"lead\">Jeste\u015bmy pewni jako\u015bci naszego produktu, dlatego oferujemy do\u017cywotni\u0105 gwarancj\u0119 na produkt.<\/p>\n                    <h3>Formul\u00e1r:<\/h3>\n                    <p><div role=\"form\" class=\"wpcf7\" id=\"wpcf7-f4853-o3\" lang=\"sk-SK\" dir=\"ltr\">\n<div class=\"screen-reader-response\" role=\"alert\" aria-live=\"polite\"><\/div>\n<form action=\"\/en\/wp-json\/wp\/v2\/pages\/4134#wpcf7-f4853-o3\" method=\"post\" class=\"wpcf7-form init\" novalidate=\"novalidate\">\n<div style=\"display: none;\">\n<input type=\"hidden\" name=\"_wpcf7\" value=\"4853\" \/>\n<input type=\"hidden\" name=\"_wpcf7_version\" value=\"5.2.1\" \/>\n<input type=\"hidden\" name=\"_wpcf7_locale\" value=\"sk_SK\" \/>\n<input type=\"hidden\" name=\"_wpcf7_unit_tag\" value=\"wpcf7-f4853-o3\" \/>\n<input type=\"hidden\" name=\"_wpcf7_container_post\" value=\"0\" \/>\n<input type=\"hidden\" name=\"_wpcf7_posted_data_hash\" value=\"\" \/>\n<input type=\"hidden\" name=\"lang\" value=\"en\" \/>\n<input type=\"hidden\" name=\"_wpcf7_recaptcha_response\" value=\"\" \/>\n<\/div>\n<p><label> N\u00e1zov spolo\u010dnosti (*)<br \/>\n    <span class=\"wpcf7-form-control-wrap your-name\"><input type=\"text\" name=\"your-name\" value=\"\" size=\"40\" class=\"wpcf7-form-control wpcf7-text wpcf7-validates-as-required\" aria-required=\"true\" aria-invalid=\"false\" \/><\/span> <\/label><\/p>\n<p><label> \u010c\u00edslo v\u00fdrobku (*)<br \/>\n    <span class=\"wpcf7-form-control-wrap your-number\"><input type=\"text\" name=\"your-number\" value=\"\" size=\"40\" class=\"wpcf7-form-control wpcf7-text wpcf7-validates-as-required\" aria-required=\"true\" aria-invalid=\"false\" \/><\/span> <\/label><\/p>\n<p><br><\/p>\n<p><button type=\"submit\" value=\"Odosla\u0165\" class=\"wpcf7-form-control wpcf7-submit\" \/><\/p>\n<div class=\"wpcf7-response-output\" role=\"alert\" aria-hidden=\"true\"><\/div><\/form><\/div><\/p>\n                <\/div>\n            <\/div>\n            <!--end of row-->\n        <\/div>\n        <!--end of container-->\n    <\/section>\n    <section class=\"bg--secondary space--xs\">\n        <div class=\"container\">\n            <div class=\"row\">\n                <div class=\"col-sm-12\">\n                    <p><strong>Warunki do\u017cywotniej gwarancji<\/strong><\/p>\n                    <ul>\n                        <li>Gwarancja obejmuje ka\u017cd\u0105 cz\u0119\u015b\u0107 produktu - za jakiekolwiek wadliwe dzia\u0142anie danej cz\u0119\u015bci. Je\u015bli zajdzie potrzeba wymiany poszczeg\u00f3lnych cz\u0119\u015bci dozownika, przywieziemy je do Ciebie lub prze\u015blemy bezp\u0142atnie. Nie dotyczy to normalnego zu\u017cycia spowodowanego u\u017cytkowaniem i zarysowaniem urz\u0105dzenia. Je\u015bli dozownika nie da si\u0119 naprawi\u0107, wymienimy go na ten sam model. Je\u015bli tego modelu nie ma ju\u017c w naszej ofercie mo\u017cesz wybra\u0107 inny model o tej samej warto\u015bci, w przypadku wy\u017cszej ceny b\u0119dziesz musia\u0142 dop\u0142aci\u0107 jedynie r\u00f3\u017cnic\u0119.<\/li>\n                        <li><strong style=\"font-size: 1em;\">Koszty wysy\u0142ki<\/strong><\/li>\n                    <\/ul>\n                    <p><span>Pokrywamy wszelkie koszty transportu cz\u0119\u015bci zamiennych do zam\u00f3wie\u0144 w ci\u0105gu roku od zakupu towaru. Po pierwszym roku od zakupu towaru cz\u0119\u015bci zamienne s\u0105 nadal BEZP\u0141ATNE i w przypadku zam\u00f3wienia tych cz\u0119\u015bci razem z p\u0142ynem do ust i szklankami nie s\u0105 naliczane \u017cadne op\u0142aty za przesy\u0142k\u0119. Je\u015bli potrzebujesz cz\u0119\u015bci zamiennych bez zamawiania materia\u0142\u00f3w eksploatacyjnych (p\u0142yn do ust, szklanki), cz\u0119\u015bci zamienne s\u0105 nadal BEZP\u0141ATNE, naliczane s\u0105 jedynie koszty przesy\u0142ki.&nbsp;<\/span><\/p>\n                    <p><strong><span>Potrzebne dokumenty<\/span><\/strong><\/p>\n                    <p><span>Przy wymianie cz\u0119\u015bci zamiennych prosimy o podanie numeru faktury zakupionego dozownika.<\/span><\/p>\n                    <p><strong><span>Czego nie obejmuje do\u017cywotnia gwarancja<\/span><\/strong><\/p>\n                    <p>Nie jeste\u015bmy w stanie pokry\u0107 gwarancj\u0105 dozowniki, kt\u00f3re zosta\u0142y nieprawid\u0142owo zainstalowane, zosta\u0142y celowo uszkodzone lub zniszczone. Zastrzegamy sobie r\u00f3wnie\u017c prawo do indywidualnej oceny uszkodzonych lub nieprawid\u0142owo dzia\u0142aj\u0105cych dozownik\u00f3w.<\/p>\n                <\/div>\n            <\/div>\n            <!--end of row-->\n        <\/div>\n        <!--end of container-->\n    <\/section>[:]","protected":false},"excerpt":{"rendered":"<p>Pred\u013a\u017een\u00e1 z\u00e1ruka Sme si ist\u00ed kvalitou n\u00e1\u0161ho v\u00fdrobku a preto pon\u00fakame na v\u00fdrobok pred\u013a\u017een\u00fa 3-ro\u010dn\u00fa z\u00e1ruku. Formul\u00e1r: N\u00e1zov spolo\u010dnosti (*) \u010c\u00edslo&#8230;<\/p>\n","protected":false},"author":1,"featured_media":0,"parent":0,"menu_order":0,"comment_status":"closed","ping_status":"closed","template":"","meta":{"footnotes":""},"class_list":["post-4134","page","type-page","status-publish","hentry"],"_links":{"self":[{"href":"https:\/\/mouthwash.eu\/en\/wp-json\/wp\/v2\/pages\/4134","targetHints":{"allow":["GET"]}}],"collection":[{"href":"https:\/\/mouthwash.eu\/en\/wp-json\/wp\/v2\/pages"}],"about":[{"href":"https:\/\/mouthwash.eu\/en\/wp-json\/wp\/v2\/types\/page"}],"author":[{"embeddable":true,"href":"https:\/\/mouthwash.eu\/en\/wp-json\/wp\/v2\/users\/1"}],"replies":[{"embeddable":true,"href":"https:\/\/mouthwash.eu\/en\/wp-json\/wp\/v2\/comments?post=4134"}],"version-history":[{"count":6,"href":"https:\/\/mouthwash.eu\/en\/wp-json\/wp\/v2\/pages\/4134\/revisions"}],"predecessor-version":[{"id":5018,"href":"https:\/\/mouthwash.eu\/en\/wp-json\/wp\/v2\/pages\/4134\/revisions\/5018"}],"wp:attachment":[{"href":"https:\/\/mouthwash.eu\/en\/wp-json\/wp\/v2\/media?parent=4134"}],"curies":[{"name":"wp","href":"https:\/\/api.w.org\/{rel}","templated":true}]}}