{"id":4471,"date":"2020-04-28T23:02:25","date_gmt":"2020-04-28T21:02:25","guid":{"rendered":"https:\/\/mouthwash.bashastudio.sk\/sk\/?post_type=product&#038;p=4471"},"modified":"2025-11-11T08:11:06","modified_gmt":"2025-11-11T07:11:06","slug":"ustna-voda","status":"publish","type":"product","link":"https:\/\/mouthwash.eu\/cs\/shop\/ustna-voda\/","title":{"rendered":"\u00dastna voda"},"content":{"rendered":"[:sk][:]","protected":false},"excerpt":{"rendered":"<p><span>V pr\u00edpade z\u00e1ujmu o preverenie chuti \u00fastnej vody pred k\u00fapou d\u00e1vkova\u010da si u n\u00e1s m\u00f4\u017eete objedna\u0165 jednu f\u013ea\u0161u.<\/span><\/p>\n<p>V cene je zahrnut\u00e1 doprava.<\/p>\n","protected":false},"featured_media":4687,"template":"","meta":[],"class_list":["post-4471","product","type-product","status-publish","has-post-thumbnail","hentry","product_cat-doplnky"],"_links":{"self":[{"href":"https:\/\/mouthwash.eu\/cs\/wp-json\/wp\/v2\/product\/4471","targetHints":{"allow":["GET"]}}],"collection":[{"href":"https:\/\/mouthwash.eu\/cs\/wp-json\/wp\/v2\/product"}],"about":[{"href":"https:\/\/mouthwash.eu\/cs\/wp-json\/wp\/v2\/types\/product"}],"wp:featuredmedia":[{"embeddable":true,"href":"https:\/\/mouthwash.eu\/cs\/wp-json\/wp\/v2\/media\/4687"}],"wp:attachment":[{"href":"https:\/\/mouthwash.eu\/cs\/wp-json\/wp\/v2\/media?parent=4471"}],"curies":[{"name":"wp","href":"https:\/\/api.w.org\/{rel}","templated":true}]}}