{"id":4290,"date":"2020-03-19T12:26:22","date_gmt":"2020-03-19T11:26:22","guid":{"rendered":"https:\/\/mouthwash.bashastudio.sk\/sk\/?post_type=product&#038;p=4290"},"modified":"2025-11-11T08:09:56","modified_gmt":"2025-11-11T07:09:56","slug":"set-automaticky-davkovac-cierny","status":"publish","type":"product","link":"https:\/\/mouthwash.eu\/cs\/shop\/set-automaticky-davkovac-cierny\/","title":{"rendered":"Automatick\u00fd d\u00e1vkova\u010d &#8211; \u010dierny"},"content":{"rendered":"<h3><span>Presn\u00e9 d\u00e1vkovanie<\/span><\/h3>\n<p><span>D\u00e1vkova\u010d je nastaven\u00fd na v\u00fddaj 15 ml \u00fastnej vody stla\u010den\u00edm tla\u010didla. Po jeho stla\u010den\u00ed vypadne papierov\u00fd poh\u00e1r a automaticky sa napln\u00ed \u00fastnou vodou. Do d\u00e1vkova\u010da vojde 1x 1,5l f\u013ea\u0161a a 50 poh\u00e1rov. Ka\u017ed\u00e1 f\u013ea\u0161a je na 100 pou\u017eit\u00ed. Samotn\u00e9 automatick\u00e9 nastavenie v\u00fddaja 15ml \u00fastnej vody <\/span><span>vedie k ve\u013ek\u00fdm \u00faspor\u00e1m pri pou\u017e\u00edvan\u00ed \u00fastnej vody v porovnan\u00ed s tradi\u010dn\u00fdm nalievan\u00edm z flia\u0161. Do d\u00e1vkova\u010da pasuje \u0161peci\u00e1lne vyroben\u00e1 f\u013ea\u0161a \u00fastnej vody. Je to uzavret\u00fd bezpe\u010dn\u00fd syst\u00e9m, do ktor\u00e9ho nepasuje in\u00e9 balenie.<\/span><\/p>\n<h3><span>\u00a0<\/span><span>Hygiena je z\u00e1klad<\/span><\/h3>\n<p><span>D\u00e1vkova\u010d \u00fastnej vody je v uzamykate\u013enom vonkaj\u0161om obale, odolnom vo\u010di manipul\u00e1cii. To zais\u0165uje, \u017ee \u00fastna voda a poh\u00e1re sa skladuj\u00fa v \u010distom prostred\u00ed, \u010d\u00edm sa \u00faplne eliminuje riziko manipul\u00e1cie s \u00fastnou vodou neopr\u00e1vnen\u00fdm osob\u00e1m. Poskytuje to istotu, \u017ee pr\u00edstroj vyd\u00e1va \u00fastnu vodu bezpe\u010dn\u00fdm a hygienick\u00fdm sp\u00f4sobom. Na trhu neexistuje \u017eiadny in\u00fd syst\u00e9m \u00fastneho oplachovania, ktor\u00fd by zaistil tak\u00e9to hygienicky nez\u00e1vadn\u00e9 pou\u017eitie.<\/span><\/p>\n<h3><span>In\u0161tal\u00e1cia kdeko\u013evek<\/span><\/h3>\n<p><span>D\u00e1vkova\u010d \u00fastnej vody m\u00f4\u017eete namontova\u0165 na stenu, sklo alebo ho ma\u0165 len vo\u013ene polo\u017een\u00fd. Odpor\u00fa\u010da sa, aby bol d\u00e1vkova\u010d namontovan\u00fd na stenu, a t\u00fdm sa zabr\u00e1ni jeho n\u00e1hodn\u00e9mu prevr\u00e1teniu a zni\u010deniu. Ak m\u00e1te ak\u00e9ko\u013evek ot\u00e1zky t\u00fdkaj\u00face sa in\u0161tal\u00e1cie jednotky, pozrite si na na\u0161ej str\u00e1nke video, kde n\u00e1jdete detailn\u00e9 inform\u00e1cie.<\/span><\/p>\n<h3><span>V s\u00falade s EU<\/span><\/h3>\n<p><span>D\u00e1vkova\u010d je navrhnut\u00fd tak, aby plne vyhovoval legislat\u00edve a krit\u00e9ri\u00e1m EU. Ovl\u00e1dacie prvky s\u00fa jednoducho navrhnut\u00e9 pre ka\u017ed\u00e9ho. Jeho jednoduch\u00e1 mont\u00e1\u017e umo\u017e\u0148uje d\u00e1vkova\u010d umiestni\u0165 aj do priestorou s vysokou frekvenciou z\u00e1kazn\u00edkov.<\/span><\/p>\n<h3><span>Inovat\u00edvny produkt<\/span><\/h3>\n<p><span>D\u00e1vkova\u010d bol testovan\u00fd po celej krajine. Je navrhnut\u00fd \u0161peci\u00e1lne pre komer\u010dn\u00e9 vyu\u017eitie v n\u00e1kupn\u00fdch centr\u00e1ch, v re\u0161taur\u00e1ci\u00e1ch, hoteloch, na letisk\u00e1ch, v golfov\u00fdch rezortoch, kancel\u00e1rskych budov\u00e1ch, divadl\u00e1ch, zdravotn\u00edckych stredisk\u00e1ch ale pou\u017e\u00edva ho aj ve\u013ea dom\u00e1cnost\u00ed.<\/span><\/p>\n<h3><span>Fakty<\/span><\/h3>\n<p><span>D\u00e1vkova\u010d funguje iba s origin\u00e1lnymi f\u013ea\u0161ami CAF Mouthwash a \u0161peci\u00e1lne vyroben\u00fdmi ekologick\u00fdmi poh\u00e1rmi na \u00fastnu vodu od spolo\u010dnosti mouthwash s.r.o.<\/span><\/p>\n","protected":false},"excerpt":{"rendered":"<p><span>Automatick\u00fd d\u00e1vkova\u010d \u00fastnej vody je navrhnut\u00fd tak, aby pon\u00fakol poh\u00e1r \u00fastnej vody na vysokej hygienickej \u00farovni pre ka\u017ed\u00e9ho u\u017e\u00edvate\u013ea. Stla\u010den\u00edm tla\u010didla sa napln\u00ed v\u00e1\u0161 poh\u00e1r, \u010d\u00edm je jeho u\u017e\u00edvanie hygienick\u00e9 a bezprobl\u00e9mov\u00e9.<\/span><\/p>\n","protected":false},"featured_media":4546,"template":"","meta":[],"class_list":["post-4290","product","type-product","status-publish","has-post-thumbnail","hentry","product_cat-davkovace"],"_links":{"self":[{"href":"https:\/\/mouthwash.eu\/cs\/wp-json\/wp\/v2\/product\/4290","targetHints":{"allow":["GET"]}}],"collection":[{"href":"https:\/\/mouthwash.eu\/cs\/wp-json\/wp\/v2\/product"}],"about":[{"href":"https:\/\/mouthwash.eu\/cs\/wp-json\/wp\/v2\/types\/product"}],"wp:featuredmedia":[{"embeddable":true,"href":"https:\/\/mouthwash.eu\/cs\/wp-json\/wp\/v2\/media\/4546"}],"wp:attachment":[{"href":"https:\/\/mouthwash.eu\/cs\/wp-json\/wp\/v2\/media?parent=4290"}],"curies":[{"name":"wp","href":"https:\/\/api.w.org\/{rel}","templated":true}]}}