{"id":4933,"date":"2020-10-06T00:31:41","date_gmt":"2020-10-05T22:31:41","guid":{"rendered":"https:\/\/mouthwash.eu\/sk\/?page_id=4933"},"modified":"2020-10-06T00:42:43","modified_gmt":"2020-10-05T22:42:43","slug":"videa","status":"publish","type":"page","link":"https:\/\/mouthwash.eu\/cs\/videa\/","title":{"rendered":"Vide\u00e1"},"content":{"rendered":"[:sk]<section class=\"text-center  space--xs\">\n        <div class=\"container\">\n            <div class=\"row\">\n                <div class=\"col-sm-10 col-md-8\">\n                    <h1>Vide\u00e1<\/h1>\n                <\/div>\n            <\/div>\n            <!--end of row-->\n        <\/div>\n        <!--end of container-->\n    <\/section>\n    <section class=\"switchable feature-large  bg--secondary space--xs\">\n        <div class=\"container\">\n            <div class=\"row\">\n                <div class=\"col-sm-6 col-xs-12\">\n                    <div class=\"video-cover border--round box-shadow-wide\">\n                        <div class=\"video-play-icon\"><\/div> <iframe allowfullscreen=\"allowfullscreen\" src=\"https:\/\/www.youtube.com\/embed\/pGrRBVOAzu8?autoplay=1\"><\/iframe> <\/div>\n                    <!--end video cover-->\n                <\/div>\n                <div class=\"col-sm-6 col-md-5\">\n                    <div class=\"switchable__text\">\n                        <h2>CAF Mouthwash<\/h2>\n                        <p class=\"lead\">Novinka na trhu. D\u00e1vkova\u010d \u00fastnej vody!<\/p>\n                        <p class=\"lead\">S\u00fa\u010das\u0165 ka\u017edej \u00faspe\u0161nej spolo\u010dnosti.<\/p>\n                        <p class=\"lead\">Vymyslen\u00e9 k dokonalosti za v\u00e1s.<\/p>\n                    <\/div>\n                <\/div>\n            <\/div>\n            <!--end of row-->\n        <\/div>\n        <!--end of container-->\n    <\/section>[:]","protected":false},"excerpt":{"rendered":"<p>Vide\u00e1 CAF Mouthwash Novinka na trhu. D\u00e1vkova\u010d \u00fastnej vody! S\u00fa\u010das\u0165 ka\u017edej \u00faspe\u0161nej spolo\u010dnosti. Vymyslen\u00e9 k dokonalosti za v\u00e1s.<\/p>\n","protected":false},"author":1,"featured_media":0,"parent":0,"menu_order":0,"comment_status":"closed","ping_status":"closed","template":"","meta":{"footnotes":""},"class_list":["post-4933","page","type-page","status-publish","hentry"],"_links":{"self":[{"href":"https:\/\/mouthwash.eu\/cs\/wp-json\/wp\/v2\/pages\/4933","targetHints":{"allow":["GET"]}}],"collection":[{"href":"https:\/\/mouthwash.eu\/cs\/wp-json\/wp\/v2\/pages"}],"about":[{"href":"https:\/\/mouthwash.eu\/cs\/wp-json\/wp\/v2\/types\/page"}],"author":[{"embeddable":true,"href":"https:\/\/mouthwash.eu\/cs\/wp-json\/wp\/v2\/users\/1"}],"replies":[{"embeddable":true,"href":"https:\/\/mouthwash.eu\/cs\/wp-json\/wp\/v2\/comments?post=4933"}],"version-history":[{"count":6,"href":"https:\/\/mouthwash.eu\/cs\/wp-json\/wp\/v2\/pages\/4933\/revisions"}],"predecessor-version":[{"id":4940,"href":"https:\/\/mouthwash.eu\/cs\/wp-json\/wp\/v2\/pages\/4933\/revisions\/4940"}],"wp:attachment":[{"href":"https:\/\/mouthwash.eu\/cs\/wp-json\/wp\/v2\/media?parent=4933"}],"curies":[{"name":"wp","href":"https:\/\/api.w.org\/{rel}","templated":true}]}}