{"id":4128,"date":"2020-03-01T03:52:12","date_gmt":"2020-03-01T02:52:12","guid":{"rendered":"https:\/\/mouthwash.bashastudio.sk\/?page_id=4128"},"modified":"2020-09-07T01:07:33","modified_gmt":"2020-09-06T23:07:33","slug":"casto-kladene-otazky","status":"publish","type":"page","link":"https:\/\/mouthwash.eu\/cs\/casto-kladene-otazky\/","title":{"rendered":"\u010casto kladen\u00e9 ot\u00e1zky"},"content":{"rendered":"[:sk]<section class=\"text-center  space--xs\">\n        <div class=\"container\">\n            <div class=\"row\">\n                <div class=\"col-sm-10 col-md-8\">\n                    <h1>\u010casto kladen\u00e9 ot\u00e1zky<\/h1>\n                    <p class=\"lead\">Zoznam naj\u010dastej\u0161\u00edch ot\u00e1zok, ktor\u00e9 sa p\u00fdtate. Ak aj napriek tomu nen\u00e1jdete odpove\u010f na va\u0161u ot\u00e1zku, kedyko\u013evek n\u00e1s kontaktujte.<\/p>\n                <\/div>\n            <\/div>\n            <!--end of row-->\n        <\/div>\n        <!--end of container-->\n    <\/section>\n    <section class=\"bg--secondary space--xs\">\n        <div class=\"container\">\n            <div class=\"row\">\n                <div class=\"col-sm-12\">\n                    <h3><strong><span>Ako r\u00fdchlo sa min\u00fa z\u00e1soby poh\u00e1rov a \u00fastnej vody?<\/span><\/strong><\/h3>\n                    <p><span>Z\u00e1vis\u00ed to od mno\u017estva va\u0161ich z\u00e1kazn\u00edkov. V priemere jedna prev\u00e1dzka, ktor\u00e1 m\u00e1 dva d\u00e1vkova\u010de pre pansk\u00fa a d\u00e1msku toaletu, spotrebuje \u0161tyri a\u017e \u0161es\u0165 flia\u0161 \u00fastnej vody mesa\u010dne. Ka\u017ed\u00e1 f\u013ea\u0161a \u00fastnej vody je na 100 d\u00e1vok. Jedna d\u00e1vka je 15 ml. Ka\u017ed\u00e9 balenie obsahuje 6x 1500ml \u00fastnej vody a 600 poh\u00e1rov.<\/span><\/p>\n                    <h3><strong><span>Poskytujete aj nejak\u00e9 z\u013eavy?<\/span><\/strong><\/h3>\n                    <p><span>Bohu\u017eia\u013e z\u013eavy neposkytujeme. Sna\u017eili sme sa vytvori\u0165 cenu, ktor\u00e1 je dostupn\u00e1 pre ka\u017ed\u00e9ho. Z tohto d\u00f4vodu je cena, ktor\u00fa vid\u00edte, na\u0161ou najlep\u0161ou ponukou. Ak m\u00e1te ak\u00e9ko\u013evek ot\u00e1zky t\u00fdkaj\u00face sa cien, nev\u00e1hajte n\u00e1s kontaktova\u0165.<\/span><\/p>\n                    <h3><strong><span>Ako dlho trv\u00e1 doru\u010denie z\u00e1sielky?<\/span><\/strong><\/h3>\n                    <p><span>V\u0161etky na\u0161e v\u00fdrobky s\u00fa dod\u00e1van\u00e9 z n\u00e1\u0161ho hlavn\u00e9ho skladu v Trnave. Ak je objedn\u00e1vka zadan\u00e1 do 13:00 hod, bude odoslan\u00e1 v ten ist\u00fd pracovn\u00fd de\u0148. Ak chcete z\u00edska\u0165 \u010fal\u0161ie podrobnosti, <a href=\"https:\/\/mouthwash.eu\/cs\/kontakt\">kontaktujte n\u00e1s.<\/a><\/span><\/p>\n                    <h3><strong><span>M\u00e1te k dispoz\u00edcii aj \u0161tandardn\u00fd postup \u010distenia pr\u00edstroja?<\/span><\/strong><\/h3>\n                    <p>\u00c1no, na na\u0161ej str\u00e1nke n\u00e1jdete presn\u00fd postup \u010distenia aj instal\u00e1cie.<\/p>\n                    <h3><strong><span>Kde je ide\u00e1lne umiestni\u0165 v\u00e1\u0161 d\u00e1vkova\u010d?<\/span><\/strong><\/h3>\n                    <p>D\u00e1vkova\u010de sa ide\u00e1lne hodia do n\u00e1kupn\u00fdch centier, hotelov, re\u0161taur\u00e1ci\u00ed, na \u010derpacie stanice, letisk\u00e1, biznis centr\u00e1, zubn\u00e9 ambulancie, ale aj do dom\u00e1cnost\u00ed.<\/p>\n                    <h3><strong><span>Ke\u010f nie som spokojn\u00fd s d\u00e1vkova\u010dom, m\u00f4\u017eem ho vr\u00e1ti\u0165?<\/span><\/strong><\/h3>\n                    <p>Pon\u00fakame v\u00e1m 30 d\u0148ov\u00fa garanciu vr\u00e1tenia pe\u0148az\u00ed. Ak si v\u00fdrobok po vysk\u00fa\u0161an\u00ed neosvoj\u00edte, m\u00f4\u017eete n\u00e1m ho do 30 dn\u00ed vr\u00e1ti\u0165 a my v\u00e1m vr\u00e1time peniaze.<\/p>\n                    <h3><strong><span>Ak\u00e1 je trvanlivos\u0165 \u00fastnej vody?<\/span><\/strong><\/h3>\n                    <p>Doba trvanlivosti je 3 roky od d\u00e1tumu uveden\u00e9ho na obale.<\/p>\n                    <p>&nbsp;<\/p>\n                <\/div>\n            <\/div>\n            <!--end of row-->\n        <\/div>\n        <!--end of container-->\n    <\/section>[:hu]<section class=\"text-center  space--xs\">\n        <div class=\"container\">\n            <div class=\"row\">\n                <div class=\"col-sm-10 col-md-8\">\n                    <h1>Gyakran ism\u00e9telt k\u00e9rd\u00e9sek<\/h1>\n                    <p class=\"lead\">\u00d6sszefoglaltuk a leggyakrabban feltett k\u00e9rd\u00e9sek list\u00e1j\u00e1t. Ha itt sem tal\u00e1l v\u00e1laszt k\u00e9rd\u00e9s\u00e9re, b\u00e1rmikor l\u00e9pjen kapcsolatba vel\u00fcnk.<\/p>\n                <\/div>\n            <\/div>\n            <!--end of row-->\n        <\/div>\n        <!--end of container-->\n    <\/section>\n    <section class=\"bg--secondary space--xs\">\n        <div class=\"container\">\n            <div class=\"row\">\n                <div class=\"col-sm-12\">\n                    <h3><strong><span>Milyen gyorsan fogynak a poharak \u00e9s a sz\u00e1jv\u00edz?<\/span><\/strong><\/h3>\n                    <p><span>Ez az \u00fcgyfelek sz\u00e1m\u00e1t\u00f3l f\u00fcgg. P\u00e9ld\u00e1ul egy \u00fczlet vagy \u00e9tterem, ahol k\u00e9t adagol\u00f3 tal\u00e1lhat\u00f3 a f\u00e9rfi \u00e9s n\u0151i toaletten, \u00e1tlagban n\u00e9gy-hat flakont haszn\u00e1l el havonta. Minden flakon sz\u00e1jv\u00edz 100 adagot tartalmaz. Egy adag 15 ml. Minden csomagol\u00e1s 6x 1500ml sz\u00e1jvizet \u00e9s 600 poharat tartalmaz.<\/span><\/p>\n                    <h3><strong><span>K\u00edn\u00e1lnak kedvezm\u00e9nyeket is?\n<\/span><\/strong><\/h3>\n                    <p><span>Kedvezm\u00e9nyeket sajnos nem k\u00edn\u00e1lunk. Igyekezt\u00fcnk mindenki sz\u00e1m\u00e1ra el\u00e9rhet\u0151 \u00e1rat megszabni. Ez\u00e9rt a term\u00e9kek mellett felt\u00fcntetett \u00e1r a lehet\u0151 legjobb k\u00edn\u00e1latunk. Ha b\u00e1rmilyen k\u00e9rd\u00e9se lenne az \u00e1rral kapcsolatban, l\u00e9pjen kapcsolatba vel\u00fcnk.<\/span><\/p>\n                    <h3><strong><span>Mennyi id\u0151be telik a k\u00fcldem\u00e9ny kisz\u00e1ll\u00edt\u00e1sa?\n<\/span><\/strong><\/h3>\n                    <p><span>Minden term\u00e9ket a nagyszombati (Trnava) k\u00f6zponti rakt\u00e1runkb\u00f3l sz\u00e1ll\u00edtunk. Ha munkanapokon 13:00 \u00f3r\u00e1ig megkapjuk a rendel\u00e9st, m\u00e9g aznap elk\u00fcldj\u00fck. Tov\u00e1bbi r\u00e9szletek\u00e9rt, l\u00e9pjen .\n <a href=\"https:\/\/mouthwash.eu\/cs\/kontakt\">kapcsolatba vel\u00fcnk.<\/a><\/span><\/p>\n                    <h3><strong><span>El\u00e9rhet\u0151 a k\u00e9sz\u00fcl\u00e9k tiszt\u00edt\u00e1s\u00e1nak standard elj\u00e1r\u00e1sa is?\n<\/span><\/strong><\/h3>\n                    <p>Igen, az oldalunkon megtal\u00e1lja a tiszt\u00edt\u00e1s \u00e9s a be\u00fczemel\u00e9s pontos menet\u00e9t. <\/p>\n                    <h3><strong><span>Hov\u00e1 ide\u00e1lis elhelyezni az adagol\u00f3t?\n<\/span><\/strong><\/h3>\n                    <p>Az adagol\u00f3k alkalmasak p\u00e9ld\u00e1ul \u00e1ruh\u00e1zakba, sz\u00e1llod\u00e1kba, \u00e9ttermekbe, benzinkutakra, rep\u00fcl\u0151terekre, irodah\u00e1zakba, fogorvosi rendel\u0151kbe, de h\u00e1ztart\u00e1sokba is. <\/p>\n                    <h3><strong><span>Ha nem vagyok el\u00e9gedett az adagol\u00f3val, visszak\u00fcldhetem?\n<\/span><\/strong><\/h3>\n                    <p>30 napos p\u00e9nzvisszafizet\u00e9si garanci\u00e1t k\u00edn\u00e1lunk. Ha a kipr\u00f3b\u00e1l\u00e1sa ut\u00e1n nem azonosul a term\u00e9kkel, 30 napon bel\u00fcl visszak\u00fcldheti \u00e9s mi visszautaljuk \u00d6nnek a v\u00e9tel\u00e1rat.<\/p>\n                    <h3><strong><span>Milyen a sz\u00e1jv\u00edz szavatoss\u00e1ga?\n<\/span><\/strong><\/h3> A szavatoss\u00e1g h\u00e1rom \u00e9v a csomagol\u00e1son felt\u00fcntetett id\u0151pontt\u00f3l.<\/div>\n            <\/div>\n            <!--end of row-->\n        <\/div>\n        <!--end of container-->\n    <\/section>[:]","protected":false},"excerpt":{"rendered":"<p>\u010casto kladen\u00e9 ot\u00e1zky Zoznam naj\u010dastej\u0161\u00edch ot\u00e1zok, ktor\u00e9 sa p\u00fdtate. Ak aj napriek tomu nen\u00e1jdete odpove\u010f na va\u0161u ot\u00e1zku, kedyko\u013evek n\u00e1s kontaktujte&#8230;.<\/p>\n","protected":false},"author":1,"featured_media":0,"parent":0,"menu_order":0,"comment_status":"closed","ping_status":"closed","template":"","meta":{"footnotes":""},"class_list":["post-4128","page","type-page","status-publish","hentry"],"_links":{"self":[{"href":"https:\/\/mouthwash.eu\/cs\/wp-json\/wp\/v2\/pages\/4128","targetHints":{"allow":["GET"]}}],"collection":[{"href":"https:\/\/mouthwash.eu\/cs\/wp-json\/wp\/v2\/pages"}],"about":[{"href":"https:\/\/mouthwash.eu\/cs\/wp-json\/wp\/v2\/types\/page"}],"author":[{"embeddable":true,"href":"https:\/\/mouthwash.eu\/cs\/wp-json\/wp\/v2\/users\/1"}],"replies":[{"embeddable":true,"href":"https:\/\/mouthwash.eu\/cs\/wp-json\/wp\/v2\/comments?post=4128"}],"version-history":[{"count":6,"href":"https:\/\/mouthwash.eu\/cs\/wp-json\/wp\/v2\/pages\/4128\/revisions"}],"predecessor-version":[{"id":4924,"href":"https:\/\/mouthwash.eu\/cs\/wp-json\/wp\/v2\/pages\/4128\/revisions\/4924"}],"wp:attachment":[{"href":"https:\/\/mouthwash.eu\/cs\/wp-json\/wp\/v2\/media?parent=4128"}],"curies":[{"name":"wp","href":"https:\/\/api.w.org\/{rel}","templated":true}]}}